{"id":3387,"date":"2025-09-03T10:41:58","date_gmt":"2025-09-03T08:41:58","guid":{"rendered":"https:\/\/co2winery.com\/?page_id=3387"},"modified":"2025-12-09T02:27:01","modified_gmt":"2025-12-09T01:27:01","slug":"co2-sensors","status":"publish","type":"page","link":"https:\/\/co2winery.com\/it\/co2-sensors\/","title":{"rendered":"Sensori di CO2"},"content":{"rendered":"<div data-elementor-type=\"wp-page\" data-elementor-id=\"3387\" class=\"elementor elementor-3387\" data-elementor-post-type=\"page\">\n\t\t\t\t<div class=\"elementor-element elementor-element-46caeab8 e-flex e-con-boxed e-con e-parent\" data-id=\"46caeab8\" data-element_type=\"container\">\n\t\t\t\t\t<div class=\"e-con-inner\">\n\t\t<div class=\"elementor-element elementor-element-d314be2 e-con-full e-flex e-con e-child\" data-id=\"d314be2\" data-element_type=\"container\">\n\t\t<div class=\"elementor-element elementor-element-210557f2 e-flex e-con-boxed e-con e-child\" data-id=\"210557f2\" data-element_type=\"container\" data-settings=\"{&quot;background_background&quot;:&quot;gradient&quot;,&quot;shape_divider_bottom&quot;:&quot;waves&quot;}\">\n\t\t\t\t\t<div class=\"e-con-inner\">\n\t\t\t\t<div class=\"elementor-shape elementor-shape-bottom\" data-negative=\"false\">\n\t\t\t<svg xmlns=\"http:\/\/www.w3.org\/2000\/svg\" viewbox=\"0 0 1000 100\" preserveaspectratio=\"none\">\n\t<path class=\"elementor-shape-fill\" d=\"M421.9,6.5c22.6-2.5,51.5,0.4,75.5,5.3c23.6,4.9,70.9,23.5,100.5,35.7c75.8,32.2,133.7,44.5,192.6,49.7\tc23.6,2.1,48.7,3.5,103.4-2.5c54.7-6,106.2-25.6,106.2-25.6V0H0v30.3c0,0,72,32.6,158.4,30.5c39.2-0.7,92.8-6.7,134-22.4\tc21.2-8.1,52.2-18.2,79.7-24.2C399.3,7.9,411.6,7.5,421.9,6.5z\"\/>\n<\/svg>\t\t<\/div>\n\t\t\t\t<div class=\"elementor-element elementor-element-6a412548 elementor-widget elementor-widget-heading\" data-id=\"6a412548\" data-element_type=\"widget\" data-widget_type=\"heading.default\">\n\t\t\t\t<div class=\"elementor-widget-container\">\n\t\t\t\t\t<h2 class=\"elementor-heading-title elementor-size-default\">Le nostre soluzioni<\/h2>\t\t\t\t<\/div>\n\t\t\t\t<\/div>\n\t\t\t\t<div class=\"elementor-element elementor-element-4b854be2 elementor-widget-divider--view-line elementor-widget elementor-widget-divider\" data-id=\"4b854be2\" data-element_type=\"widget\" data-widget_type=\"divider.default\">\n\t\t\t\t<div class=\"elementor-widget-container\">\n\t\t\t\t\t\t\t<div class=\"elementor-divider\">\n\t\t\t<span class=\"elementor-divider-separator\">\n\t\t\t\t\t\t<\/span>\n\t\t<\/div>\n\t\t\t\t\t\t<\/div>\n\t\t\t\t<\/div>\n\t\t\t\t<div class=\"elementor-element elementor-element-c947b2 elementor-widget elementor-widget-heading\" data-id=\"c947b2\" data-element_type=\"widget\" data-widget_type=\"heading.default\">\n\t\t\t\t<div class=\"elementor-widget-container\">\n\t\t\t\t\t<h2 class=\"elementor-heading-title elementor-size-default\">Sensore di CO2<\/h2>\t\t\t\t<\/div>\n\t\t\t\t<\/div>\n\t\t\t\t\t<\/div>\n\t\t\t\t<\/div>\n\t\t\t\t<\/div>\n\t\t\t\t\t<\/div>\n\t\t\t\t<\/div>\n\t\t\t\t<section class=\"elementor-section elementor-top-section elementor-element elementor-element-2a49e3a elementor-section-full_width elementor-section-height-default elementor-section-height-default\" data-id=\"2a49e3a\" data-element_type=\"section\">\n\t\t\t\t\t\t<div class=\"elementor-container elementor-column-gap-default\">\n\t\t\t\t\t<div class=\"elementor-column elementor-col-100 elementor-top-column elementor-element elementor-element-18557c5b\" data-id=\"18557c5b\" data-element_type=\"column\">\n\t\t\t<div class=\"elementor-widget-wrap elementor-element-populated\">\n\t\t\t\t\t\t<div class=\"elementor-element elementor-element-1d368ccd elementor-widget elementor-widget-spacer\" data-id=\"1d368ccd\" data-element_type=\"widget\" data-widget_type=\"spacer.default\">\n\t\t\t\t<div class=\"elementor-widget-container\">\n\t\t\t\t\t\t\t<div class=\"elementor-spacer\">\n\t\t\t<div class=\"elementor-spacer-inner\"><\/div>\n\t\t<\/div>\n\t\t\t\t\t\t<\/div>\n\t\t\t\t<\/div>\n\t\t\t\t\t<\/div>\n\t\t<\/div>\n\t\t\t\t\t<\/div>\n\t\t<\/section>\n\t\t<div class=\"elementor-element elementor-element-4d2229db e-flex e-con-boxed e-con e-parent\" data-id=\"4d2229db\" data-element_type=\"container\">\n\t\t\t\t\t<div class=\"e-con-inner\">\n\t\t<div class=\"elementor-element elementor-element-56555fa8 e-con-full e-flex e-con e-child\" data-id=\"56555fa8\" data-element_type=\"container\">\n\t\t<div class=\"elementor-element elementor-element-17226d09 e-con-full e-flex e-con e-child\" data-id=\"17226d09\" data-element_type=\"container\">\n\t\t<div class=\"elementor-element elementor-element-18c0b8f6 e-con-full e-flex e-con e-child\" data-id=\"18c0b8f6\" data-element_type=\"container\">\n\t\t\t\t<div class=\"elementor-element elementor-element-5624204 elementor-widget elementor-widget-image\" data-id=\"5624204\" data-element_type=\"widget\" data-widget_type=\"image.default\">\n\t\t\t\t<div class=\"elementor-widget-container\">\n\t\t\t\t\t\t\t\t\t\t\t\t\t\t\t<img fetchpriority=\"high\" decoding=\"async\" width=\"875\" height=\"1238\" src=\"https:\/\/co2winery.com\/wp-content\/uploads\/2025\/11\/Plan-de-travail-1@300x.png\" class=\"attachment-full size-full wp-image-3452\" alt=\"\" srcset=\"https:\/\/co2winery.com\/wp-content\/uploads\/2025\/11\/Plan-de-travail-1@300x.png 875w, https:\/\/co2winery.com\/wp-content\/uploads\/2025\/11\/Plan-de-travail-1@300x-212x300.png 212w, https:\/\/co2winery.com\/wp-content\/uploads\/2025\/11\/Plan-de-travail-1@300x-724x1024.png 724w, https:\/\/co2winery.com\/wp-content\/uploads\/2025\/11\/Plan-de-travail-1@300x-768x1087.png 768w, https:\/\/co2winery.com\/wp-content\/uploads\/2025\/11\/Plan-de-travail-1@300x-8x12.png 8w\" sizes=\"(max-width: 875px) 100vw, 875px\" \/>\t\t\t\t\t\t\t\t\t\t\t\t\t\t\t<\/div>\n\t\t\t\t<\/div>\n\t\t\t\t<\/div>\n\t\t\t\t<div class=\"elementor-element elementor-element-287a7d7a elementor-widget elementor-widget-spacer\" data-id=\"287a7d7a\" data-element_type=\"widget\" data-widget_type=\"spacer.default\">\n\t\t\t\t<div class=\"elementor-widget-container\">\n\t\t\t\t\t\t\t<div class=\"elementor-spacer\">\n\t\t\t<div class=\"elementor-spacer-inner\"><\/div>\n\t\t<\/div>\n\t\t\t\t\t\t<\/div>\n\t\t\t\t<\/div>\n\t\t<div class=\"elementor-element elementor-element-3cacc445 e-con-full e-flex e-con e-child\" data-id=\"3cacc445\" data-element_type=\"container\">\n\t\t\t\t<div class=\"elementor-element elementor-element-3fa712c3 elementor-widget elementor-widget-text-editor\" data-id=\"3fa712c3\" data-element_type=\"widget\" data-widget_type=\"text-editor.default\">\n\t\t\t\t<div class=\"elementor-widget-container\">\n\t\t\t\t\t\t\t\t\t<p class=\" translation-block\">CO2 Winery trasforma il <strong>CO2 fermentativo delle vasche<\/strong> in una <strong>risorsa preziosa per i viticoltori<\/strong>.<\/p><p class=\" translation-block\">Grazie alla nostra <b>CO2 Box<\/b>, <strong>analizziamo, purifichiamo e comprimiamo<\/strong> questo gas che viene poi <strong>stoccato<\/strong> in modo sicuro in rack di stoccaggio, pronto per essere riutilizzato. Questo approccio rientra in una <strong>strategia di economia circolare<\/strong>, consentendo di ridurre le perdite di CO2 e di <strong>trasformare questo scarto<\/strong> in un <strong>vantaggio per la cantina<\/strong>.<\/p><div class=\"page\" title=\"Pagina 1\"><div class=\"section\"><div class=\"layoutArea\"><div class=\"column\"><p>Distribuito da <strong data-start=\"274\" data-end=\"282\">2023<\/strong> nelle cantine di Ch\u00e2teau Latour e di <strong>2024<\/strong> nella cantina di Ch\u00e2teau Dillon, i sensori <strong data-start=\"329\" data-end=\"356\">sorveglianza CO\u2082<\/strong>\u00a0fornire una risposta tecnologica concreta alle sfide della sicurezza e della qualit\u00e0 dell'aria.<br data-start=\"478\" data-end=\"481\" \/>Visita <strong data-start=\"484\" data-end=\"492\">2025<\/strong>la soluzione si \u00e8 evoluta con un <strong data-start=\"524\" data-end=\"549\">applicazione rinforzata<\/strong>Combina prestazioni, visualizzazione in tempo reale e allarmi di prevenzione automatizzati.<\/p><\/div><\/div><\/div><\/div><p><em>Per saperne di pi\u00f9 sul Sensore di CO2, vedere di seguito.<\/em><\/p>\t\t\t\t\t\t\t\t<\/div>\n\t\t\t\t<\/div>\n\t\t\t\t<\/div>\n\t\t\t\t<\/div>\n\t\t\t\t<\/div>\n\t\t\t\t\t<\/div>\n\t\t\t\t<\/div>\n\t\t<div class=\"elementor-element elementor-element-b06742b e-flex e-con-boxed e-con e-parent\" data-id=\"b06742b\" data-element_type=\"container\">\n\t\t\t\t\t<div class=\"e-con-inner\">\n\t\t<div class=\"elementor-element elementor-element-a9bc9ce e-con-full e-flex e-con e-child\" data-id=\"a9bc9ce\" data-element_type=\"container\">\n\t\t\t\t<div class=\"elementor-element elementor-element-9313fcc elementor-widget elementor-widget-text-editor\" data-id=\"9313fcc\" data-element_type=\"widget\" data-widget_type=\"text-editor.default\">\n\t\t\t\t<div class=\"elementor-widget-container\">\n\t\t\t\t\t\t\t\t\t<h3 data-start=\"651\" data-end=\"704\"><b>Monitoraggio in tempo reale<\/b><\/h3><ul data-start=\"705\" data-end=\"923\"><li data-start=\"705\" data-end=\"773\"><p data-start=\"707\" data-end=\"773\">2 tipi di sensori di CO2 ambientale collegati, a seconda dei problemi di sicurezza e della configurazione di ogni cantina:<\/p><\/li><li data-start=\"705\" data-end=\"773\"><p data-start=\"707\" data-end=\"773\">1) Trasmissione dei dati <strong data-start=\"805\" data-end=\"841\">cablata via modbus.\u00a0<\/strong><\/p><\/li><li data-start=\"774\" data-end=\"844\"><p data-start=\"776\" data-end=\"844\"><strong data-start=\"805\" data-end=\"841\"><span style=\"font-weight: 400;\">2) Trasmissione dei dati tramite IoT: <\/span>rete wireless a basso consumo con\u00a0<\/strong><span style=\"font-weight: bold;\" data-start=\"805\" data-end=\"841\">Protocollo LoRaWAN\u00a0<\/span>(Long Range Wide Area Network). Il vantaggio di questo tipo di sensore \u00e8 che pu\u00f2 essere installato in modo rapido ed estetico, senza necessit\u00e0 di calibrazione.<\/p><\/li><li data-start=\"845\" data-end=\"923\"><p data-start=\"847\" data-end=\"923\">Monitoraggio continuo delle concentrazioni di CO\u2082 con archiviazione dei valori e dello storico.<\/p><\/li><\/ul><div>\u00a0<\/div><h3 data-start=\"930\" data-end=\"986\"><b>Applicazione pilota e avvisi automatici<\/b>\u00a0<\/h3><ul data-start=\"987\" data-end=\"1304\"><li data-start=\"987\" data-end=\"1052\"><p data-start=\"989\" data-end=\"1052\">Interfaccia <strong data-start=\"999\" data-end=\"1017\">multi-supporto<\/strong> (esempio di foto a destra: scaffale all'ingresso della cantina).<\/p><\/li><li data-start=\"1053\" data-end=\"1117\"><p data-start=\"1055\" data-end=\"1117\">Visualizzazione chiara di <strong data-start=\"1080\" data-end=\"1114\">curve, soglie e storia<\/strong>.<\/p><\/li><li data-start=\"1118\" data-end=\"1214\"><p data-start=\"1120\" data-end=\"1214\">Possibilit\u00e0 di configurare soglie di allarme per <b>SMS e e-mail.<\/b><\/p><\/li><li data-start=\"1215\" data-end=\"1304\"><p data-start=\"1217\" data-end=\"1304\">Accesso semplificato ai dati per i tecnici e i responsabili delle cantine.<\/p><\/li><\/ul><h3 data-start=\"1311\" data-end=\"1358\"><b>Dal rilevamento all'azione automatizzata<\/b><\/h3><ul data-start=\"1359\" data-end=\"1583\"><li data-start=\"1359\" data-end=\"1423\"><p data-start=\"1361\" data-end=\"1423\">Integrazione nativa con <strong data-start=\"1389\" data-end=\"1420\">sistemi di estrazione dell'aria<\/strong>.<\/p><\/li><li data-start=\"1424\" data-end=\"1513\"><p data-start=\"1426\" data-end=\"1513\">Attivazione automatica della ventilazione in caso di eccessiva concentrazione di CO\u2082.<\/p><\/li><li data-start=\"1514\" data-end=\"1583\"><p data-start=\"1516\" data-end=\"1583\">Ritorno rapido a condizioni atmosferiche sicure e conformi.<\/p><\/li><\/ul><h3 data-start=\"1590\" data-end=\"1622\"><b>Integrazione chiavi in mano<\/b><\/h3><ul data-start=\"1623\" data-end=\"1830\"><li data-start=\"1623\" data-end=\"1657\"><p data-start=\"1625\" data-end=\"1657\">Progettazione e implementazione in loco.<\/p><\/li><li data-start=\"1658\" data-end=\"1708\"><p data-start=\"1660\" data-end=\"1708\">Installazione, calibrazione e impostazione dei parametri dei sensori.<\/p><\/li><li data-start=\"1757\" data-end=\"1830\"><p data-start=\"1759\" data-end=\"1830\">Soluzione <strong data-start=\"1768\" data-end=\"1783\">chiavi in mano<\/strong>senza complessit\u00e0 tecnica per i team.<\/p><\/li><\/ul>\t\t\t\t\t\t\t\t<\/div>\n\t\t\t\t<\/div>\n\t\t\t\t<\/div>\n\t\t<div class=\"elementor-element elementor-element-024b703 e-con-full e-flex e-con e-child\" data-id=\"024b703\" data-element_type=\"container\">\n\t\t<div class=\"elementor-element elementor-element-ed0da68 e-con-full e-flex e-con e-child\" data-id=\"ed0da68\" data-element_type=\"container\">\n\t\t\t\t<div class=\"elementor-element elementor-element-05b94c7 elementor-widget elementor-widget-image\" data-id=\"05b94c7\" data-element_type=\"widget\" data-widget_type=\"image.default\">\n\t\t\t\t<div class=\"elementor-widget-container\">\n\t\t\t\t\t\t\t\t\t\t\t\t\t\t\t<img decoding=\"async\" width=\"1536\" height=\"891\" src=\"https:\/\/co2winery.com\/wp-content\/uploads\/2025\/09\/IMG_0925-1-1536x891.jpg\" class=\"attachment-1536x1536 size-1536x1536 wp-image-3396\" alt=\"\" srcset=\"https:\/\/co2winery.com\/wp-content\/uploads\/2025\/09\/IMG_0925-1-1536x891.jpg 1536w, https:\/\/co2winery.com\/wp-content\/uploads\/2025\/09\/IMG_0925-1-300x174.jpg 300w, https:\/\/co2winery.com\/wp-content\/uploads\/2025\/09\/IMG_0925-1-1024x594.jpg 1024w, https:\/\/co2winery.com\/wp-content\/uploads\/2025\/09\/IMG_0925-1-768x446.jpg 768w, https:\/\/co2winery.com\/wp-content\/uploads\/2025\/09\/IMG_0925-1-2048x1189.jpg 2048w, https:\/\/co2winery.com\/wp-content\/uploads\/2025\/09\/IMG_0925-1-18x10.jpg 18w\" sizes=\"(max-width: 1536px) 100vw, 1536px\" \/>\t\t\t\t\t\t\t\t\t\t\t\t\t\t\t<\/div>\n\t\t\t\t<\/div>\n\t\t\t\t<\/div>\n\t\t<div class=\"elementor-element elementor-element-caec604 e-con-full e-flex e-con e-child\" data-id=\"caec604\" data-element_type=\"container\">\n\t\t\t\t<div class=\"elementor-element elementor-element-1e5c586 elementor-widget elementor-widget-image\" data-id=\"1e5c586\" data-element_type=\"widget\" data-widget_type=\"image.default\">\n\t\t\t\t<div class=\"elementor-widget-container\">\n\t\t\t\t\t\t\t\t\t\t\t\t\t\t\t<img decoding=\"async\" width=\"1024\" height=\"556\" src=\"https:\/\/co2winery.com\/wp-content\/uploads\/2025\/09\/IMG_0917-1-1024x556.jpg\" class=\"attachment-large size-large wp-image-3410\" alt=\"\" srcset=\"https:\/\/co2winery.com\/wp-content\/uploads\/2025\/09\/IMG_0917-1-1024x556.jpg 1024w, https:\/\/co2winery.com\/wp-content\/uploads\/2025\/09\/IMG_0917-1-300x163.jpg 300w, https:\/\/co2winery.com\/wp-content\/uploads\/2025\/09\/IMG_0917-1-768x417.jpg 768w, https:\/\/co2winery.com\/wp-content\/uploads\/2025\/09\/IMG_0917-1-1536x834.jpg 1536w, https:\/\/co2winery.com\/wp-content\/uploads\/2025\/09\/IMG_0917-1-2048x1111.jpg 2048w, https:\/\/co2winery.com\/wp-content\/uploads\/2025\/09\/IMG_0917-1-18x10.jpg 18w\" sizes=\"(max-width: 1024px) 100vw, 1024px\" \/>\t\t\t\t\t\t\t\t\t\t\t\t\t\t\t<\/div>\n\t\t\t\t<\/div>\n\t\t\t\t<\/div>\n\t\t\t\t<\/div>\n\t\t\t\t\t<\/div>\n\t\t\t\t<\/div>\n\t\t<div class=\"elementor-element elementor-element-982eeec e-flex e-con-boxed e-con e-parent\" data-id=\"982eeec\" data-element_type=\"container\">\n\t\t\t\t\t<div class=\"e-con-inner\">\n\t\t<div class=\"elementor-element elementor-element-b3f28c6 e-con-full e-flex e-con e-child\" data-id=\"b3f28c6\" data-element_type=\"container\">\n\t\t\t\t<div class=\"elementor-element elementor-element-b441066 elementor-widget elementor-widget-image\" data-id=\"b441066\" data-element_type=\"widget\" data-widget_type=\"image.default\">\n\t\t\t\t<div class=\"elementor-widget-container\">\n\t\t\t\t\t\t\t\t\t\t\t\t\t\t\t<img loading=\"lazy\" decoding=\"async\" width=\"1024\" height=\"413\" src=\"https:\/\/co2winery.com\/wp-content\/uploads\/2025\/09\/IMG_0936-1-2-1024x413.jpg\" class=\"attachment-large size-large wp-image-3411\" alt=\"\" srcset=\"https:\/\/co2winery.com\/wp-content\/uploads\/2025\/09\/IMG_0936-1-2-1024x413.jpg 1024w, https:\/\/co2winery.com\/wp-content\/uploads\/2025\/09\/IMG_0936-1-2-300x121.jpg 300w, https:\/\/co2winery.com\/wp-content\/uploads\/2025\/09\/IMG_0936-1-2-768x310.jpg 768w, https:\/\/co2winery.com\/wp-content\/uploads\/2025\/09\/IMG_0936-1-2-1536x620.jpg 1536w, https:\/\/co2winery.com\/wp-content\/uploads\/2025\/09\/IMG_0936-1-2-2048x827.jpg 2048w, https:\/\/co2winery.com\/wp-content\/uploads\/2025\/09\/IMG_0936-1-2-18x7.jpg 18w\" sizes=\"(max-width: 1024px) 100vw, 1024px\" \/>\t\t\t\t\t\t\t\t\t\t\t\t\t\t\t<\/div>\n\t\t\t\t<\/div>\n\t\t\t\t<\/div>\n\t\t<div class=\"elementor-element elementor-element-ff7125a e-con-full e-flex e-con e-child\" data-id=\"ff7125a\" data-element_type=\"container\">\n\t\t\t\t<div class=\"elementor-element elementor-element-fd24474 elementor-widget elementor-widget-image\" data-id=\"fd24474\" data-element_type=\"widget\" data-widget_type=\"image.default\">\n\t\t\t\t<div class=\"elementor-widget-container\">\n\t\t\t\t\t\t\t\t\t\t\t\t\t\t\t<img loading=\"lazy\" decoding=\"async\" width=\"1024\" height=\"435\" src=\"https:\/\/co2winery.com\/wp-content\/uploads\/2025\/09\/IMG_0938-1-1024x435.jpg\" class=\"attachment-large size-large wp-image-3400\" alt=\"\" srcset=\"https:\/\/co2winery.com\/wp-content\/uploads\/2025\/09\/IMG_0938-1-1024x435.jpg 1024w, https:\/\/co2winery.com\/wp-content\/uploads\/2025\/09\/IMG_0938-1-300x127.jpg 300w, https:\/\/co2winery.com\/wp-content\/uploads\/2025\/09\/IMG_0938-1-768x326.jpg 768w, https:\/\/co2winery.com\/wp-content\/uploads\/2025\/09\/IMG_0938-1-1536x653.jpg 1536w, https:\/\/co2winery.com\/wp-content\/uploads\/2025\/09\/IMG_0938-1-2048x870.jpg 2048w, https:\/\/co2winery.com\/wp-content\/uploads\/2025\/09\/IMG_0938-1-18x8.jpg 18w\" sizes=\"(max-width: 1024px) 100vw, 1024px\" \/>\t\t\t\t\t\t\t\t\t\t\t\t\t\t\t<\/div>\n\t\t\t\t<\/div>\n\t\t\t\t<\/div>\n\t\t<div class=\"elementor-element elementor-element-0d05448 e-con-full e-flex e-con e-child\" data-id=\"0d05448\" data-element_type=\"container\">\n\t\t\t\t<div class=\"elementor-element elementor-element-fe7b1f4 elementor-widget elementor-widget-text-editor\" data-id=\"fe7b1f4\" data-element_type=\"widget\" data-widget_type=\"text-editor.default\">\n\t\t\t\t<div class=\"elementor-widget-container\">\n\t\t\t\t\t\t\t\t\t<h3 data-start=\"1837\" data-end=\"1865\"><b>Benefici immediati<\/b><\/h3><p data-start=\"1868\" data-end=\"1905\">Prevenzione dei rischi legati alla CO\u2082.<\/p><p data-start=\"1908\" data-end=\"1968\">Miglioramento del comfort e della vigilanza dell'operatore.<\/p><p data-start=\"1971\" data-end=\"2049\">Sicurezza proattiva grazie agli avvisi reattivi e all'automazione.<\/p><p data-start=\"2052\" data-end=\"2116\">Un ambiente di lavoro pi\u00f9 sicuro, calmo, controllato e conforme alla legge.\u00a0<\/p>\t\t\t\t\t\t\t\t<\/div>\n\t\t\t\t<\/div>\n\t\t\t\t<\/div>\n\t\t\t\t\t<\/div>\n\t\t\t\t<\/div>\n\t\t<div class=\"elementor-element elementor-element-4120cdf e-flex e-con-boxed e-con e-parent\" data-id=\"4120cdf\" data-element_type=\"container\">\n\t\t\t\t\t<div class=\"e-con-inner\">\n\t\t\t\t\t<\/div>\n\t\t\t\t<\/div>\n\t\t\t\t<section class=\"elementor-section elementor-top-section elementor-element elementor-element-2287791f elementor-section-boxed elementor-section-height-default elementor-section-height-default\" data-id=\"2287791f\" data-element_type=\"section\">\n\t\t\t\t\t\t<div class=\"elementor-container elementor-column-gap-default\">\n\t\t\t\t\t<div class=\"elementor-column elementor-col-100 elementor-top-column elementor-element elementor-element-453f87c9\" data-id=\"453f87c9\" data-element_type=\"column\">\n\t\t\t<div class=\"elementor-widget-wrap elementor-element-populated\">\n\t\t\t\t\t\t<div class=\"elementor-element elementor-element-75481395 elementor-widget elementor-widget-text-editor\" data-id=\"75481395\" data-element_type=\"widget\" data-widget_type=\"text-editor.default\">\n\t\t\t\t<div class=\"elementor-widget-container\">\n\t\t\t\t\t\t\t\t\t<p>Il sensore di CO2 offre una tecnologia per le cantine, con una soluzione affidabile e scalabile progettata per garantire la sicurezza operativa.<\/p>\t\t\t\t\t\t\t\t<\/div>\n\t\t\t\t<\/div>\n\t\t\t\t\t<\/div>\n\t\t<\/div>\n\t\t\t\t\t<\/div>\n\t\t<\/section>\n\t\t<div class=\"elementor-element elementor-element-192d237d e-flex e-con-boxed e-con e-parent\" data-id=\"192d237d\" data-element_type=\"container\">\n\t\t\t\t\t<div class=\"e-con-inner\">\n\t\t\t\t\t<\/div>\n\t\t\t\t<\/div>\n\t\t\t\t<section class=\"elementor-section elementor-top-section elementor-element elementor-element-7b541841 elementor-section-boxed elementor-section-height-default elementor-section-height-default\" data-id=\"7b541841\" data-element_type=\"section\">\n\t\t\t\t\t\t<div class=\"elementor-container elementor-column-gap-default\">\n\t\t\t\t\t<div class=\"elementor-column elementor-col-100 elementor-top-column elementor-element elementor-element-64e9dd58\" data-id=\"64e9dd58\" data-element_type=\"column\">\n\t\t\t<div class=\"elementor-widget-wrap elementor-element-populated\">\n\t\t\t\t\t\t<div class=\"elementor-element elementor-element-7facb1c4 elementor-align-center elementor-widget elementor-widget-button\" data-id=\"7facb1c4\" data-element_type=\"widget\" data-widget_type=\"button.default\">\n\t\t\t\t<div class=\"elementor-widget-container\">\n\t\t\t\t\t\t\t\t\t<div class=\"elementor-button-wrapper\">\n\t\t\t\t\t<a class=\"elementor-button elementor-button-link elementor-size-sm\" href=\"http:\/\/co2winery.com\/index.php\/solutions\/\">\n\t\t\t\t\t\t<span class=\"elementor-button-content-wrapper\">\n\t\t\t\t\t\t\t\t\t<span class=\"elementor-button-text\">Torna alle nostre soluzioni<\/span>\n\t\t\t\t\t<\/span>\n\t\t\t\t\t<\/a>\n\t\t\t\t<\/div>\n\t\t\t\t\t\t\t\t<\/div>\n\t\t\t\t<\/div>\n\t\t\t\t\t<\/div>\n\t\t<\/div>\n\t\t\t\t\t<\/div>\n\t\t<\/section>\n\t\t\t\t<\/div>","protected":false},"excerpt":{"rendered":"<p>Le nostre soluzioni per cantine con sensori di CO2 trasformano la CO2 fermentata dai tini in una risorsa preziosa per i viticoltori. Utilizzando il nostro CO2 Box, analizziamo, purifichiamo e comprimiamo questo gas, che viene poi immagazzinato in modo sicuro in rack di stoccaggio, pronto per essere riutilizzato. Questo approccio fa parte di un'economia circolare che ci permette di ... <a title=\"Sensori di CO2\" class=\"read-more\" href=\"https:\/\/co2winery.com\/it\/co2-sensors\/\" aria-label=\"Leggi di pi\u00f9 su Sensori di CO2\">Leggi tutto<\/a><\/p>","protected":false},"author":5,"featured_media":0,"parent":0,"menu_order":0,"comment_status":"closed","ping_status":"closed","template":"elementor_header_footer","meta":{"om_disable_all_campaigns":false,"_monsterinsights_skip_tracking":false,"_monsterinsights_sitenote_active":false,"_monsterinsights_sitenote_note":"","_monsterinsights_sitenote_category":0,"_uf_show_specific_survey":0,"_uf_disable_surveys":false,"footnotes":""},"class_list":["post-3387","page","type-page","status-publish"],"aioseo_notices":[],"_links":{"self":[{"href":"https:\/\/co2winery.com\/it\/wp-json\/wp\/v2\/pages\/3387","targetHints":{"allow":["GET"]}}],"collection":[{"href":"https:\/\/co2winery.com\/it\/wp-json\/wp\/v2\/pages"}],"about":[{"href":"https:\/\/co2winery.com\/it\/wp-json\/wp\/v2\/types\/page"}],"author":[{"embeddable":true,"href":"https:\/\/co2winery.com\/it\/wp-json\/wp\/v2\/users\/5"}],"replies":[{"embeddable":true,"href":"https:\/\/co2winery.com\/it\/wp-json\/wp\/v2\/comments?post=3387"}],"version-history":[{"count":10,"href":"https:\/\/co2winery.com\/it\/wp-json\/wp\/v2\/pages\/3387\/revisions"}],"predecessor-version":[{"id":3551,"href":"https:\/\/co2winery.com\/it\/wp-json\/wp\/v2\/pages\/3387\/revisions\/3551"}],"wp:attachment":[{"href":"https:\/\/co2winery.com\/it\/wp-json\/wp\/v2\/media?parent=3387"}],"curies":[{"name":"wp","href":"https:\/\/api.w.org\/{rel}","templated":true}]}}