{"id":3387,"date":"2025-09-03T10:41:58","date_gmt":"2025-09-03T08:41:58","guid":{"rendered":"https:\/\/co2winery.com\/?page_id=3387"},"modified":"2025-12-09T02:27:01","modified_gmt":"2025-12-09T01:27:01","slug":"co2-sensors","status":"publish","type":"page","link":"https:\/\/co2winery.com\/es\/co2-sensors\/","title":{"rendered":"Sensores de CO2"},"content":{"rendered":"<div data-elementor-type=\"wp-page\" data-elementor-id=\"3387\" class=\"elementor elementor-3387\" data-elementor-post-type=\"page\">\n\t\t\t\t<div class=\"elementor-element elementor-element-46caeab8 e-flex e-con-boxed e-con e-parent\" data-id=\"46caeab8\" data-element_type=\"container\">\n\t\t\t\t\t<div class=\"e-con-inner\">\n\t\t<div class=\"elementor-element elementor-element-d314be2 e-con-full e-flex e-con e-child\" data-id=\"d314be2\" data-element_type=\"container\">\n\t\t<div class=\"elementor-element elementor-element-210557f2 e-flex e-con-boxed e-con e-child\" data-id=\"210557f2\" data-element_type=\"container\" data-settings=\"{&quot;background_background&quot;:&quot;gradient&quot;,&quot;shape_divider_bottom&quot;:&quot;waves&quot;}\">\n\t\t\t\t\t<div class=\"e-con-inner\">\n\t\t\t\t<div class=\"elementor-shape elementor-shape-bottom\" data-negative=\"false\">\n\t\t\t<svg xmlns=\"http:\/\/www.w3.org\/2000\/svg\" viewbox=\"0 0 1000 100\" preserveaspectratio=\"none\">\n\t<path class=\"elementor-shape-fill\" d=\"M421.9,6.5c22.6-2.5,51.5,0.4,75.5,5.3c23.6,4.9,70.9,23.5,100.5,35.7c75.8,32.2,133.7,44.5,192.6,49.7\tc23.6,2.1,48.7,3.5,103.4-2.5c54.7-6,106.2-25.6,106.2-25.6V0H0v30.3c0,0,72,32.6,158.4,30.5c39.2-0.7,92.8-6.7,134-22.4\tc21.2-8.1,52.2-18.2,79.7-24.2C399.3,7.9,411.6,7.5,421.9,6.5z\"\/>\n<\/svg>\t\t<\/div>\n\t\t\t\t<div class=\"elementor-element elementor-element-6a412548 elementor-widget elementor-widget-heading\" data-id=\"6a412548\" data-element_type=\"widget\" data-widget_type=\"heading.default\">\n\t\t\t\t<div class=\"elementor-widget-container\">\n\t\t\t\t\t<h2 class=\"elementor-heading-title elementor-size-default\">Nuestras soluciones<\/h2>\t\t\t\t<\/div>\n\t\t\t\t<\/div>\n\t\t\t\t<div class=\"elementor-element elementor-element-4b854be2 elementor-widget-divider--view-line elementor-widget elementor-widget-divider\" data-id=\"4b854be2\" data-element_type=\"widget\" data-widget_type=\"divider.default\">\n\t\t\t\t<div class=\"elementor-widget-container\">\n\t\t\t\t\t\t\t<div class=\"elementor-divider\">\n\t\t\t<span class=\"elementor-divider-separator\">\n\t\t\t\t\t\t<\/span>\n\t\t<\/div>\n\t\t\t\t\t\t<\/div>\n\t\t\t\t<\/div>\n\t\t\t\t<div class=\"elementor-element elementor-element-c947b2 elementor-widget elementor-widget-heading\" data-id=\"c947b2\" data-element_type=\"widget\" data-widget_type=\"heading.default\">\n\t\t\t\t<div class=\"elementor-widget-container\">\n\t\t\t\t\t<h2 class=\"elementor-heading-title elementor-size-default\">Sensor de CO2<\/h2>\t\t\t\t<\/div>\n\t\t\t\t<\/div>\n\t\t\t\t\t<\/div>\n\t\t\t\t<\/div>\n\t\t\t\t<\/div>\n\t\t\t\t\t<\/div>\n\t\t\t\t<\/div>\n\t\t\t\t<section class=\"elementor-section elementor-top-section elementor-element elementor-element-2a49e3a elementor-section-full_width elementor-section-height-default elementor-section-height-default\" data-id=\"2a49e3a\" data-element_type=\"section\">\n\t\t\t\t\t\t<div class=\"elementor-container elementor-column-gap-default\">\n\t\t\t\t\t<div class=\"elementor-column elementor-col-100 elementor-top-column elementor-element elementor-element-18557c5b\" data-id=\"18557c5b\" data-element_type=\"column\">\n\t\t\t<div class=\"elementor-widget-wrap elementor-element-populated\">\n\t\t\t\t\t\t<div class=\"elementor-element elementor-element-1d368ccd elementor-widget elementor-widget-spacer\" data-id=\"1d368ccd\" data-element_type=\"widget\" data-widget_type=\"spacer.default\">\n\t\t\t\t<div class=\"elementor-widget-container\">\n\t\t\t\t\t\t\t<div class=\"elementor-spacer\">\n\t\t\t<div class=\"elementor-spacer-inner\"><\/div>\n\t\t<\/div>\n\t\t\t\t\t\t<\/div>\n\t\t\t\t<\/div>\n\t\t\t\t\t<\/div>\n\t\t<\/div>\n\t\t\t\t\t<\/div>\n\t\t<\/section>\n\t\t<div class=\"elementor-element elementor-element-4d2229db e-flex e-con-boxed e-con e-parent\" data-id=\"4d2229db\" data-element_type=\"container\">\n\t\t\t\t\t<div class=\"e-con-inner\">\n\t\t<div class=\"elementor-element elementor-element-56555fa8 e-con-full e-flex e-con e-child\" data-id=\"56555fa8\" data-element_type=\"container\">\n\t\t<div class=\"elementor-element elementor-element-17226d09 e-con-full e-flex e-con e-child\" data-id=\"17226d09\" data-element_type=\"container\">\n\t\t<div class=\"elementor-element elementor-element-18c0b8f6 e-con-full e-flex e-con e-child\" data-id=\"18c0b8f6\" data-element_type=\"container\">\n\t\t\t\t<div class=\"elementor-element elementor-element-5624204 elementor-widget elementor-widget-image\" data-id=\"5624204\" data-element_type=\"widget\" data-widget_type=\"image.default\">\n\t\t\t\t<div class=\"elementor-widget-container\">\n\t\t\t\t\t\t\t\t\t\t\t\t\t\t\t<img fetchpriority=\"high\" decoding=\"async\" width=\"875\" height=\"1238\" src=\"https:\/\/co2winery.com\/wp-content\/uploads\/2025\/11\/Plan-de-travail-1@300x.png\" class=\"attachment-full size-full wp-image-3452\" alt=\"\" srcset=\"https:\/\/co2winery.com\/wp-content\/uploads\/2025\/11\/Plan-de-travail-1@300x.png 875w, https:\/\/co2winery.com\/wp-content\/uploads\/2025\/11\/Plan-de-travail-1@300x-212x300.png 212w, https:\/\/co2winery.com\/wp-content\/uploads\/2025\/11\/Plan-de-travail-1@300x-724x1024.png 724w, https:\/\/co2winery.com\/wp-content\/uploads\/2025\/11\/Plan-de-travail-1@300x-768x1087.png 768w, https:\/\/co2winery.com\/wp-content\/uploads\/2025\/11\/Plan-de-travail-1@300x-8x12.png 8w\" sizes=\"(max-width: 875px) 100vw, 875px\" \/>\t\t\t\t\t\t\t\t\t\t\t\t\t\t\t<\/div>\n\t\t\t\t<\/div>\n\t\t\t\t<\/div>\n\t\t\t\t<div class=\"elementor-element elementor-element-287a7d7a elementor-widget elementor-widget-spacer\" data-id=\"287a7d7a\" data-element_type=\"widget\" data-widget_type=\"spacer.default\">\n\t\t\t\t<div class=\"elementor-widget-container\">\n\t\t\t\t\t\t\t<div class=\"elementor-spacer\">\n\t\t\t<div class=\"elementor-spacer-inner\"><\/div>\n\t\t<\/div>\n\t\t\t\t\t\t<\/div>\n\t\t\t\t<\/div>\n\t\t<div class=\"elementor-element elementor-element-3cacc445 e-con-full e-flex e-con e-child\" data-id=\"3cacc445\" data-element_type=\"container\">\n\t\t\t\t<div class=\"elementor-element elementor-element-3fa712c3 elementor-widget elementor-widget-text-editor\" data-id=\"3fa712c3\" data-element_type=\"widget\" data-widget_type=\"text-editor.default\">\n\t\t\t\t<div class=\"elementor-widget-container\">\n\t\t\t\t\t\t\t\t\t<p class=\" translation-block\">CO2 Winery transforma el <strong>CO2 fermentativo de las cubas<\/strong> en un <strong>valioso recurso para los viticultores<\/strong>.<\/p><p class=\" translation-block\">Gracias a nuestra <b>CO2 Box<\/b>, <strong>analizamos, purificamos y comprimimos<\/strong> este gas, que se <strong>almacena<\/strong> de forma segura en racks de almacenamiento, listo para su reutilizaci\u00f3n. Este enfoque forma parte de una <strong>econom\u00eda circular<\/strong>, reduciendo las p\u00e9rdidas de CO2 y <strong>transformando este residuo<\/strong> en un <strong>activo para la bodega<\/strong>.<\/p><div class=\"page\" title=\"P\u00e1gina 1\"><div class=\"section\"><div class=\"layoutArea\"><div class=\"column\"><p>Desplegado desde <strong data-start=\"274\" data-end=\"282\">2023<\/strong> en las bodegas de Ch\u00e2teau Latour y <strong>2024<\/strong> en la bodega del Ch\u00e2teau Dillon, los sensores <strong data-start=\"329\" data-end=\"356\">vigilancia CO\u2082<\/strong>\u00a0dar una respuesta tecnol\u00f3gica concreta a los retos de la seguridad y la calidad del aire.<br data-start=\"478\" data-end=\"481\" \/>Visite <strong data-start=\"484\" data-end=\"492\">2025<\/strong>la soluci\u00f3n ha evolucionado con un <strong data-start=\"524\" data-end=\"549\">aplicaci\u00f3n reforzada<\/strong>Combina rendimiento, visualizaci\u00f3n en tiempo real y alarmas de prevenci\u00f3n automatizadas.<\/p><\/div><\/div><\/div><\/div><p><em>M\u00e1s informaci\u00f3n sobre el sensor de CO2.<\/em><\/p>\t\t\t\t\t\t\t\t<\/div>\n\t\t\t\t<\/div>\n\t\t\t\t<\/div>\n\t\t\t\t<\/div>\n\t\t\t\t<\/div>\n\t\t\t\t\t<\/div>\n\t\t\t\t<\/div>\n\t\t<div class=\"elementor-element elementor-element-b06742b e-flex e-con-boxed e-con e-parent\" data-id=\"b06742b\" data-element_type=\"container\">\n\t\t\t\t\t<div class=\"e-con-inner\">\n\t\t<div class=\"elementor-element elementor-element-a9bc9ce e-con-full e-flex e-con e-child\" data-id=\"a9bc9ce\" data-element_type=\"container\">\n\t\t\t\t<div class=\"elementor-element elementor-element-9313fcc elementor-widget elementor-widget-text-editor\" data-id=\"9313fcc\" data-element_type=\"widget\" data-widget_type=\"text-editor.default\">\n\t\t\t\t<div class=\"elementor-widget-container\">\n\t\t\t\t\t\t\t\t\t<h3 data-start=\"651\" data-end=\"704\"><b>Control en tiempo real<\/b><\/h3><ul data-start=\"705\" data-end=\"923\"><li data-start=\"705\" data-end=\"773\"><p data-start=\"707\" data-end=\"773\">2 tipos de sensores de CO2 ambiente conectados en funci\u00f3n de las cuestiones de seguridad y la configuraci\u00f3n de cada bodega:<\/p><\/li><li data-start=\"705\" data-end=\"773\"><p data-start=\"707\" data-end=\"773\">1) Transmisi\u00f3n de datos <strong data-start=\"805\" data-end=\"841\">cableado v\u00eda modbus.\u00a0<\/strong><\/p><\/li><li data-start=\"774\" data-end=\"844\"><p data-start=\"776\" data-end=\"844\"><strong data-start=\"805\" data-end=\"841\"><span style=\"font-weight: 400;\">2) Transmisi\u00f3n de datos a trav\u00e9s de IoT : <\/span>red inal\u00e1mbrica de bajo consumo con\u00a0<\/strong><span style=\"font-weight: bold;\" data-start=\"805\" data-end=\"841\">Protocolo LoRaWAN\u00a0<\/span>(red de \u00e1rea extensa de largo alcance). La ventaja de este tipo de sensor es que puede instalarse de forma r\u00e1pida y est\u00e9tica, sin necesidad de calibraci\u00f3n.<\/p><\/li><li data-start=\"845\" data-end=\"923\"><p data-start=\"847\" data-end=\"923\">Control continuo de las concentraciones de CO\u2082 con archivo de valores e historial.<\/p><\/li><\/ul><div>\u00a0<\/div><h3 data-start=\"930\" data-end=\"986\"><b>Aplicaci\u00f3n piloto y alertas autom\u00e1ticas<\/b>\u00a0<\/h3><ul data-start=\"987\" data-end=\"1304\"><li data-start=\"987\" data-end=\"1052\"><p data-start=\"989\" data-end=\"1052\">Interfaz <strong data-start=\"999\" data-end=\"1017\">multisoporte<\/strong> (foto de ejemplo a la derecha: estanter\u00eda a la entrada de la bodega).<\/p><\/li><li data-start=\"1053\" data-end=\"1117\"><p data-start=\"1055\" data-end=\"1117\">Visualizaci\u00f3n clara de <strong data-start=\"1080\" data-end=\"1114\">curvas, umbrales e historial<\/strong>.<\/p><\/li><li data-start=\"1118\" data-end=\"1214\"><p data-start=\"1120\" data-end=\"1214\">Posibilidad de configurar umbrales de alerta para <b>SMS y correo electr\u00f3nico.<\/b><\/p><\/li><li data-start=\"1215\" data-end=\"1304\"><p data-start=\"1217\" data-end=\"1304\">Acceso simplificado a los datos tanto para los t\u00e9cnicos como para los responsables de las bodegas.<\/p><\/li><\/ul><h3 data-start=\"1311\" data-end=\"1358\"><b>De la detecci\u00f3n a la acci\u00f3n automatizada<\/b><\/h3><ul data-start=\"1359\" data-end=\"1583\"><li data-start=\"1359\" data-end=\"1423\"><p data-start=\"1361\" data-end=\"1423\">Integraci\u00f3n nativa con <strong data-start=\"1389\" data-end=\"1420\">sistemas de extracci\u00f3n de aire<\/strong>.<\/p><\/li><li data-start=\"1424\" data-end=\"1513\"><p data-start=\"1426\" data-end=\"1513\">Activaci\u00f3n autom\u00e1tica de la ventilaci\u00f3n en caso de concentraci\u00f3n excesiva de CO\u2082.<\/p><\/li><li data-start=\"1514\" data-end=\"1583\"><p data-start=\"1516\" data-end=\"1583\">R\u00e1pido retorno a condiciones atmosf\u00e9ricas seguras y conformes.<\/p><\/li><\/ul><h3 data-start=\"1590\" data-end=\"1622\"><b>Integraci\u00f3n llave en mano<\/b><\/h3><ul data-start=\"1623\" data-end=\"1830\"><li data-start=\"1623\" data-end=\"1657\"><p data-start=\"1625\" data-end=\"1657\">Dise\u00f1o e implantaci\u00f3n in situ.<\/p><\/li><li data-start=\"1658\" data-end=\"1708\"><p data-start=\"1660\" data-end=\"1708\">Instalaci\u00f3n, calibraci\u00f3n y parametrizaci\u00f3n de sensores.<\/p><\/li><li data-start=\"1757\" data-end=\"1830\"><p data-start=\"1759\" data-end=\"1830\">Soluci\u00f3n <strong data-start=\"1768\" data-end=\"1783\">llave en mano<\/strong>sin complejidad t\u00e9cnica para los equipos.<\/p><\/li><\/ul>\t\t\t\t\t\t\t\t<\/div>\n\t\t\t\t<\/div>\n\t\t\t\t<\/div>\n\t\t<div class=\"elementor-element elementor-element-024b703 e-con-full e-flex e-con e-child\" data-id=\"024b703\" data-element_type=\"container\">\n\t\t<div class=\"elementor-element elementor-element-ed0da68 e-con-full e-flex e-con e-child\" data-id=\"ed0da68\" data-element_type=\"container\">\n\t\t\t\t<div class=\"elementor-element elementor-element-05b94c7 elementor-widget elementor-widget-image\" data-id=\"05b94c7\" data-element_type=\"widget\" data-widget_type=\"image.default\">\n\t\t\t\t<div class=\"elementor-widget-container\">\n\t\t\t\t\t\t\t\t\t\t\t\t\t\t\t<img decoding=\"async\" width=\"1536\" height=\"891\" src=\"https:\/\/co2winery.com\/wp-content\/uploads\/2025\/09\/IMG_0925-1-1536x891.jpg\" class=\"attachment-1536x1536 size-1536x1536 wp-image-3396\" alt=\"\" srcset=\"https:\/\/co2winery.com\/wp-content\/uploads\/2025\/09\/IMG_0925-1-1536x891.jpg 1536w, https:\/\/co2winery.com\/wp-content\/uploads\/2025\/09\/IMG_0925-1-300x174.jpg 300w, https:\/\/co2winery.com\/wp-content\/uploads\/2025\/09\/IMG_0925-1-1024x594.jpg 1024w, https:\/\/co2winery.com\/wp-content\/uploads\/2025\/09\/IMG_0925-1-768x446.jpg 768w, https:\/\/co2winery.com\/wp-content\/uploads\/2025\/09\/IMG_0925-1-2048x1189.jpg 2048w, https:\/\/co2winery.com\/wp-content\/uploads\/2025\/09\/IMG_0925-1-18x10.jpg 18w\" sizes=\"(max-width: 1536px) 100vw, 1536px\" \/>\t\t\t\t\t\t\t\t\t\t\t\t\t\t\t<\/div>\n\t\t\t\t<\/div>\n\t\t\t\t<\/div>\n\t\t<div class=\"elementor-element elementor-element-caec604 e-con-full e-flex e-con e-child\" data-id=\"caec604\" data-element_type=\"container\">\n\t\t\t\t<div class=\"elementor-element elementor-element-1e5c586 elementor-widget elementor-widget-image\" data-id=\"1e5c586\" data-element_type=\"widget\" data-widget_type=\"image.default\">\n\t\t\t\t<div class=\"elementor-widget-container\">\n\t\t\t\t\t\t\t\t\t\t\t\t\t\t\t<img decoding=\"async\" width=\"1024\" height=\"556\" src=\"https:\/\/co2winery.com\/wp-content\/uploads\/2025\/09\/IMG_0917-1-1024x556.jpg\" class=\"attachment-large size-large wp-image-3410\" alt=\"\" srcset=\"https:\/\/co2winery.com\/wp-content\/uploads\/2025\/09\/IMG_0917-1-1024x556.jpg 1024w, https:\/\/co2winery.com\/wp-content\/uploads\/2025\/09\/IMG_0917-1-300x163.jpg 300w, https:\/\/co2winery.com\/wp-content\/uploads\/2025\/09\/IMG_0917-1-768x417.jpg 768w, https:\/\/co2winery.com\/wp-content\/uploads\/2025\/09\/IMG_0917-1-1536x834.jpg 1536w, https:\/\/co2winery.com\/wp-content\/uploads\/2025\/09\/IMG_0917-1-2048x1111.jpg 2048w, https:\/\/co2winery.com\/wp-content\/uploads\/2025\/09\/IMG_0917-1-18x10.jpg 18w\" sizes=\"(max-width: 1024px) 100vw, 1024px\" \/>\t\t\t\t\t\t\t\t\t\t\t\t\t\t\t<\/div>\n\t\t\t\t<\/div>\n\t\t\t\t<\/div>\n\t\t\t\t<\/div>\n\t\t\t\t\t<\/div>\n\t\t\t\t<\/div>\n\t\t<div class=\"elementor-element elementor-element-982eeec e-flex e-con-boxed e-con e-parent\" data-id=\"982eeec\" data-element_type=\"container\">\n\t\t\t\t\t<div class=\"e-con-inner\">\n\t\t<div class=\"elementor-element elementor-element-b3f28c6 e-con-full e-flex e-con e-child\" data-id=\"b3f28c6\" data-element_type=\"container\">\n\t\t\t\t<div class=\"elementor-element elementor-element-b441066 elementor-widget elementor-widget-image\" data-id=\"b441066\" data-element_type=\"widget\" data-widget_type=\"image.default\">\n\t\t\t\t<div class=\"elementor-widget-container\">\n\t\t\t\t\t\t\t\t\t\t\t\t\t\t\t<img loading=\"lazy\" decoding=\"async\" width=\"1024\" height=\"413\" src=\"https:\/\/co2winery.com\/wp-content\/uploads\/2025\/09\/IMG_0936-1-2-1024x413.jpg\" class=\"attachment-large size-large wp-image-3411\" alt=\"\" srcset=\"https:\/\/co2winery.com\/wp-content\/uploads\/2025\/09\/IMG_0936-1-2-1024x413.jpg 1024w, https:\/\/co2winery.com\/wp-content\/uploads\/2025\/09\/IMG_0936-1-2-300x121.jpg 300w, https:\/\/co2winery.com\/wp-content\/uploads\/2025\/09\/IMG_0936-1-2-768x310.jpg 768w, https:\/\/co2winery.com\/wp-content\/uploads\/2025\/09\/IMG_0936-1-2-1536x620.jpg 1536w, https:\/\/co2winery.com\/wp-content\/uploads\/2025\/09\/IMG_0936-1-2-2048x827.jpg 2048w, https:\/\/co2winery.com\/wp-content\/uploads\/2025\/09\/IMG_0936-1-2-18x7.jpg 18w\" sizes=\"(max-width: 1024px) 100vw, 1024px\" \/>\t\t\t\t\t\t\t\t\t\t\t\t\t\t\t<\/div>\n\t\t\t\t<\/div>\n\t\t\t\t<\/div>\n\t\t<div class=\"elementor-element elementor-element-ff7125a e-con-full e-flex e-con e-child\" data-id=\"ff7125a\" data-element_type=\"container\">\n\t\t\t\t<div class=\"elementor-element elementor-element-fd24474 elementor-widget elementor-widget-image\" data-id=\"fd24474\" data-element_type=\"widget\" data-widget_type=\"image.default\">\n\t\t\t\t<div class=\"elementor-widget-container\">\n\t\t\t\t\t\t\t\t\t\t\t\t\t\t\t<img loading=\"lazy\" decoding=\"async\" width=\"1024\" height=\"435\" src=\"https:\/\/co2winery.com\/wp-content\/uploads\/2025\/09\/IMG_0938-1-1024x435.jpg\" class=\"attachment-large size-large wp-image-3400\" alt=\"\" srcset=\"https:\/\/co2winery.com\/wp-content\/uploads\/2025\/09\/IMG_0938-1-1024x435.jpg 1024w, https:\/\/co2winery.com\/wp-content\/uploads\/2025\/09\/IMG_0938-1-300x127.jpg 300w, https:\/\/co2winery.com\/wp-content\/uploads\/2025\/09\/IMG_0938-1-768x326.jpg 768w, https:\/\/co2winery.com\/wp-content\/uploads\/2025\/09\/IMG_0938-1-1536x653.jpg 1536w, https:\/\/co2winery.com\/wp-content\/uploads\/2025\/09\/IMG_0938-1-2048x870.jpg 2048w, https:\/\/co2winery.com\/wp-content\/uploads\/2025\/09\/IMG_0938-1-18x8.jpg 18w\" sizes=\"(max-width: 1024px) 100vw, 1024px\" \/>\t\t\t\t\t\t\t\t\t\t\t\t\t\t\t<\/div>\n\t\t\t\t<\/div>\n\t\t\t\t<\/div>\n\t\t<div class=\"elementor-element elementor-element-0d05448 e-con-full e-flex e-con e-child\" data-id=\"0d05448\" data-element_type=\"container\">\n\t\t\t\t<div class=\"elementor-element elementor-element-fe7b1f4 elementor-widget elementor-widget-text-editor\" data-id=\"fe7b1f4\" data-element_type=\"widget\" data-widget_type=\"text-editor.default\">\n\t\t\t\t<div class=\"elementor-widget-container\">\n\t\t\t\t\t\t\t\t\t<h3 data-start=\"1837\" data-end=\"1865\"><b>Beneficios inmediatos<\/b><\/h3><p data-start=\"1868\" data-end=\"1905\">Prevenci\u00f3n de los riesgos relacionados con el CO\u2082.<\/p><p data-start=\"1908\" data-end=\"1968\">Mejora de la comodidad y el estado de alerta del operador.<\/p><p data-start=\"1971\" data-end=\"2049\">Seguridad proactiva gracias a alertas reactivas y automatizaci\u00f3n.<\/p><p data-start=\"2052\" data-end=\"2116\">Un entorno de trabajo m\u00e1s seguro, tranquilo, controlado y conforme a la ley.\u00a0<\/p>\t\t\t\t\t\t\t\t<\/div>\n\t\t\t\t<\/div>\n\t\t\t\t<\/div>\n\t\t\t\t\t<\/div>\n\t\t\t\t<\/div>\n\t\t<div class=\"elementor-element elementor-element-4120cdf e-flex e-con-boxed e-con e-parent\" data-id=\"4120cdf\" data-element_type=\"container\">\n\t\t\t\t\t<div class=\"e-con-inner\">\n\t\t\t\t\t<\/div>\n\t\t\t\t<\/div>\n\t\t\t\t<section class=\"elementor-section elementor-top-section elementor-element elementor-element-2287791f elementor-section-boxed elementor-section-height-default elementor-section-height-default\" data-id=\"2287791f\" data-element_type=\"section\">\n\t\t\t\t\t\t<div class=\"elementor-container elementor-column-gap-default\">\n\t\t\t\t\t<div class=\"elementor-column elementor-col-100 elementor-top-column elementor-element elementor-element-453f87c9\" data-id=\"453f87c9\" data-element_type=\"column\">\n\t\t\t<div class=\"elementor-widget-wrap elementor-element-populated\">\n\t\t\t\t\t\t<div class=\"elementor-element elementor-element-75481395 elementor-widget elementor-widget-text-editor\" data-id=\"75481395\" data-element_type=\"widget\" data-widget_type=\"text-editor.default\">\n\t\t\t\t<div class=\"elementor-widget-container\">\n\t\t\t\t\t\t\t\t\t<p>El sensor de CO2 ofrece tecnolog\u00eda para bodegas, con una soluci\u00f3n fiable y escalable dise\u00f1ada para garantizar la seguridad operativa.<\/p>\t\t\t\t\t\t\t\t<\/div>\n\t\t\t\t<\/div>\n\t\t\t\t\t<\/div>\n\t\t<\/div>\n\t\t\t\t\t<\/div>\n\t\t<\/section>\n\t\t<div class=\"elementor-element elementor-element-192d237d e-flex e-con-boxed e-con e-parent\" data-id=\"192d237d\" data-element_type=\"container\">\n\t\t\t\t\t<div class=\"e-con-inner\">\n\t\t\t\t\t<\/div>\n\t\t\t\t<\/div>\n\t\t\t\t<section class=\"elementor-section elementor-top-section elementor-element elementor-element-7b541841 elementor-section-boxed elementor-section-height-default elementor-section-height-default\" data-id=\"7b541841\" data-element_type=\"section\">\n\t\t\t\t\t\t<div class=\"elementor-container elementor-column-gap-default\">\n\t\t\t\t\t<div class=\"elementor-column elementor-col-100 elementor-top-column elementor-element elementor-element-64e9dd58\" data-id=\"64e9dd58\" data-element_type=\"column\">\n\t\t\t<div class=\"elementor-widget-wrap elementor-element-populated\">\n\t\t\t\t\t\t<div class=\"elementor-element elementor-element-7facb1c4 elementor-align-center elementor-widget elementor-widget-button\" data-id=\"7facb1c4\" data-element_type=\"widget\" data-widget_type=\"button.default\">\n\t\t\t\t<div class=\"elementor-widget-container\">\n\t\t\t\t\t\t\t\t\t<div class=\"elementor-button-wrapper\">\n\t\t\t\t\t<a class=\"elementor-button elementor-button-link elementor-size-sm\" href=\"http:\/\/co2winery.com\/index.php\/solutions\/\">\n\t\t\t\t\t\t<span class=\"elementor-button-content-wrapper\">\n\t\t\t\t\t\t\t\t\t<span class=\"elementor-button-text\">Volver a nuestras soluciones<\/span>\n\t\t\t\t\t<\/span>\n\t\t\t\t\t<\/a>\n\t\t\t\t<\/div>\n\t\t\t\t\t\t\t\t<\/div>\n\t\t\t\t<\/div>\n\t\t\t\t\t<\/div>\n\t\t<\/div>\n\t\t\t\t\t<\/div>\n\t\t<\/section>\n\t\t\t\t<\/div>","protected":false},"excerpt":{"rendered":"<p>Nuestras soluciones de CO2 Sensor CO2 Winery transforman el CO2 fermentativo de las cubas en un valioso recurso para los viticultores. Con nuestra CO2 Box, analizamos, purificamos y comprimimos este gas, que luego se almacena de forma segura en estanter\u00edas, listo para su reutilizaci\u00f3n. Este planteamiento forma parte de una econom\u00eda circular, ... <a title=\"Sensores de CO2\" class=\"read-more\" href=\"https:\/\/co2winery.com\/es\/co2-sensors\/\" aria-label=\"M\u00e1s en Sensores de CO2\">Leer m\u00e1s<\/a><\/p>","protected":false},"author":5,"featured_media":0,"parent":0,"menu_order":0,"comment_status":"closed","ping_status":"closed","template":"elementor_header_footer","meta":{"om_disable_all_campaigns":false,"_monsterinsights_skip_tracking":false,"_monsterinsights_sitenote_active":false,"_monsterinsights_sitenote_note":"","_monsterinsights_sitenote_category":0,"_uf_show_specific_survey":0,"_uf_disable_surveys":false,"footnotes":""},"class_list":["post-3387","page","type-page","status-publish"],"aioseo_notices":[],"_links":{"self":[{"href":"https:\/\/co2winery.com\/es\/wp-json\/wp\/v2\/pages\/3387","targetHints":{"allow":["GET"]}}],"collection":[{"href":"https:\/\/co2winery.com\/es\/wp-json\/wp\/v2\/pages"}],"about":[{"href":"https:\/\/co2winery.com\/es\/wp-json\/wp\/v2\/types\/page"}],"author":[{"embeddable":true,"href":"https:\/\/co2winery.com\/es\/wp-json\/wp\/v2\/users\/5"}],"replies":[{"embeddable":true,"href":"https:\/\/co2winery.com\/es\/wp-json\/wp\/v2\/comments?post=3387"}],"version-history":[{"count":10,"href":"https:\/\/co2winery.com\/es\/wp-json\/wp\/v2\/pages\/3387\/revisions"}],"predecessor-version":[{"id":3551,"href":"https:\/\/co2winery.com\/es\/wp-json\/wp\/v2\/pages\/3387\/revisions\/3551"}],"wp:attachment":[{"href":"https:\/\/co2winery.com\/es\/wp-json\/wp\/v2\/media?parent=3387"}],"curies":[{"name":"wp","href":"https:\/\/api.w.org\/{rel}","templated":true}]}}