{"id":318,"date":"2022-08-14T21:24:16","date_gmt":"2022-08-14T19:24:16","guid":{"rendered":"http:\/\/co2winery.com\/?page_id=318"},"modified":"2025-12-11T07:09:47","modified_gmt":"2025-12-11T06:09:47","slug":"lessalco-2","status":"publish","type":"page","link":"https:\/\/co2winery.com\/es\/lessalco-2\/","title":{"rendered":"Menos Alco"},"content":{"rendered":"<div data-elementor-type=\"wp-page\" data-elementor-id=\"318\" class=\"elementor elementor-318\" data-elementor-post-type=\"page\">\n\t\t\t\t<div class=\"elementor-element elementor-element-2d7bb65f e-flex e-con-boxed e-con e-parent\" data-id=\"2d7bb65f\" data-element_type=\"container\" data-settings=\"{&quot;background_background&quot;:&quot;gradient&quot;,&quot;shape_divider_bottom&quot;:&quot;waves&quot;}\">\n\t\t\t\t\t<div class=\"e-con-inner\">\n\t\t\t\t<div class=\"elementor-shape elementor-shape-bottom\" data-negative=\"false\">\n\t\t\t<svg xmlns=\"http:\/\/www.w3.org\/2000\/svg\" viewbox=\"0 0 1000 100\" preserveaspectratio=\"none\">\n\t<path class=\"elementor-shape-fill\" d=\"M421.9,6.5c22.6-2.5,51.5,0.4,75.5,5.3c23.6,4.9,70.9,23.5,100.5,35.7c75.8,32.2,133.7,44.5,192.6,49.7\tc23.6,2.1,48.7,3.5,103.4-2.5c54.7-6,106.2-25.6,106.2-25.6V0H0v30.3c0,0,72,32.6,158.4,30.5c39.2-0.7,92.8-6.7,134-22.4\tc21.2-8.1,52.2-18.2,79.7-24.2C399.3,7.9,411.6,7.5,421.9,6.5z\"\/>\n<\/svg>\t\t<\/div>\n\t\t\t\t<div class=\"elementor-element elementor-element-7cc1ffd3 elementor-widget elementor-widget-heading\" data-id=\"7cc1ffd3\" data-element_type=\"widget\" data-widget_type=\"heading.default\">\n\t\t\t\t<div class=\"elementor-widget-container\">\n\t\t\t\t\t<h2 class=\"elementor-heading-title elementor-size-default\">Nuestras soluciones<\/h2>\t\t\t\t<\/div>\n\t\t\t\t<\/div>\n\t\t\t\t<div class=\"elementor-element elementor-element-e5aa04d elementor-widget-divider--view-line elementor-widget elementor-widget-divider\" data-id=\"e5aa04d\" data-element_type=\"widget\" data-widget_type=\"divider.default\">\n\t\t\t\t<div class=\"elementor-widget-container\">\n\t\t\t\t\t\t\t<div class=\"elementor-divider\">\n\t\t\t<span class=\"elementor-divider-separator\">\n\t\t\t\t\t\t<\/span>\n\t\t<\/div>\n\t\t\t\t\t\t<\/div>\n\t\t\t\t<\/div>\n\t\t\t\t<div class=\"elementor-element elementor-element-71d053bb elementor-widget elementor-widget-heading\" data-id=\"71d053bb\" data-element_type=\"widget\" data-widget_type=\"heading.default\">\n\t\t\t\t<div class=\"elementor-widget-container\">\n\t\t\t\t\t<h2 class=\"elementor-heading-title elementor-size-default\">Menos Alco<\/h2>\t\t\t\t<\/div>\n\t\t\t\t<\/div>\n\t\t\t\t\t<\/div>\n\t\t\t\t<\/div>\n\t\t\t\t<section class=\"elementor-section elementor-top-section elementor-element elementor-element-aac8d5d elementor-section-boxed elementor-section-height-default elementor-section-height-default\" data-id=\"aac8d5d\" data-element_type=\"section\">\n\t\t\t\t\t\t<div class=\"elementor-container elementor-column-gap-default\">\n\t\t\t\t\t<div class=\"elementor-column elementor-col-100 elementor-top-column elementor-element elementor-element-3f99068\" data-id=\"3f99068\" data-element_type=\"column\" data-settings=\"{&quot;background_background&quot;:&quot;classic&quot;}\">\n\t\t\t<div class=\"elementor-widget-wrap elementor-element-populated\">\n\t\t\t\t\t\t<section class=\"elementor-section elementor-inner-section elementor-element elementor-element-2fd86d8 elementor-section-full_width elementor-section-height-default elementor-section-height-default\" data-id=\"2fd86d8\" data-element_type=\"section\" data-settings=\"{&quot;background_background&quot;:&quot;classic&quot;}\">\n\t\t\t\t\t\t<div class=\"elementor-container elementor-column-gap-default\">\n\t\t\t\t\t<div class=\"elementor-column elementor-col-50 elementor-inner-column elementor-element elementor-element-2ece2b5\" data-id=\"2ece2b5\" data-element_type=\"column\" data-settings=\"{&quot;background_background&quot;:&quot;classic&quot;}\">\n\t\t\t<div class=\"elementor-widget-wrap elementor-element-populated\">\n\t\t\t\t\t\t<div class=\"elementor-element elementor-element-bf726a9 elementor-widget elementor-widget-image\" data-id=\"bf726a9\" data-element_type=\"widget\" data-widget_type=\"image.default\">\n\t\t\t\t<div class=\"elementor-widget-container\">\n\t\t\t\t\t\t\t\t\t\t\t\t\t\t\t<img fetchpriority=\"high\" decoding=\"async\" width=\"875\" height=\"1238\" src=\"https:\/\/co2winery.com\/wp-content\/uploads\/2025\/11\/Plan-de-travail-1@300x.png\" class=\"attachment-full size-full wp-image-3452\" alt=\"\" srcset=\"https:\/\/co2winery.com\/wp-content\/uploads\/2025\/11\/Plan-de-travail-1@300x.png 875w, https:\/\/co2winery.com\/wp-content\/uploads\/2025\/11\/Plan-de-travail-1@300x-212x300.png 212w, https:\/\/co2winery.com\/wp-content\/uploads\/2025\/11\/Plan-de-travail-1@300x-724x1024.png 724w, https:\/\/co2winery.com\/wp-content\/uploads\/2025\/11\/Plan-de-travail-1@300x-768x1087.png 768w, https:\/\/co2winery.com\/wp-content\/uploads\/2025\/11\/Plan-de-travail-1@300x-8x12.png 8w\" sizes=\"(max-width: 875px) 100vw, 875px\" \/>\t\t\t\t\t\t\t\t\t\t\t\t\t\t\t<\/div>\n\t\t\t\t<\/div>\n\t\t\t\t\t<\/div>\n\t\t<\/div>\n\t\t\t\t<div class=\"elementor-column elementor-col-50 elementor-inner-column elementor-element elementor-element-f47d4d6\" data-id=\"f47d4d6\" data-element_type=\"column\">\n\t\t\t<div class=\"elementor-widget-wrap elementor-element-populated\">\n\t\t\t\t\t\t<div class=\"elementor-element elementor-element-a8ba5d4 elementor-widget elementor-widget-spacer\" data-id=\"a8ba5d4\" data-element_type=\"widget\" data-widget_type=\"spacer.default\">\n\t\t\t\t<div class=\"elementor-widget-container\">\n\t\t\t\t\t\t\t<div class=\"elementor-spacer\">\n\t\t\t<div class=\"elementor-spacer-inner\"><\/div>\n\t\t<\/div>\n\t\t\t\t\t\t<\/div>\n\t\t\t\t<\/div>\n\t\t\t\t<div class=\"elementor-element elementor-element-c5189df elementor-widget elementor-widget-spacer\" data-id=\"c5189df\" data-element_type=\"widget\" data-widget_type=\"spacer.default\">\n\t\t\t\t<div class=\"elementor-widget-container\">\n\t\t\t\t\t\t\t<div class=\"elementor-spacer\">\n\t\t\t<div class=\"elementor-spacer-inner\"><\/div>\n\t\t<\/div>\n\t\t\t\t\t\t<\/div>\n\t\t\t\t<\/div>\n\t\t\t\t<div class=\"elementor-element elementor-element-7efb733 elementor-widget elementor-widget-text-editor\" data-id=\"7efb733\" data-element_type=\"widget\" data-widget_type=\"text-editor.default\">\n\t\t\t\t<div class=\"elementor-widget-container\">\n\t\t\t\t\t\t\t\t\t<p class=\" translation-block\">CO2 Winery transforma el <strong>CO2 fermentativo de las cubas<\/strong> en un <strong>valioso recurso para los viticultores<\/strong>.<\/p><p class=\" translation-block\">Gracias a nuestra <b>CO2 Box<\/b>, <strong>analizamos, purificamos y comprimimos<\/strong> este gas, que se <strong>almacena<\/strong> de forma segura en racks de almacenamiento, listo para su reutilizaci\u00f3n. Este enfoque forma parte de una <strong>econom\u00eda circular<\/strong>, reduciendo las p\u00e9rdidas de CO2 y <strong>transformando este residuo<\/strong> en un <strong>activo para la bodega<\/strong>.<\/p><p class=\" translation-block\">Uno de los procesos de <strong>mejora<\/strong> que ofrecemos es la <strong>desalcoholizaci\u00f3n mediante CO2<\/strong>.<\/p><p><em>A continuaci\u00f3n encontrar\u00e1 m\u00e1s informaci\u00f3n sobre la utilidad de Less Alco y las ventajas para los viticultores.<\/em><\/p>\t\t\t\t\t\t\t\t<\/div>\n\t\t\t\t<\/div>\n\t\t\t\t\t<\/div>\n\t\t<\/div>\n\t\t\t\t\t<\/div>\n\t\t<\/section>\n\t\t\t\t\t<\/div>\n\t\t<\/div>\n\t\t\t\t\t<\/div>\n\t\t<\/section>\n\t\t\t\t<section class=\"elementor-section elementor-top-section elementor-element elementor-element-b8479a2 elementor-section-boxed elementor-section-height-default elementor-section-height-default\" data-id=\"b8479a2\" data-element_type=\"section\" data-settings=\"{&quot;background_background&quot;:&quot;classic&quot;}\">\n\t\t\t\t\t\t<div class=\"elementor-container elementor-column-gap-default\">\n\t\t\t\t\t<div class=\"elementor-column elementor-col-100 elementor-top-column elementor-element elementor-element-2b82f6d\" data-id=\"2b82f6d\" data-element_type=\"column\">\n\t\t\t<div class=\"elementor-widget-wrap elementor-element-populated\">\n\t\t\t\t\t\t<section class=\"elementor-section elementor-inner-section elementor-element elementor-element-93f2e4f elementor-section-boxed elementor-section-height-default elementor-section-height-default\" data-id=\"93f2e4f\" data-element_type=\"section\">\n\t\t\t\t\t\t<div class=\"elementor-container elementor-column-gap-default\">\n\t\t\t\t\t<div class=\"elementor-column elementor-col-50 elementor-inner-column elementor-element elementor-element-df1f36e\" data-id=\"df1f36e\" data-element_type=\"column\">\n\t\t\t<div class=\"elementor-widget-wrap elementor-element-populated\">\n\t\t\t\t\t\t<div class=\"elementor-element elementor-element-042b7af elementor-widget elementor-widget-text-editor\" data-id=\"042b7af\" data-element_type=\"widget\" data-widget_type=\"text-editor.default\">\n\t\t\t\t<div class=\"elementor-widget-container\">\n\t\t\t\t\t\t\t\t\t<p class=\" translation-block\">Estamos desarrollando una tecnolog\u00eda de <strong>reinyecci\u00f3n de CO2 fermentativo<\/strong> durante la vinificaci\u00f3n para reducir el <strong>grado alcoh\u00f3lico<\/strong> de los vinos entre <strong>0,5 y 2 grados<\/strong>.<span class=\"Apple-converted-space\"> <\/span><\/p><p class=\" translation-block\">Este proceso, <em>patentado en 2021<\/em>, es el resultado de una investigaci\u00f3n en profundidad y de <strong>pruebas iniciales concluyentes<\/strong> realizadas en 2022. En colaboraci\u00f3n con el <em>ISVV<\/em>, tambi\u00e9n se realizaron pruebas en <strong>condiciones reales<\/strong> en 2023.<\/p><p class=\" translation-block\">Ahora queremos ampliar esta experimentaci\u00f3n reclutando <b>clientes embajadores<\/b> para que participen en las pruebas durante la pr\u00f3xima cosecha. Estos socios desempe\u00f1ar\u00e1n un papel clave en el desarrollo de este proceso.<\/p><p><span style=\"text-decoration: underline;\"><em>\u00bfCu\u00e1les son las ventajas de la desalcoholizaci\u00f3n parcial de los vinos?<\/em><\/span><\/p><ul><li class=\" translation-block\"><b>Facilitaci\u00f3n de la fermentaci\u00f3n<\/b> : Particularmente beneficioso para los mostos con alto contenido en az\u00facar debido a los cambios clim\u00e1ticos actuales, este proceso ayuda a regular la fermentaci\u00f3n alcoh\u00f3lica.<\/li><li class=\" translation-block\"><b>Equilibrio en el paladar<\/b>: Al reducir la graduaci\u00f3n alcoh\u00f3lica, disminuye el car\u00e1cter ardiente de ciertos vinos, creando un equilibrio m\u00e1s armonioso en el paladar.<\/li><li class=\" translation-block\"><b>Responder a las tendencias de los consumidores<\/b> : La creciente demanda de vinos con menos alcohol y m\u00e1s ligeros hace de esta tecnolog\u00eda una soluci\u00f3n moderna, adaptada a las expectativas actuales.<\/li><\/ul>\t\t\t\t\t\t\t\t<\/div>\n\t\t\t\t<\/div>\n\t\t\t\t\t<\/div>\n\t\t<\/div>\n\t\t\t\t<div class=\"elementor-column elementor-col-50 elementor-inner-column elementor-element elementor-element-a67d9cd\" data-id=\"a67d9cd\" data-element_type=\"column\">\n\t\t\t<div class=\"elementor-widget-wrap elementor-element-populated\">\n\t\t\t\t\t\t<div class=\"elementor-element elementor-element-1ad4b29 elementor-widget__width-initial elementor-widget elementor-widget-image\" data-id=\"1ad4b29\" data-element_type=\"widget\" data-widget_type=\"image.default\">\n\t\t\t\t<div class=\"elementor-widget-container\">\n\t\t\t\t\t\t\t\t\t\t\t\t\t\t\t<img decoding=\"async\" width=\"2048\" height=\"2048\" src=\"https:\/\/co2winery.com\/wp-content\/uploads\/2024\/11\/Design-sans-titre-3.png\" class=\"attachment-2048x2048 size-2048x2048 wp-image-2070\" alt=\"CO2 Less Alco : r\u00e9injection CO2 - r\u00e9duction teneur alcool vins - valorisation du CO2 fermentaire dans le chai\" srcset=\"https:\/\/co2winery.com\/wp-content\/uploads\/2024\/11\/Design-sans-titre-3.png 2048w, https:\/\/co2winery.com\/wp-content\/uploads\/2024\/11\/Design-sans-titre-3-300x300.png 300w, https:\/\/co2winery.com\/wp-content\/uploads\/2024\/11\/Design-sans-titre-3-1024x1024.png 1024w, https:\/\/co2winery.com\/wp-content\/uploads\/2024\/11\/Design-sans-titre-3-150x150.png 150w, https:\/\/co2winery.com\/wp-content\/uploads\/2024\/11\/Design-sans-titre-3-768x768.png 768w, https:\/\/co2winery.com\/wp-content\/uploads\/2024\/11\/Design-sans-titre-3-1536x1536.png 1536w, https:\/\/co2winery.com\/wp-content\/uploads\/2024\/11\/Design-sans-titre-3-12x12.png 12w\" sizes=\"(max-width: 2048px) 100vw, 2048px\" \/>\t\t\t\t\t\t\t\t\t\t\t\t\t\t\t<\/div>\n\t\t\t\t<\/div>\n\t\t\t\t\t<\/div>\n\t\t<\/div>\n\t\t\t\t\t<\/div>\n\t\t<\/section>\n\t\t\t\t\t<\/div>\n\t\t<\/div>\n\t\t\t\t\t<\/div>\n\t\t<\/section>\n\t\t\t\t<section class=\"elementor-section elementor-top-section elementor-element elementor-element-90e5aaf elementor-section-boxed elementor-section-height-default elementor-section-height-default\" data-id=\"90e5aaf\" data-element_type=\"section\">\n\t\t\t\t\t\t<div class=\"elementor-container elementor-column-gap-default\">\n\t\t\t\t\t<div class=\"elementor-column elementor-col-100 elementor-top-column elementor-element elementor-element-8128278\" data-id=\"8128278\" data-element_type=\"column\">\n\t\t\t<div class=\"elementor-widget-wrap elementor-element-populated\">\n\t\t\t\t\t\t<div class=\"elementor-element elementor-element-73e2467 elementor-widget elementor-widget-text-editor\" data-id=\"73e2467\" data-element_type=\"widget\" data-widget_type=\"text-editor.default\">\n\t\t\t\t<div class=\"elementor-widget-container\">\n\t\t\t\t\t\t\t\t\t<p>Este innovador proceso de reinyecci\u00f3n de CO2 fermentativo ofrece una soluci\u00f3n sostenible para ayudar a los viticultores a producir vinos m\u00e1s equilibrados y acordes con los cambiantes gustos de los consumidores.<\/p>\t\t\t\t\t\t\t\t<\/div>\n\t\t\t\t<\/div>\n\t\t\t\t\t<\/div>\n\t\t<\/div>\n\t\t\t\t\t<\/div>\n\t\t<\/section>\n\t\t\t\t<section class=\"elementor-section elementor-top-section elementor-element elementor-element-4eb883b elementor-section-boxed elementor-section-height-default elementor-section-height-default\" data-id=\"4eb883b\" data-element_type=\"section\">\n\t\t\t\t\t\t<div class=\"elementor-container elementor-column-gap-default\">\n\t\t\t\t\t<div class=\"elementor-column elementor-col-100 elementor-top-column elementor-element elementor-element-0cb19cb\" data-id=\"0cb19cb\" data-element_type=\"column\">\n\t\t\t<div class=\"elementor-widget-wrap elementor-element-populated\">\n\t\t\t\t\t\t<div class=\"elementor-element elementor-element-08c2c0f elementor-widget elementor-widget-spacer\" data-id=\"08c2c0f\" data-element_type=\"widget\" data-widget_type=\"spacer.default\">\n\t\t\t\t<div class=\"elementor-widget-container\">\n\t\t\t\t\t\t\t<div class=\"elementor-spacer\">\n\t\t\t<div class=\"elementor-spacer-inner\"><\/div>\n\t\t<\/div>\n\t\t\t\t\t\t<\/div>\n\t\t\t\t<\/div>\n\t\t\t\t<div class=\"elementor-element elementor-element-7b6cf9f elementor-align-center elementor-widget elementor-widget-button\" data-id=\"7b6cf9f\" data-element_type=\"widget\" data-widget_type=\"button.default\">\n\t\t\t\t<div class=\"elementor-widget-container\">\n\t\t\t\t\t\t\t\t\t<div class=\"elementor-button-wrapper\">\n\t\t\t\t\t<a class=\"elementor-button elementor-button-link elementor-size-sm\" href=\"http:\/\/co2winery.com\/index.php\/solutions\/\">\n\t\t\t\t\t\t<span class=\"elementor-button-content-wrapper\">\n\t\t\t\t\t\t\t\t\t<span class=\"elementor-button-text\">Volver a nuestras soluciones<\/span>\n\t\t\t\t\t<\/span>\n\t\t\t\t\t<\/a>\n\t\t\t\t<\/div>\n\t\t\t\t\t\t\t\t<\/div>\n\t\t\t\t<\/div>\n\t\t\t\t\t<\/div>\n\t\t<\/div>\n\t\t\t\t\t<\/div>\n\t\t<\/section>\n\t\t\t\t<\/div>","protected":false},"excerpt":{"rendered":"<p>Nuestras soluciones Less Alco CO2 Winery transforman el CO2 fermentativo de las cubas en un valioso recurso para los viticultores. Utilizando nuestra CO2 Box, analizamos, purificamos y comprimimos este gas, que luego se almacena de forma segura en bastidores de almacenamiento, listo para su reutilizaci\u00f3n. Este enfoque forma parte de una econom\u00eda circular, ... <a title=\"Menos Alco\" class=\"read-more\" href=\"https:\/\/co2winery.com\/es\/lessalco-2\/\" aria-label=\"M\u00e1s en Menos Alco\">Leer m\u00e1s<\/a><\/p>","protected":false},"author":1,"featured_media":0,"parent":0,"menu_order":0,"comment_status":"closed","ping_status":"closed","template":"elementor_header_footer","meta":{"om_disable_all_campaigns":false,"_monsterinsights_skip_tracking":false,"_monsterinsights_sitenote_active":false,"_monsterinsights_sitenote_note":"","_monsterinsights_sitenote_category":0,"_uf_show_specific_survey":0,"_uf_disable_surveys":false,"footnotes":""},"class_list":["post-318","page","type-page","status-publish"],"aioseo_notices":[],"_links":{"self":[{"href":"https:\/\/co2winery.com\/es\/wp-json\/wp\/v2\/pages\/318","targetHints":{"allow":["GET"]}}],"collection":[{"href":"https:\/\/co2winery.com\/es\/wp-json\/wp\/v2\/pages"}],"about":[{"href":"https:\/\/co2winery.com\/es\/wp-json\/wp\/v2\/types\/page"}],"author":[{"embeddable":true,"href":"https:\/\/co2winery.com\/es\/wp-json\/wp\/v2\/users\/1"}],"replies":[{"embeddable":true,"href":"https:\/\/co2winery.com\/es\/wp-json\/wp\/v2\/comments?post=318"}],"version-history":[{"count":71,"href":"https:\/\/co2winery.com\/es\/wp-json\/wp\/v2\/pages\/318\/revisions"}],"predecessor-version":[{"id":3661,"href":"https:\/\/co2winery.com\/es\/wp-json\/wp\/v2\/pages\/318\/revisions\/3661"}],"wp:attachment":[{"href":"https:\/\/co2winery.com\/es\/wp-json\/wp\/v2\/media?parent=318"}],"curies":[{"name":"wp","href":"https:\/\/api.w.org\/{rel}","templated":true}]}}