{"id":301,"date":"2022-08-14T21:18:11","date_gmt":"2022-08-14T19:18:11","guid":{"rendered":"http:\/\/co2winery.com\/?page_id=301"},"modified":"2025-12-11T07:08:04","modified_gmt":"2025-12-11T06:08:04","slug":"co2-water","status":"publish","type":"page","link":"https:\/\/co2winery.com\/es\/co2-water\/","title":{"rendered":"CO2 Agua"},"content":{"rendered":"<div data-elementor-type=\"wp-page\" data-elementor-id=\"301\" class=\"elementor elementor-301\" data-elementor-post-type=\"page\">\n\t\t\t\t<div class=\"elementor-element elementor-element-6ef0e87d e-flex e-con-boxed e-con e-parent\" data-id=\"6ef0e87d\" data-element_type=\"container\" data-settings=\"{&quot;background_background&quot;:&quot;gradient&quot;,&quot;shape_divider_bottom&quot;:&quot;waves&quot;}\">\n\t\t\t\t\t<div class=\"e-con-inner\">\n\t\t\t\t<div class=\"elementor-shape elementor-shape-bottom\" data-negative=\"false\">\n\t\t\t<svg xmlns=\"http:\/\/www.w3.org\/2000\/svg\" viewbox=\"0 0 1000 100\" preserveaspectratio=\"none\">\n\t<path class=\"elementor-shape-fill\" d=\"M421.9,6.5c22.6-2.5,51.5,0.4,75.5,5.3c23.6,4.9,70.9,23.5,100.5,35.7c75.8,32.2,133.7,44.5,192.6,49.7\tc23.6,2.1,48.7,3.5,103.4-2.5c54.7-6,106.2-25.6,106.2-25.6V0H0v30.3c0,0,72,32.6,158.4,30.5c39.2-0.7,92.8-6.7,134-22.4\tc21.2-8.1,52.2-18.2,79.7-24.2C399.3,7.9,411.6,7.5,421.9,6.5z\"\/>\n<\/svg>\t\t<\/div>\n\t\t\t\t<div class=\"elementor-element elementor-element-4f932435 elementor-widget elementor-widget-heading\" data-id=\"4f932435\" data-element_type=\"widget\" data-widget_type=\"heading.default\">\n\t\t\t\t<div class=\"elementor-widget-container\">\n\t\t\t\t\t<h2 class=\"elementor-heading-title elementor-size-default\">Nuestras soluciones<\/h2>\t\t\t\t<\/div>\n\t\t\t\t<\/div>\n\t\t\t\t<div class=\"elementor-element elementor-element-7c8a7a3f elementor-widget-divider--view-line elementor-widget elementor-widget-divider\" data-id=\"7c8a7a3f\" data-element_type=\"widget\" data-widget_type=\"divider.default\">\n\t\t\t\t<div class=\"elementor-widget-container\">\n\t\t\t\t\t\t\t<div class=\"elementor-divider\">\n\t\t\t<span class=\"elementor-divider-separator\">\n\t\t\t\t\t\t<\/span>\n\t\t<\/div>\n\t\t\t\t\t\t<\/div>\n\t\t\t\t<\/div>\n\t\t\t\t<div class=\"elementor-element elementor-element-3a4a46a5 elementor-widget elementor-widget-heading\" data-id=\"3a4a46a5\" data-element_type=\"widget\" data-widget_type=\"heading.default\">\n\t\t\t\t<div class=\"elementor-widget-container\">\n\t\t\t\t\t<h2 class=\"elementor-heading-title elementor-size-default\">CO2 Agua<\/h2>\t\t\t\t<\/div>\n\t\t\t\t<\/div>\n\t\t\t\t\t<\/div>\n\t\t\t\t<\/div>\n\t\t\t\t<section class=\"elementor-section elementor-top-section elementor-element elementor-element-f628292 elementor-section-boxed elementor-section-height-default elementor-section-height-default\" data-id=\"f628292\" data-element_type=\"section\">\n\t\t\t\t\t\t<div class=\"elementor-container elementor-column-gap-default\">\n\t\t\t\t\t<div class=\"elementor-column elementor-col-100 elementor-top-column elementor-element elementor-element-4d3deee\" data-id=\"4d3deee\" data-element_type=\"column\" data-settings=\"{&quot;background_background&quot;:&quot;classic&quot;}\">\n\t\t\t<div class=\"elementor-widget-wrap elementor-element-populated\">\n\t\t\t\t\t\t<section class=\"elementor-section elementor-inner-section elementor-element elementor-element-c77da8b elementor-section-full_width elementor-section-height-default elementor-section-height-default\" data-id=\"c77da8b\" data-element_type=\"section\" data-settings=\"{&quot;background_background&quot;:&quot;classic&quot;}\">\n\t\t\t\t\t\t<div class=\"elementor-container elementor-column-gap-default\">\n\t\t\t\t\t<div class=\"elementor-column elementor-col-50 elementor-inner-column elementor-element elementor-element-7db8706\" data-id=\"7db8706\" data-element_type=\"column\" data-settings=\"{&quot;background_background&quot;:&quot;classic&quot;}\">\n\t\t\t<div class=\"elementor-widget-wrap elementor-element-populated\">\n\t\t\t\t\t\t<div class=\"elementor-element elementor-element-97af601 elementor-widget elementor-widget-image\" data-id=\"97af601\" data-element_type=\"widget\" data-widget_type=\"image.default\">\n\t\t\t\t<div class=\"elementor-widget-container\">\n\t\t\t\t\t\t\t\t\t\t\t\t\t\t\t<img fetchpriority=\"high\" decoding=\"async\" width=\"875\" height=\"1238\" src=\"https:\/\/co2winery.com\/wp-content\/uploads\/2025\/11\/Plan-de-travail-1@300x.png\" class=\"attachment-full size-full wp-image-3452\" alt=\"\" srcset=\"https:\/\/co2winery.com\/wp-content\/uploads\/2025\/11\/Plan-de-travail-1@300x.png 875w, https:\/\/co2winery.com\/wp-content\/uploads\/2025\/11\/Plan-de-travail-1@300x-212x300.png 212w, https:\/\/co2winery.com\/wp-content\/uploads\/2025\/11\/Plan-de-travail-1@300x-724x1024.png 724w, https:\/\/co2winery.com\/wp-content\/uploads\/2025\/11\/Plan-de-travail-1@300x-768x1087.png 768w, https:\/\/co2winery.com\/wp-content\/uploads\/2025\/11\/Plan-de-travail-1@300x-8x12.png 8w\" sizes=\"(max-width: 875px) 100vw, 875px\" \/>\t\t\t\t\t\t\t\t\t\t\t\t\t\t\t<\/div>\n\t\t\t\t<\/div>\n\t\t\t\t\t<\/div>\n\t\t<\/div>\n\t\t\t\t<div class=\"elementor-column elementor-col-50 elementor-inner-column elementor-element elementor-element-2e6185c\" data-id=\"2e6185c\" data-element_type=\"column\">\n\t\t\t<div class=\"elementor-widget-wrap elementor-element-populated\">\n\t\t\t\t\t\t<div class=\"elementor-element elementor-element-718fc12 elementor-widget elementor-widget-spacer\" data-id=\"718fc12\" data-element_type=\"widget\" data-widget_type=\"spacer.default\">\n\t\t\t\t<div class=\"elementor-widget-container\">\n\t\t\t\t\t\t\t<div class=\"elementor-spacer\">\n\t\t\t<div class=\"elementor-spacer-inner\"><\/div>\n\t\t<\/div>\n\t\t\t\t\t\t<\/div>\n\t\t\t\t<\/div>\n\t\t\t\t<div class=\"elementor-element elementor-element-5e3197a elementor-widget elementor-widget-spacer\" data-id=\"5e3197a\" data-element_type=\"widget\" data-widget_type=\"spacer.default\">\n\t\t\t\t<div class=\"elementor-widget-container\">\n\t\t\t\t\t\t\t<div class=\"elementor-spacer\">\n\t\t\t<div class=\"elementor-spacer-inner\"><\/div>\n\t\t<\/div>\n\t\t\t\t\t\t<\/div>\n\t\t\t\t<\/div>\n\t\t\t\t<div class=\"elementor-element elementor-element-bae50c4 elementor-widget elementor-widget-text-editor\" data-id=\"bae50c4\" data-element_type=\"widget\" data-widget_type=\"text-editor.default\">\n\t\t\t\t<div class=\"elementor-widget-container\">\n\t\t\t\t\t\t\t\t\t<p class=\" translation-block\">CO2 Winery transforma el <strong>CO2 fermentativo de las cubas<\/strong> en un <strong>valioso recurso para los viticultores<\/strong>.<\/p>\n<p class=\" translation-block\">Gracias a nuestra <b>CO2 Box<\/b>, <strong>analizamos, purificamos y comprimimos<\/strong> este gas, que se <strong>almacena<\/strong> de forma segura en racks de almacenamiento, listo para su reutilizaci\u00f3n. Este enfoque forma parte de una <strong>econom\u00eda circular<\/strong>, reduciendo las p\u00e9rdidas de CO2 y <strong>transformando este residuo<\/strong> en un <strong>activo para la bodega<\/strong>.<\/p>\n<p class=\" translation-block\">Uno de los procesos de <strong>mejora<\/strong> que proponemos es la <strong>producci\u00f3n de agua con gas<\/strong>.<\/p>\n<p><em>A continuaci\u00f3n encontrar\u00e1 m\u00e1s informaci\u00f3n sobre las ventajas del agua con gas para los viticultores.<\/em><\/p>\t\t\t\t\t\t\t\t<\/div>\n\t\t\t\t<\/div>\n\t\t\t\t\t<\/div>\n\t\t<\/div>\n\t\t\t\t\t<\/div>\n\t\t<\/section>\n\t\t\t\t\t<\/div>\n\t\t<\/div>\n\t\t\t\t\t<\/div>\n\t\t<\/section>\n\t\t\t\t<section class=\"elementor-section elementor-top-section elementor-element elementor-element-2f35cae elementor-section-boxed elementor-section-height-default elementor-section-height-default\" data-id=\"2f35cae\" data-element_type=\"section\" data-settings=\"{&quot;background_background&quot;:&quot;classic&quot;}\">\n\t\t\t\t\t\t<div class=\"elementor-container elementor-column-gap-default\">\n\t\t\t\t\t<div class=\"elementor-column elementor-col-100 elementor-top-column elementor-element elementor-element-5e0797b\" data-id=\"5e0797b\" data-element_type=\"column\">\n\t\t\t<div class=\"elementor-widget-wrap elementor-element-populated\">\n\t\t\t\t\t\t<section class=\"elementor-section elementor-inner-section elementor-element elementor-element-a8a407a elementor-section-boxed elementor-section-height-default elementor-section-height-default\" data-id=\"a8a407a\" data-element_type=\"section\">\n\t\t\t\t\t\t<div class=\"elementor-container elementor-column-gap-default\">\n\t\t\t\t\t<div class=\"elementor-column elementor-col-50 elementor-inner-column elementor-element elementor-element-671ea93\" data-id=\"671ea93\" data-element_type=\"column\">\n\t\t\t<div class=\"elementor-widget-wrap elementor-element-populated\">\n\t\t\t\t\t\t<div class=\"elementor-element elementor-element-c0d6855 elementor-widget elementor-widget-text-editor\" data-id=\"c0d6855\" data-element_type=\"widget\" data-widget_type=\"text-editor.default\">\n\t\t\t\t<div class=\"elementor-widget-container\">\n\t\t\t\t\t\t\t\t\t<p class=\" translation-block\">Proponemos un <strong>innovador sistema<\/strong> que consiste en <strong>inyectar CO2 en el agua para saturarla<\/strong>, modificando as\u00ed su <strong>pH<\/strong>.<\/p><p class=\" translation-block\">En colaboraci\u00f3n con FOURAGE CTI, esta tecnolog\u00eda permite <strong>reducir los vol\u00famenes de agua<\/strong> necesarios en <strong>m\u00e1s del 85 %<\/strong>, ofreciendo un <strong>importante<\/strong> impacto <strong>ecol\u00f3gico<\/strong> y <strong>econ\u00f3mico<\/strong>.<\/p><p class=\" translation-block\">Nuestro sistema, disponible en versi\u00f3n <strong>fija<\/strong> o <strong>m\u00f3vil<\/strong>, se conecta directamente a la red de abastecimiento de agua de la bodega y permite <strong>gasificar el agua hasta 2 g\/L<\/strong>. La acidificaci\u00f3n del agua obtenida (pH pr\u00f3ximo a 5) <strong>aumenta su poder humectante<\/strong>, proporcionando una mayor eficacia de limpieza.<\/p><p class=\" translation-block\">Para los viticultores, el agua carbonatada ofrece <strong>varias ventajas pr\u00e1cticas<\/strong>:<\/p><ul><li class=\" translation-block\"><b>Reducci\u00f3n del consumo de agua<\/b>: la acidificaci\u00f3n reduce tres veces la necesidad de agua para enjuagar los tanques.<\/li><li class=\" translation-block\"><b>Disoluci\u00f3n de la cal<\/b>: Disminuir el pH tambi\u00e9n facilita la disoluci\u00f3n de la cal, mejorando la vida \u00fatil de los equipos.<\/li><li class=\" translation-block\"><b>Botellado<\/b>: Ideal para el embotellado de vinos blancos y rosados, esta soluci\u00f3n se adapta a las necesidades espec\u00edficas de cada etapa de producci\u00f3n.<\/li><\/ul>\t\t\t\t\t\t\t\t<\/div>\n\t\t\t\t<\/div>\n\t\t\t\t\t<\/div>\n\t\t<\/div>\n\t\t\t\t<div class=\"elementor-column elementor-col-50 elementor-inner-column elementor-element elementor-element-9c0c835\" data-id=\"9c0c835\" data-element_type=\"column\">\n\t\t\t<div class=\"elementor-widget-wrap elementor-element-populated\">\n\t\t\t\t\t\t<div class=\"elementor-element elementor-element-2f806dd elementor-widget__width-initial elementor-widget elementor-widget-image\" data-id=\"2f806dd\" data-element_type=\"widget\" data-widget_type=\"image.default\">\n\t\t\t\t<div class=\"elementor-widget-container\">\n\t\t\t\t\t\t\t\t\t\t\t\t\t\t\t<img decoding=\"async\" width=\"2048\" height=\"2048\" src=\"https:\/\/co2winery.com\/wp-content\/uploads\/2024\/11\/1-4.png\" class=\"attachment-2048x2048 size-2048x2048 wp-image-2027\" alt=\"CO2 Water : valorisation du CO2 fermentaire dans le chai\" srcset=\"https:\/\/co2winery.com\/wp-content\/uploads\/2024\/11\/1-4.png 2048w, https:\/\/co2winery.com\/wp-content\/uploads\/2024\/11\/1-4-300x300.png 300w, https:\/\/co2winery.com\/wp-content\/uploads\/2024\/11\/1-4-1024x1024.png 1024w, https:\/\/co2winery.com\/wp-content\/uploads\/2024\/11\/1-4-150x150.png 150w, https:\/\/co2winery.com\/wp-content\/uploads\/2024\/11\/1-4-768x768.png 768w, https:\/\/co2winery.com\/wp-content\/uploads\/2024\/11\/1-4-1536x1536.png 1536w, https:\/\/co2winery.com\/wp-content\/uploads\/2024\/11\/1-4-12x12.png 12w\" sizes=\"(max-width: 2048px) 100vw, 2048px\" \/>\t\t\t\t\t\t\t\t\t\t\t\t\t\t\t<\/div>\n\t\t\t\t<\/div>\n\t\t\t\t\t<\/div>\n\t\t<\/div>\n\t\t\t\t\t<\/div>\n\t\t<\/section>\n\t\t\t\t\t<\/div>\n\t\t<\/div>\n\t\t\t\t\t<\/div>\n\t\t<\/section>\n\t\t\t\t<section class=\"elementor-section elementor-top-section elementor-element elementor-element-394b4ba elementor-section-boxed elementor-section-height-default elementor-section-height-default\" data-id=\"394b4ba\" data-element_type=\"section\">\n\t\t\t\t\t\t<div class=\"elementor-container elementor-column-gap-default\">\n\t\t\t\t\t<div class=\"elementor-column elementor-col-100 elementor-top-column elementor-element elementor-element-729eeb5\" data-id=\"729eeb5\" data-element_type=\"column\">\n\t\t\t<div class=\"elementor-widget-wrap elementor-element-populated\">\n\t\t\t\t\t\t<div class=\"elementor-element elementor-element-61b9d12 elementor-widget elementor-widget-text-editor\" data-id=\"61b9d12\" data-element_type=\"widget\" data-widget_type=\"text-editor.default\">\n\t\t\t\t<div class=\"elementor-widget-container\">\n\t\t\t\t\t\t\t\t\t<p>Este sistema de acidificaci\u00f3n del agua mediante inyecci\u00f3n de CO\u2082 cumple los requisitos de la viticultura sostenible al ofrecer un m\u00e9todo de limpieza de alto rendimiento, econ\u00f3mico y respetuoso con el medio ambiente.<\/p>\t\t\t\t\t\t\t\t<\/div>\n\t\t\t\t<\/div>\n\t\t\t\t\t<\/div>\n\t\t<\/div>\n\t\t\t\t\t<\/div>\n\t\t<\/section>\n\t\t\t\t<section class=\"elementor-section elementor-top-section elementor-element elementor-element-7b7b8f8 elementor-section-boxed elementor-section-height-default elementor-section-height-default\" data-id=\"7b7b8f8\" data-element_type=\"section\">\n\t\t\t\t\t\t<div class=\"elementor-container elementor-column-gap-default\">\n\t\t\t\t\t<div class=\"elementor-column elementor-col-100 elementor-top-column elementor-element elementor-element-85283c4\" data-id=\"85283c4\" data-element_type=\"column\">\n\t\t\t<div class=\"elementor-widget-wrap elementor-element-populated\">\n\t\t\t\t\t\t<div class=\"elementor-element elementor-element-4bf4106 elementor-widget elementor-widget-gallery\" data-id=\"4bf4106\" data-element_type=\"widget\" data-settings=\"{&quot;columns&quot;:3,&quot;gap&quot;:{&quot;unit&quot;:&quot;px&quot;,&quot;size&quot;:51,&quot;sizes&quot;:[]},&quot;image_hover_animation&quot;:&quot;grow&quot;,&quot;gallery_layout&quot;:&quot;grid&quot;,&quot;columns_tablet&quot;:2,&quot;columns_mobile&quot;:1,&quot;gap_tablet&quot;:{&quot;unit&quot;:&quot;px&quot;,&quot;size&quot;:10,&quot;sizes&quot;:[]},&quot;gap_mobile&quot;:{&quot;unit&quot;:&quot;px&quot;,&quot;size&quot;:10,&quot;sizes&quot;:[]},&quot;aspect_ratio&quot;:&quot;3:2&quot;,&quot;content_hover_animation&quot;:&quot;fade-in&quot;}\" data-widget_type=\"gallery.default\">\n\t\t\t\t<div class=\"elementor-widget-container\">\n\t\t\t\t\t\t\t<div class=\"elementor-gallery__container\">\n\t\t\t\t\t\t\t<div class=\"e-gallery-item elementor-gallery-item elementor-animated-content\">\n\t\t\t\t\t<div class=\"e-gallery-image elementor-gallery-item__image\" data-thumbnail=\"https:\/\/co2winery.com\/wp-content\/uploads\/2024\/11\/3-1.png\" data-width=\"2048\" data-height=\"2048\" aria-label=\"CO2 Agua: sistema de acidificaci\u00f3n\/gasificaci\u00f3n del agua mediante inyecci\u00f3n de CO\u2082 - recuperaci\u00f3n del CO2 fermentativo en bodega\" role=\"img\" ><\/div>\n\t\t\t\t\t\t\t\t\t\t\t\t\t\t<\/div>\n\t\t\t\t\t\t\t<div class=\"e-gallery-item elementor-gallery-item elementor-animated-content\">\n\t\t\t\t\t<div class=\"e-gallery-image elementor-gallery-item__image\" data-thumbnail=\"https:\/\/co2winery.com\/wp-content\/uploads\/2024\/11\/4-1.png\" data-width=\"2048\" data-height=\"2048\" aria-label=\"CO2 Agua: sistema de acidificaci\u00f3n\/gasificaci\u00f3n del agua mediante inyecci\u00f3n de CO\u2082 - recuperaci\u00f3n del CO2 fermentativo en bodega\" role=\"img\" ><\/div>\n\t\t\t\t\t\t\t\t\t\t\t\t\t\t<\/div>\n\t\t\t\t\t\t\t<div class=\"e-gallery-item elementor-gallery-item elementor-animated-content\">\n\t\t\t\t\t<div class=\"e-gallery-image elementor-gallery-item__image\" data-thumbnail=\"https:\/\/co2winery.com\/wp-content\/uploads\/2024\/11\/2-5.png\" data-width=\"2048\" data-height=\"2048\" aria-label=\"CO2 Agua: sistema de acidificaci\u00f3n\/gasificaci\u00f3n del agua mediante inyecci\u00f3n de CO\u2082 - recuperaci\u00f3n del CO2 fermentativo en bodega\" role=\"img\" ><\/div>\n\t\t\t\t\t\t\t\t\t\t\t\t\t\t<\/div>\n\t\t\t\t\t<\/div>\n\t\t\t\t\t<\/div>\n\t\t\t\t<\/div>\n\t\t\t\t\t<\/div>\n\t\t<\/div>\n\t\t\t\t\t<\/div>\n\t\t<\/section>\n\t\t\t\t<section class=\"elementor-section elementor-top-section elementor-element elementor-element-3d0dab1 elementor-section-boxed elementor-section-height-default elementor-section-height-default\" data-id=\"3d0dab1\" data-element_type=\"section\">\n\t\t\t\t\t\t<div class=\"elementor-container elementor-column-gap-default\">\n\t\t\t\t\t<div class=\"elementor-column elementor-col-100 elementor-top-column elementor-element elementor-element-18d2cc8\" data-id=\"18d2cc8\" data-element_type=\"column\">\n\t\t\t<div class=\"elementor-widget-wrap elementor-element-populated\">\n\t\t\t\t\t\t<div class=\"elementor-element elementor-element-1398a5b elementor-widget elementor-widget-spacer\" data-id=\"1398a5b\" data-element_type=\"widget\" data-widget_type=\"spacer.default\">\n\t\t\t\t<div class=\"elementor-widget-container\">\n\t\t\t\t\t\t\t<div class=\"elementor-spacer\">\n\t\t\t<div class=\"elementor-spacer-inner\"><\/div>\n\t\t<\/div>\n\t\t\t\t\t\t<\/div>\n\t\t\t\t<\/div>\n\t\t\t\t<div class=\"elementor-element elementor-element-ca019e0 elementor-align-center elementor-widget elementor-widget-button\" data-id=\"ca019e0\" data-element_type=\"widget\" data-widget_type=\"button.default\">\n\t\t\t\t<div class=\"elementor-widget-container\">\n\t\t\t\t\t\t\t\t\t<div class=\"elementor-button-wrapper\">\n\t\t\t\t\t<a class=\"elementor-button elementor-button-link elementor-size-sm\" href=\"http:\/\/co2winery.com\/index.php\/solutions\/\">\n\t\t\t\t\t\t<span class=\"elementor-button-content-wrapper\">\n\t\t\t\t\t\t\t\t\t<span class=\"elementor-button-text\">Volver a nuestras soluciones<\/span>\n\t\t\t\t\t<\/span>\n\t\t\t\t\t<\/a>\n\t\t\t\t<\/div>\n\t\t\t\t\t\t\t\t<\/div>\n\t\t\t\t<\/div>\n\t\t\t\t\t<\/div>\n\t\t<\/div>\n\t\t\t\t\t<\/div>\n\t\t<\/section>\n\t\t\t\t<\/div>","protected":false},"excerpt":{"rendered":"<p>Nuestras soluciones CO2 Water CO2 Winery transforman el CO2 fermentativo de las cubas en un valioso recurso para los viticultores. Con nuestra CO2 Box, analizamos, purificamos y comprimimos este gas, que luego se almacena de forma segura en estanter\u00edas, listo para su reutilizaci\u00f3n. Este planteamiento forma parte de una econom\u00eda circular, ... <a title=\"CO2 Agua\" class=\"read-more\" href=\"https:\/\/co2winery.com\/es\/co2-water\/\" aria-label=\"M\u00e1s en CO2 Agua\">Leer m\u00e1s<\/a><\/p>","protected":false},"author":1,"featured_media":0,"parent":0,"menu_order":0,"comment_status":"closed","ping_status":"closed","template":"elementor_header_footer","meta":{"om_disable_all_campaigns":false,"_monsterinsights_skip_tracking":false,"_monsterinsights_sitenote_active":false,"_monsterinsights_sitenote_note":"","_monsterinsights_sitenote_category":0,"_uf_show_specific_survey":0,"_uf_disable_surveys":false,"footnotes":""},"class_list":["post-301","page","type-page","status-publish"],"aioseo_notices":[],"_links":{"self":[{"href":"https:\/\/co2winery.com\/es\/wp-json\/wp\/v2\/pages\/301","targetHints":{"allow":["GET"]}}],"collection":[{"href":"https:\/\/co2winery.com\/es\/wp-json\/wp\/v2\/pages"}],"about":[{"href":"https:\/\/co2winery.com\/es\/wp-json\/wp\/v2\/types\/page"}],"author":[{"embeddable":true,"href":"https:\/\/co2winery.com\/es\/wp-json\/wp\/v2\/users\/1"}],"replies":[{"embeddable":true,"href":"https:\/\/co2winery.com\/es\/wp-json\/wp\/v2\/comments?post=301"}],"version-history":[{"count":49,"href":"https:\/\/co2winery.com\/es\/wp-json\/wp\/v2\/pages\/301\/revisions"}],"predecessor-version":[{"id":3657,"href":"https:\/\/co2winery.com\/es\/wp-json\/wp\/v2\/pages\/301\/revisions\/3657"}],"wp:attachment":[{"href":"https:\/\/co2winery.com\/es\/wp-json\/wp\/v2\/media?parent=301"}],"curies":[{"name":"wp","href":"https:\/\/api.w.org\/{rel}","templated":true}]}}