{"id":2942,"date":"2025-04-10T15:15:15","date_gmt":"2025-04-10T13:15:15","guid":{"rendered":"https:\/\/co2winery.com\/?page_id=2942"},"modified":"2025-12-09T01:27:57","modified_gmt":"2025-12-09T00:27:57","slug":"article-revue-des-oenologues-des-solutions-de-recyclage-presentees-au-dernier-vinitech","status":"publish","type":"page","link":"https:\/\/co2winery.com\/es\/article-revue-des-oenologues-des-solutions-de-recyclage-presentees-au-dernier-vinitech\/","title":{"rendered":"Article Revue des Oenologues: soluciones de reciclaje presentadas en la \u00faltima edici\u00f3n de Vinitech"},"content":{"rendered":"<div data-elementor-type=\"wp-page\" data-elementor-id=\"2942\" class=\"elementor elementor-2942\" data-elementor-post-type=\"page\">\n\t\t\t\t\t\t<section class=\"elementor-section elementor-top-section elementor-element elementor-element-e14f9d4 elementor-section-boxed elementor-section-height-default elementor-section-height-default\" data-id=\"e14f9d4\" data-element_type=\"section\">\n\t\t\t\t\t\t<div class=\"elementor-container elementor-column-gap-default\">\n\t\t\t\t\t<div class=\"elementor-column elementor-col-100 elementor-top-column elementor-element elementor-element-efbae1d\" data-id=\"efbae1d\" data-element_type=\"column\">\n\t\t\t<div class=\"elementor-widget-wrap elementor-element-populated\">\n\t\t\t\t\t\t<div class=\"elementor-element elementor-element-e4775bd elementor-widget elementor-widget-text-editor\" data-id=\"e4775bd\" data-element_type=\"widget\" data-widget_type=\"text-editor.default\">\n\t\t\t\t<div class=\"elementor-widget-container\">\n\t\t\t\t\t\t\t\t\t<p>Art\u00edculo de prensa<\/p>\t\t\t\t\t\t\t\t<\/div>\n\t\t\t\t<\/div>\n\t\t\t\t<div class=\"elementor-element elementor-element-a7e2675 elementor-widget elementor-widget-heading\" data-id=\"a7e2675\" data-element_type=\"widget\" data-widget_type=\"heading.default\">\n\t\t\t\t<div class=\"elementor-widget-container\">\n\t\t\t\t\t<h2 class=\"elementor-heading-title elementor-size-default\">Soluciones de reciclaje\npresentadas en Vinitech<\/h2>\t\t\t\t<\/div>\n\t\t\t\t<\/div>\n\t\t\t\t\t<\/div>\n\t\t<\/div>\n\t\t\t\t\t<\/div>\n\t\t<\/section>\n\t\t\t\t<section class=\"elementor-section elementor-top-section elementor-element elementor-element-ff0b92b elementor-section-boxed elementor-section-height-default elementor-section-height-default\" data-id=\"ff0b92b\" data-element_type=\"section\">\n\t\t\t\t\t\t<div class=\"elementor-container elementor-column-gap-default\">\n\t\t\t\t\t<div class=\"elementor-column elementor-col-100 elementor-top-column elementor-element elementor-element-2fa2e3a\" data-id=\"2fa2e3a\" data-element_type=\"column\">\n\t\t\t<div class=\"elementor-widget-wrap elementor-element-populated\">\n\t\t\t\t\t\t<div class=\"elementor-element elementor-element-e8477e7 elementor-cta--skin-classic elementor-animated-content elementor-bg-transform elementor-bg-transform-zoom-in elementor-widget elementor-widget-call-to-action\" data-id=\"e8477e7\" data-element_type=\"widget\" data-widget_type=\"call-to-action.default\">\n\t\t\t\t<div class=\"elementor-widget-container\">\n\t\t\t\t\t\t\t<div class=\"elementor-cta\">\n\t\t\t\t\t<div class=\"elementor-cta__bg-wrapper\">\n\t\t\t\t<div class=\"elementor-cta__bg elementor-bg\" style=\"background-image: url(https:\/\/co2winery.com\/wp-content\/uploads\/2025\/04\/Capture-decran-2025-04-10-a-15.21.01-1024x542.png);\" role=\"img\" aria-label=\"Captura de pantalla 2025-04-10 a las 15.21.01\"><\/div>\n\t\t\t\t<div class=\"elementor-cta__bg-overlay\"><\/div>\n\t\t\t<\/div>\n\t\t\t\t\t\t\t<div class=\"elementor-cta__content\">\n\t\t\t\t\n\t\t\t\t\t\t\t\t\t<h2 class=\"elementor-cta__title elementor-cta__content-item elementor-content-item\">\n\t\t\t\t\t\tPublicado por Revue Fran\u00e7aise d'Oenologie, el 01\/2023 - 02\/2023\t\t\t\t\t<\/h2>\n\t\t\t\t\n\t\t\t\t\n\t\t\t\t\t\t\t\t\t<div class=\"elementor-cta__button-wrapper elementor-cta__content-item elementor-content-item\">\n\t\t\t\t\t<a class=\"elementor-cta__button elementor-button elementor-size-md\" href=\"https:\/\/co2winery.com\/wp-content\/uploads\/2025\/04\/Dossier-de-presse-2.png\">\n\t\t\t\t\t\tVea el art\u00edculo en im\u00e1genes\t\t\t\t\t<\/a>\n\t\t\t\t\t<\/div>\n\t\t\t\t\t\t\t<\/div>\n\t\t\t\t\t\t<\/div>\n\t\t\t\t\t\t<\/div>\n\t\t\t\t<\/div>\n\t\t\t\t\t<\/div>\n\t\t<\/div>\n\t\t\t\t\t<\/div>\n\t\t<\/section>\n\t\t\t\t<section class=\"elementor-section elementor-top-section elementor-element elementor-element-63a9d54 elementor-section-boxed elementor-section-height-default elementor-section-height-default\" data-id=\"63a9d54\" data-element_type=\"section\">\n\t\t\t\t\t\t<div class=\"elementor-container elementor-column-gap-default\">\n\t\t\t\t\t<div class=\"elementor-column elementor-col-100 elementor-top-column elementor-element elementor-element-741910f\" data-id=\"741910f\" data-element_type=\"column\">\n\t\t\t<div class=\"elementor-widget-wrap elementor-element-populated\">\n\t\t\t\t\t\t<div class=\"elementor-element elementor-element-77cbcac elementor-widget elementor-widget-text-editor\" data-id=\"77cbcac\" data-element_type=\"widget\" data-widget_type=\"text-editor.default\">\n\t\t\t\t<div class=\"elementor-widget-container\">\n\t\t\t\t\t\t\t\t\t<p><span style=\"text-decoration: underline;\">6 soluciones recientes con CO2 Winery<\/span><br \/><br \/>COz Winery, una empresa incipiente con sede en Burdeos creada a finales de 2022 por Jean Philippe Ricard, antiguo directivo de Alcion Environnement, ofrece varias soluciones para capturar y recuperar CO2. <br \/><br \/>- Una red de captaci\u00f3n de COz por encima de los dep\u00f3sitos (soluci\u00f3n conocida como COzNetwork). Incorpora tuber\u00edas de PVC o acero inoxidable, con una v\u00e1lvula y una v\u00e1lvula de seguridad. El COz se recupera a 90% y luego se comprime a 6 bares antes de ser recogido en un dep\u00f3sito. <br \/>- Una soluci\u00f3n de reutilizaci\u00f3n del CO2 para el remontado de las cubas y la optimizaci\u00f3n de las extracciones como alternativa a los remontados y bazuqueos tradicionales. A continuaci\u00f3n, el CO2 se reinyecta bajo el sombrero de orujo (proceso CO2 Vinif). <br \/>- El proceso de recuperaci\u00f3n de bicarbonato ValecarB (presentado en la p\u00e1gina 50). <br \/><br \/><span style=\"text-decoration: underline;\">Y m\u00e1s soluciones innovadoras:<\/span> <br \/>Un sistema de reinyecci\u00f3n de CO2 en el agua de la bodega para saturarla y acidificarla (sistema CO2Water), que aumenta su eficacia de lavado y ahorra m\u00e1s de 50 % de agua, especialmente tras la descalcificaci\u00f3n con sosa. <br \/>- Sistema patentado en 2021 para reutilizar el CO2 fermentativo con el fin de reducir el grado alcoh\u00f3lico de los vinos entre 0,5 y 2 % durante la fermentaci\u00f3n. Denominado LessAlco, el proceso se prob\u00f3 en 2022. Consiste en eliminar el etanol volatilizado con el CO2. <br \/>- Una soluci\u00f3n de compresi\u00f3n de CO2 (CompCO2) para almacenamiento, ya sea para reutilizaci\u00f3n en bodega: inertizaci\u00f3n, hielo seco, gas a presi\u00f3n, etc., o para uso externo mediante transporte en cisternas. <br \/><br \/>En el Ch\u00e2teau Latour de Pauillac, el CO2 capturado se comprime para almacenarlo en botellas, a 60 o 200 bares, seg\u00fan el uso previsto: a 60 bares, para reutilizarlo durante la vinificaci\u00f3n (extracci\u00f3n, remontados, etc.) y a 200 bares para fabricar hielo seco para inertizaci\u00f3n.<\/p>\t\t\t\t\t\t\t\t<\/div>\n\t\t\t\t<\/div>\n\t\t\t\t\t<\/div>\n\t\t<\/div>\n\t\t\t\t\t<\/div>\n\t\t<\/section>\n\t\t\t\t<section class=\"elementor-section elementor-top-section elementor-element elementor-element-301f04e elementor-section-boxed elementor-section-height-default elementor-section-height-default\" data-id=\"301f04e\" data-element_type=\"section\">\n\t\t\t\t\t\t<div class=\"elementor-container elementor-column-gap-default\">\n\t\t\t\t\t<div class=\"elementor-column elementor-col-100 elementor-top-column elementor-element elementor-element-e5abe60\" data-id=\"e5abe60\" data-element_type=\"column\">\n\t\t\t<div class=\"elementor-widget-wrap elementor-element-populated\">\n\t\t\t\t\t\t<div class=\"elementor-element elementor-element-253eade elementor-widget elementor-widget-spacer\" data-id=\"253eade\" data-element_type=\"widget\" data-widget_type=\"spacer.default\">\n\t\t\t\t<div class=\"elementor-widget-container\">\n\t\t\t\t\t\t\t<div class=\"elementor-spacer\">\n\t\t\t<div class=\"elementor-spacer-inner\"><\/div>\n\t\t<\/div>\n\t\t\t\t\t\t<\/div>\n\t\t\t\t<\/div>\n\t\t\t\t<div class=\"elementor-element elementor-element-5aa05d3 elementor-widget elementor-widget-heading\" data-id=\"5aa05d3\" data-element_type=\"widget\" data-widget_type=\"heading.default\">\n\t\t\t\t<div class=\"elementor-widget-container\">\n\t\t\t\t\t<h2 class=\"elementor-heading-title elementor-size-default\">\u00daltimos art\u00edculos sobre nosotros<\/h2>\t\t\t\t<\/div>\n\t\t\t\t<\/div>\n\t\t\t\t<div class=\"elementor-element elementor-element-00bb54f elementor-widget-divider--view-line elementor-widget elementor-widget-divider\" data-id=\"00bb54f\" data-element_type=\"widget\" data-widget_type=\"divider.default\">\n\t\t\t\t<div class=\"elementor-widget-container\">\n\t\t\t\t\t\t\t<div class=\"elementor-divider\">\n\t\t\t<span class=\"elementor-divider-separator\">\n\t\t\t\t\t\t<\/span>\n\t\t<\/div>\n\t\t\t\t\t\t<\/div>\n\t\t\t\t<\/div>\n\t\t\t\t\t<\/div>\n\t\t<\/div>\n\t\t\t\t\t<\/div>\n\t\t<\/section>\n\t\t\t\t<section class=\"elementor-section elementor-top-section elementor-element elementor-element-55144ff elementor-section-boxed elementor-section-height-default elementor-section-height-default\" data-id=\"55144ff\" data-element_type=\"section\">\n\t\t\t\t\t\t<div class=\"elementor-container elementor-column-gap-default\">\n\t\t\t\t\t<div class=\"elementor-column elementor-col-25 elementor-top-column elementor-element elementor-element-7607ffc\" data-id=\"7607ffc\" data-element_type=\"column\">\n\t\t\t<div class=\"elementor-widget-wrap elementor-element-populated\">\n\t\t\t\t\t\t<div class=\"elementor-element elementor-element-0b1362a elementor-cta--layout-image-above elementor-cta--skin-classic elementor-animated-content elementor-bg-transform elementor-bg-transform-zoom-in elementor-widget elementor-widget-call-to-action\" data-id=\"0b1362a\" data-element_type=\"widget\" data-widget_type=\"call-to-action.default\">\n\t\t\t\t<div class=\"elementor-widget-container\">\n\t\t\t\t\t\t\t<div class=\"elementor-cta\">\n\t\t\t\t\t<div class=\"elementor-cta__bg-wrapper\">\n\t\t\t\t<div class=\"elementor-cta__bg elementor-bg\" style=\"background-image: url(https:\/\/co2winery.com\/wp-content\/uploads\/2025\/04\/CO2-Fossile-CO2-Biogenique-2-scaled-e1745999073385-1024x429.png);\" role=\"img\" aria-label=\"RVI, logotipo de prensa\"><\/div>\n\t\t\t\t<div class=\"elementor-cta__bg-overlay\"><\/div>\n\t\t\t<\/div>\n\t\t\t\t\t\t\t<div class=\"elementor-cta__content\">\n\t\t\t\t\n\t\t\t\t\t\t\t\t\t<h3 class=\"elementor-cta__title elementor-cta__content-item elementor-content-item\">\n\t\t\t\t\t\tCO2 Winery a\u00f1ade valor a las emisiones de carbono en las bodegas\t\t\t\t\t<\/h3>\n\t\t\t\t\n\t\t\t\t\t\t\t\t\t<div class=\"elementor-cta__description elementor-cta__content-item elementor-content-item\">\n\t\t\t\t\t\tEscrito por Vladimir Kauffmann, publicado por Revue Vinicole Internationale, el 28\/04\/2025\t\t\t\t\t<\/div>\n\t\t\t\t\n\t\t\t\t\t\t\t\t\t<div class=\"elementor-cta__button-wrapper elementor-cta__content-item elementor-content-item\">\n\t\t\t\t\t<a class=\"elementor-cta__button elementor-button elementor-size-\" href=\"https:\/\/co2winery.com\/es\/article-rvi-co2-winery-valorise-les-emissions-de-carbone-dans-les-chais\/\">\n\t\t\t\t\t\tDescubra\t\t\t\t\t<\/a>\n\t\t\t\t\t<\/div>\n\t\t\t\t\t\t\t<\/div>\n\t\t\t\t\t\t<\/div>\n\t\t\t\t\t\t<\/div>\n\t\t\t\t<\/div>\n\t\t\t\t\t<\/div>\n\t\t<\/div>\n\t\t\t\t<div class=\"elementor-column elementor-col-25 elementor-top-column elementor-element elementor-element-04a8743\" data-id=\"04a8743\" data-element_type=\"column\">\n\t\t\t<div class=\"elementor-widget-wrap elementor-element-populated\">\n\t\t\t\t\t\t<div class=\"elementor-element elementor-element-8503561 elementor-cta--layout-image-above elementor-cta--skin-classic elementor-animated-content elementor-bg-transform elementor-bg-transform-zoom-in elementor-widget elementor-widget-call-to-action\" data-id=\"8503561\" data-element_type=\"widget\" data-widget_type=\"call-to-action.default\">\n\t\t\t\t<div class=\"elementor-widget-container\">\n\t\t\t\t\t\t\t<div class=\"elementor-cta\">\n\t\t\t\t\t<div class=\"elementor-cta__bg-wrapper\">\n\t\t\t\t<div class=\"elementor-cta__bg elementor-bg\" style=\"background-image: url(https:\/\/co2winery.com\/wp-content\/uploads\/2025\/04\/Miniature-chaine-video-youtube-vlog-annonce-demenagement-1024x576.png);\" role=\"img\" aria-label=\"Logo vitisph\u00e8re : revista de prensa\"><\/div>\n\t\t\t\t<div class=\"elementor-cta__bg-overlay\"><\/div>\n\t\t\t<\/div>\n\t\t\t\t\t\t\t<div class=\"elementor-cta__content\">\n\t\t\t\t\n\t\t\t\t\t\t\t\t\t<h3 class=\"elementor-cta__title elementor-cta__content-item elementor-content-item\">\n\t\t\t\t\t\tCO\u2082 para sustituir al SO\u2082 en la maduraci\u00f3n de los vinos\t\t\t\t\t<\/h3>\n\t\t\t\t\n\t\t\t\t\t\t\t\t\t<div class=\"elementor-cta__description elementor-cta__content-item elementor-content-item\">\n\t\t\t\t\t\tEscrito por Marion Bazireau, publicado por Vitisph\u00e8re, el 01\/05\/2025\t\t\t\t\t<\/div>\n\t\t\t\t\n\t\t\t\t\t\t\t\t\t<div class=\"elementor-cta__button-wrapper elementor-cta__content-item elementor-content-item\">\n\t\t\t\t\t<a class=\"elementor-cta__button elementor-button elementor-size-\" href=\"https:\/\/co2winery.com\/es\/article-du-co2-pour-remplacer-le-so2-lors-de-lelevage-des-vins\/\">\n\t\t\t\t\t\tDescubra\t\t\t\t\t<\/a>\n\t\t\t\t\t<\/div>\n\t\t\t\t\t\t\t<\/div>\n\t\t\t\t\t\t<\/div>\n\t\t\t\t\t\t<\/div>\n\t\t\t\t<\/div>\n\t\t\t\t\t<\/div>\n\t\t<\/div>\n\t\t\t\t<div class=\"elementor-column elementor-col-25 elementor-top-column elementor-element elementor-element-de17c4d\" data-id=\"de17c4d\" data-element_type=\"column\">\n\t\t\t<div class=\"elementor-widget-wrap elementor-element-populated\">\n\t\t\t\t\t\t<div class=\"elementor-element elementor-element-b2de57b elementor-cta--layout-image-above elementor-cta--skin-classic elementor-animated-content elementor-bg-transform elementor-bg-transform-zoom-in elementor-widget elementor-widget-call-to-action\" data-id=\"b2de57b\" data-element_type=\"widget\" data-widget_type=\"call-to-action.default\">\n\t\t\t\t<div class=\"elementor-widget-container\">\n\t\t\t\t\t\t\t<div class=\"elementor-cta\">\n\t\t\t\t\t<div class=\"elementor-cta__bg-wrapper\">\n\t\t\t\t<div class=\"elementor-cta__bg elementor-bg\" style=\"background-image: url(https:\/\/co2winery.com\/wp-content\/uploads\/2025\/04\/Miniature-chaine-video-youtube-vlog-annonce-demenagement-2-1024x576.png);\" role=\"img\" aria-label=\"R\u00e9ussir PHR logo\"><\/div>\n\t\t\t\t<div class=\"elementor-cta__bg-overlay\"><\/div>\n\t\t\t<\/div>\n\t\t\t\t\t\t\t<div class=\"elementor-cta__content\">\n\t\t\t\t\n\t\t\t\t\t\t\t\t\t<h3 class=\"elementor-cta__title elementor-cta__content-item elementor-content-item\">\n\t\t\t\t\t\tRecuperaci\u00f3n y uso del CO\u2082 en la bodega\t\t\t\t\t<\/h3>\n\t\t\t\t\n\t\t\t\t\t\t\t\t\t<div class=\"elementor-cta__description elementor-cta__content-item elementor-content-item\">\n\t\t\t\t\t\tEscrito por D. Lefebvre, publicado por Journal Agri-viticole \"Le PHR\", 03\/01\/2025\t\t\t\t\t<\/div>\n\t\t\t\t\n\t\t\t\t\t\t\t\t\t<div class=\"elementor-cta__button-wrapper elementor-cta__content-item elementor-content-item\">\n\t\t\t\t\t<a class=\"elementor-cta__button elementor-button elementor-size-\" href=\"https:\/\/co2winery.com\/es\/article-reussir-phr-recuperation-et-valorisation-du-co\u2082-en-chai\/\">\n\t\t\t\t\t\tDescubra\t\t\t\t\t<\/a>\n\t\t\t\t\t<\/div>\n\t\t\t\t\t\t\t<\/div>\n\t\t\t\t\t\t<\/div>\n\t\t\t\t\t\t<\/div>\n\t\t\t\t<\/div>\n\t\t\t\t\t<\/div>\n\t\t<\/div>\n\t\t\t\t<div class=\"elementor-column elementor-col-25 elementor-top-column elementor-element elementor-element-7dbd5ce\" data-id=\"7dbd5ce\" data-element_type=\"column\">\n\t\t\t<div class=\"elementor-widget-wrap elementor-element-populated\">\n\t\t\t\t\t\t<div class=\"elementor-element elementor-element-25d2227 elementor-cta--layout-image-above elementor-cta--valign-middle elementor-cta--skin-classic elementor-animated-content elementor-bg-transform elementor-bg-transform-zoom-in elementor-widget elementor-widget-call-to-action\" data-id=\"25d2227\" data-element_type=\"widget\" data-widget_type=\"call-to-action.default\">\n\t\t\t\t<div class=\"elementor-widget-container\">\n\t\t\t\t\t\t\t<div class=\"elementor-cta\">\n\t\t\t\t\t<div class=\"elementor-cta__bg-wrapper\">\n\t\t\t\t<div class=\"elementor-cta__bg elementor-bg\" style=\"background-image: url(https:\/\/co2winery.com\/wp-content\/uploads\/2025\/04\/Newsletter-3-1024x1024.png);\" role=\"img\" aria-label=\"Bolet\u00edn informativo-3\"><\/div>\n\t\t\t\t<div class=\"elementor-cta__bg-overlay\"><\/div>\n\t\t\t<\/div>\n\t\t\t\t\t\t\t<div class=\"elementor-cta__content\">\n\t\t\t\t\n\t\t\t\t\t\t\t\t\t<h3 class=\"elementor-cta__title elementor-cta__content-item elementor-content-item\">\n\t\t\t\t\t\tConoce a Williams Ropero en SIMEI 2024\t\t\t\t\t<\/h3>\n\t\t\t\t\n\t\t\t\t\t\t\t\t\t<div class=\"elementor-cta__description elementor-cta__content-item elementor-content-item\">\n\t\t\t\t\t\tEscrito por Pedro Straniero, publicado por Enolife, el 27\/11\/2024\t\t\t\t\t<\/div>\n\t\t\t\t\n\t\t\t\t\t\t\t\t\t<div class=\"elementor-cta__button-wrapper elementor-cta__content-item elementor-content-item\">\n\t\t\t\t\t<a class=\"elementor-cta__button elementor-button elementor-size-\" href=\"https:\/\/co2winery.com\/es\/article-enolife\/\">\n\t\t\t\t\t\tDescubra\t\t\t\t\t<\/a>\n\t\t\t\t\t<\/div>\n\t\t\t\t\t\t\t<\/div>\n\t\t\t\t\t\t<\/div>\n\t\t\t\t\t\t<\/div>\n\t\t\t\t<\/div>\n\t\t\t\t\t<\/div>\n\t\t<\/div>\n\t\t\t\t\t<\/div>\n\t\t<\/section>\n\t\t\t\t<section class=\"elementor-section elementor-top-section elementor-element elementor-element-0ef7317 elementor-section-boxed elementor-section-height-default elementor-section-height-default\" data-id=\"0ef7317\" data-element_type=\"section\">\n\t\t\t\t\t\t<div class=\"elementor-container elementor-column-gap-default\">\n\t\t\t\t\t<div class=\"elementor-column elementor-col-100 elementor-top-column elementor-element elementor-element-0af2a08\" data-id=\"0af2a08\" data-element_type=\"column\">\n\t\t\t<div class=\"elementor-widget-wrap elementor-element-populated\">\n\t\t\t\t\t\t<div class=\"elementor-element elementor-element-bd65817 elementor-widget elementor-widget-spacer\" data-id=\"bd65817\" data-element_type=\"widget\" data-widget_type=\"spacer.default\">\n\t\t\t\t<div class=\"elementor-widget-container\">\n\t\t\t\t\t\t\t<div class=\"elementor-spacer\">\n\t\t\t<div class=\"elementor-spacer-inner\"><\/div>\n\t\t<\/div>\n\t\t\t\t\t\t<\/div>\n\t\t\t\t<\/div>\n\t\t\t\t<div class=\"elementor-element elementor-element-96d6e44 elementor-widget elementor-widget-heading\" data-id=\"96d6e44\" data-element_type=\"widget\" data-widget_type=\"heading.default\">\n\t\t\t\t<div class=\"elementor-widget-container\">\n\t\t\t\t\t<h2 class=\"elementor-heading-title elementor-size-default\">Contacto de prensa<\/h2>\t\t\t\t<\/div>\n\t\t\t\t<\/div>\n\t\t\t\t<div class=\"elementor-element elementor-element-ea6d138 elementor-widget-divider--view-line elementor-widget elementor-widget-divider\" data-id=\"ea6d138\" data-element_type=\"widget\" data-widget_type=\"divider.default\">\n\t\t\t\t<div class=\"elementor-widget-container\">\n\t\t\t\t\t\t\t<div class=\"elementor-divider\">\n\t\t\t<span class=\"elementor-divider-separator\">\n\t\t\t\t\t\t<\/span>\n\t\t<\/div>\n\t\t\t\t\t\t<\/div>\n\t\t\t\t<\/div>\n\t\t\t\t\t<\/div>\n\t\t<\/div>\n\t\t\t\t\t<\/div>\n\t\t<\/section>\n\t\t\t\t<section class=\"elementor-section elementor-top-section elementor-element elementor-element-b646bb1 elementor-section-boxed elementor-section-height-default elementor-section-height-default\" data-id=\"b646bb1\" data-element_type=\"section\">\n\t\t\t\t\t\t<div class=\"elementor-container elementor-column-gap-default\">\n\t\t\t\t\t<div class=\"elementor-column elementor-col-100 elementor-top-column elementor-element elementor-element-c6e0c94\" data-id=\"c6e0c94\" data-element_type=\"column\">\n\t\t\t<div class=\"elementor-widget-wrap elementor-element-populated\">\n\t\t\t\t\t\t<div class=\"elementor-element elementor-element-eccd293 elementor-widget elementor-widget-link-in-bio\" data-id=\"eccd293\" data-element_type=\"widget\" data-widget_type=\"link-in-bio.default\">\n\t\t\t\t<div class=\"elementor-widget-container\">\n\t\t\t\t\t\t\t<div class=\"e-link-in-bio e-link-in-bio\">\n\t\t\t<div class=\"e-link-in-bio__content\">\n\n\t\t\t\t\t\t<div class=\"e-link-in-bio__identity\">\n\t\t\t\t\t\t\t\t\t<div class=\"e-link-in-bio__identity-image e-link-in-bio__identity-image-profile has-style-circle\">\n\t\t\t\t\t\t\t<img fetchpriority=\"high\" decoding=\"async\" width=\"300\" height=\"257\" src=\"https:\/\/co2winery.com\/wp-content\/uploads\/2025\/04\/Capture-decran-2025-04-09-a-10.54.05-e1744188890973-300x257.png\" class=\"e-link-in-bio__identity-image-element\" alt=\"Matthieu Plant\u00e9 : co-fondateur de CO2 Winery : syst\u00e8me de captation et de valorisation du CO2 Fermentaire dans les chais\" srcset=\"https:\/\/co2winery.com\/wp-content\/uploads\/2025\/04\/Capture-decran-2025-04-09-a-10.54.05-e1744188890973-300x257.png 300w, https:\/\/co2winery.com\/wp-content\/uploads\/2025\/04\/Capture-decran-2025-04-09-a-10.54.05-e1744188890973-768x658.png 768w, https:\/\/co2winery.com\/wp-content\/uploads\/2025\/04\/Capture-decran-2025-04-09-a-10.54.05-e1744188890973-14x12.png 14w, https:\/\/co2winery.com\/wp-content\/uploads\/2025\/04\/Capture-decran-2025-04-09-a-10.54.05-e1744188890973.png 970w\" sizes=\"(max-width: 300px) 100vw, 300px\" \/>\t\t\t\t\t\t\t\t\t\t\t\t\t<\/div>\n\t\t\t\t\t\t\t<\/div>\n\t\t\t\t\t<div class=\"e-link-in-bio__bio\">\n\t\t\t\t<h2 class=\"e-link-in-bio__heading\">Matthieu Plant\u00e9<\/h2>\t\t\t\t<h3 class=\"e-link-in-bio__title\">Cofundador y Director Comercial<\/h3>\t\t\t\t\t\t\t\t\t\t\t<\/div>\n\t\t\t\t\t<div class=\"e-link-in-bio__icons has-size-small\">\n\t\t\t\t\t\t\t<div class=\"e-link-in-bio__icon is-size-small\">\n\t\t\t\t\t<a aria-label=\"Tel\u00e9fono\" class=\"e-link-in-bio__icon-link\" href=\"tel: 33 6 85 61 83 21\">\n\t\t\t\t\t\t<span class=\"e-link-in-bio__icon-svg\">\n\t\t\t\t\t\t\t<i aria-hidden=\"true\" class=\"fas fa-phone-alt\"><\/i>\t\t\t\t\t\t<\/span>\n\t\t\t\t\t\t\t\t\t\t\t<\/a>\n\t\t\t\t<\/div>\n\t\t\t\t\t\t\t<div class=\"e-link-in-bio__icon is-size-small\">\n\t\t\t\t\t<a aria-label=\"Correo electr\u00f3nico\" class=\"e-link-in-bio__icon-link\" href=\"mailto:mplante@w-platform.fr\">\n\t\t\t\t\t\t<span class=\"e-link-in-bio__icon-svg\">\n\t\t\t\t\t\t\t<i aria-hidden=\"true\" class=\"fas fa-envelope\"><\/i>\t\t\t\t\t\t<\/span>\n\t\t\t\t\t\t\t\t\t\t\t<\/a>\n\t\t\t\t<\/div>\n\t\t\t\t\t\t\t<div class=\"e-link-in-bio__icon is-size-small\">\n\t\t\t\t\t<a href=\"http:\/\/linkedin.com\/in\/matthieuplante\" target=\"_blank\" rel=\"noopener \" aria-label=\"LinkedIn\" class=\"e-link-in-bio__icon-link\">\n\t\t\t\t\t\t<span class=\"e-link-in-bio__icon-svg\">\n\t\t\t\t\t\t\t<i aria-hidden=\"true\" class=\"fab fa-linkedin-in\"><\/i>\t\t\t\t\t\t<\/span>\n\t\t\t\t\t\t\t\t\t\t\t<\/a>\n\t\t\t\t<\/div>\n\t\t\t\t\t<\/div>\n\t\t\n\t\t<div class=\"e-link-in-bio__ctas has-type-button\">\n\t\t\t\t\t\t\t<a href=\"https:\/\/calendly.com\/mplante-w-platform\/45min?month=2025-04\" target=\"_blank\" rel=\"noopener \" class=\"e-link-in-bio__cta is-type-button has-corners-rounded\">\n\t\t\t\t\t\t\t\t\t\t<span class=\"e-link-in-bio__cta-text\">\n\t\t\t\t\t\tOrganizar una reuni\u00f3n en l\u00ednea\t\t\t\t\t<\/span>\n\t\t\t\t<\/a>\n\t\t\t\t\t<\/div>\n\t\t\n\t\t\t<\/div>\n\t\t\t<div class=\"e-link-in-bio__bg\">\n\t\t\t\t<div class=\"e-link-in-bio__bg-overlay\"><\/div>\n\t\t\t<\/div>\n\t\t<\/div>\n\t\t\t\t\t\t<\/div>\n\t\t\t\t<\/div>\n\t\t\t\t\t<\/div>\n\t\t<\/div>\n\t\t\t\t\t<\/div>\n\t\t<\/section>\n\t\t\t\t<\/div>","protected":false},"excerpt":{"rendered":"<p>Art\u00edculo de prensa Soluciones de reciclaje presentadas en el \u00faltimo Vinitech Publicado por Revue Fran\u00e7aise d'Oenologie, 01\/2023 - 02\/2023 Ver el art\u00edculo en papel en la imagen 6 soluciones recientes con CO2 Bodega La joven empresa bordelesa COz Winery, creada a finales de 2022 por Jean Philipe Ricard, antiguo empleado de Alcion Environnement, ofrece varias soluciones ... <a title=\"Article Revue des Oenologues: soluciones de reciclaje presentadas en la \u00faltima edici\u00f3n de Vinitech\" class=\"read-more\" href=\"https:\/\/co2winery.com\/es\/article-revue-des-oenologues-des-solutions-de-recyclage-presentees-au-dernier-vinitech\/\" aria-label=\"M\u00e1s en Article Revue des Oenologues: soluciones de reciclaje presentadas en el \u00faltimo evento vinitech\">Leer m\u00e1s<\/a><\/p>","protected":false},"author":5,"featured_media":0,"parent":0,"menu_order":0,"comment_status":"closed","ping_status":"closed","template":"elementor_header_footer","meta":{"om_disable_all_campaigns":false,"_monsterinsights_skip_tracking":false,"_monsterinsights_sitenote_active":false,"_monsterinsights_sitenote_note":"","_monsterinsights_sitenote_category":0,"_uf_show_specific_survey":0,"_uf_disable_surveys":false,"footnotes":""},"class_list":["post-2942","page","type-page","status-publish"],"aioseo_notices":[],"_links":{"self":[{"href":"https:\/\/co2winery.com\/es\/wp-json\/wp\/v2\/pages\/2942","targetHints":{"allow":["GET"]}}],"collection":[{"href":"https:\/\/co2winery.com\/es\/wp-json\/wp\/v2\/pages"}],"about":[{"href":"https:\/\/co2winery.com\/es\/wp-json\/wp\/v2\/types\/page"}],"author":[{"embeddable":true,"href":"https:\/\/co2winery.com\/es\/wp-json\/wp\/v2\/users\/5"}],"replies":[{"embeddable":true,"href":"https:\/\/co2winery.com\/es\/wp-json\/wp\/v2\/comments?post=2942"}],"version-history":[{"count":22,"href":"https:\/\/co2winery.com\/es\/wp-json\/wp\/v2\/pages\/2942\/revisions"}],"predecessor-version":[{"id":3521,"href":"https:\/\/co2winery.com\/es\/wp-json\/wp\/v2\/pages\/2942\/revisions\/3521"}],"wp:attachment":[{"href":"https:\/\/co2winery.com\/es\/wp-json\/wp\/v2\/media?parent=2942"}],"curies":[{"name":"wp","href":"https:\/\/api.w.org\/{rel}","templated":true}]}}