{"id":2887,"date":"2025-04-09T11:41:23","date_gmt":"2025-04-09T09:41:23","guid":{"rendered":"https:\/\/co2winery.com\/?page_id=2887"},"modified":"2025-12-09T02:05:06","modified_gmt":"2025-12-09T01:05:06","slug":"article-vitisphere-recyclage-quand-le-co%e2%82%82-fermentaire-devient-de-la-neige-carbonique","status":"publish","type":"page","link":"https:\/\/co2winery.com\/es\/article-vitisphere-recyclage-quand-le-co%e2%82%82-fermentaire-devient-de-la-neige-carbonique\/","title":{"rendered":"Art\u00edculo de Vitisph\u00e8re: Reciclaje: cuando el CO\u2082 fermentado se convierte en hielo seco."},"content":{"rendered":"<div data-elementor-type=\"wp-page\" data-elementor-id=\"2887\" class=\"elementor elementor-2887\" data-elementor-post-type=\"page\">\n\t\t\t\t\t\t<section class=\"elementor-section elementor-top-section elementor-element elementor-element-7aa79f6 elementor-section-boxed elementor-section-height-default elementor-section-height-default\" data-id=\"7aa79f6\" data-element_type=\"section\">\n\t\t\t\t\t\t<div class=\"elementor-container elementor-column-gap-default\">\n\t\t\t\t\t<div class=\"elementor-column elementor-col-100 elementor-top-column elementor-element elementor-element-ea07b38\" data-id=\"ea07b38\" data-element_type=\"column\">\n\t\t\t<div class=\"elementor-widget-wrap elementor-element-populated\">\n\t\t\t\t\t\t<div class=\"elementor-element elementor-element-0177172 elementor-widget elementor-widget-text-editor\" data-id=\"0177172\" data-element_type=\"widget\" data-widget_type=\"text-editor.default\">\n\t\t\t\t<div class=\"elementor-widget-container\">\n\t\t\t\t\t\t\t\t\t<p>Art\u00edculo de prensa<\/p>\t\t\t\t\t\t\t\t<\/div>\n\t\t\t\t<\/div>\n\t\t\t\t<div class=\"elementor-element elementor-element-eca2d40 elementor-widget elementor-widget-heading\" data-id=\"eca2d40\" data-element_type=\"widget\" data-widget_type=\"heading.default\">\n\t\t\t\t<div class=\"elementor-widget-container\">\n\t\t\t\t\t<h2 class=\"elementor-heading-title elementor-size-default\">Reciclaje: cuando el CO\u2082 fermentado se convierte en hielo seco.<\/h2>\t\t\t\t<\/div>\n\t\t\t\t<\/div>\n\t\t\t\t\t<\/div>\n\t\t<\/div>\n\t\t\t\t\t<\/div>\n\t\t<\/section>\n\t\t\t\t<section class=\"elementor-section elementor-top-section elementor-element elementor-element-3648d0d elementor-section-boxed elementor-section-height-default elementor-section-height-default\" data-id=\"3648d0d\" data-element_type=\"section\">\n\t\t\t\t\t\t<div class=\"elementor-container elementor-column-gap-default\">\n\t\t\t\t\t<div class=\"elementor-column elementor-col-100 elementor-top-column elementor-element elementor-element-237bad4\" data-id=\"237bad4\" data-element_type=\"column\">\n\t\t\t<div class=\"elementor-widget-wrap elementor-element-populated\">\n\t\t\t\t\t\t<div class=\"elementor-element elementor-element-92c1550 elementor-cta--skin-classic elementor-animated-content elementor-bg-transform elementor-bg-transform-zoom-in elementor-widget elementor-widget-call-to-action\" data-id=\"92c1550\" data-element_type=\"widget\" data-widget_type=\"call-to-action.default\">\n\t\t\t\t<div class=\"elementor-widget-container\">\n\t\t\t\t\t\t\t<div class=\"elementor-cta\">\n\t\t\t\t\t<div class=\"elementor-cta__bg-wrapper\">\n\t\t\t\t<div class=\"elementor-cta__bg elementor-bg\" style=\"background-image: url(https:\/\/co2winery.com\/wp-content\/uploads\/2025\/04\/Miniature-chaine-video-youtube-vlog-annonce-demenagement-1024x576.png);\" role=\"img\" aria-label=\"Logo vitisph\u00e8re : revista de prensa\"><\/div>\n\t\t\t\t<div class=\"elementor-cta__bg-overlay\"><\/div>\n\t\t\t<\/div>\n\t\t\t\t\t\t\t<div class=\"elementor-cta__content\">\n\t\t\t\t\n\t\t\t\t\t\t\t\t\t<h2 class=\"elementor-cta__title elementor-cta__content-item elementor-content-item\">\n\t\t\t\t\t\tEscrito por Am\u00e9lie Bimont, publicado por Vitisph\u00e8re, el 21 de octubre de 2024\t\t\t\t\t<\/h2>\n\t\t\t\t\n\t\t\t\t\t\t\t\t\t<div class=\"elementor-cta__description elementor-cta__content-item elementor-content-item\">\n\t\t\t\t\t\t\"Es posible utilizar el CO2 de la fermentaci\u00f3n para producir tu propio hielo seco. Los Vignerons de Tutiac, en Gironda, lo est\u00e1n demostrando. Lo que queda por hacer, sin embargo, es afinar el equilibrio financiero de ese reciclaje.\n<br>\n<br>\n\"Nada se pierde, nada se crea, todo se transforma. \" Esta c\u00e9lebre m\u00e1xima, atribuida a Lavoisier, se confirm\u00f3 el jueves 26 de septiembre en la bodega Tutiac de Marcillac, que est\u00e1 probando un equipo dise\u00f1ado para producir su propio hielo seco a partir del CO2 de sus fermentaciones... \"\t\t\t\t\t<\/div>\n\t\t\t\t\n\t\t\t\t\t\t\t\t\t<div class=\"elementor-cta__button-wrapper elementor-cta__content-item elementor-content-item\">\n\t\t\t\t\t<a class=\"elementor-cta__button elementor-button elementor-size-md\" href=\"https:\/\/www.vitisphere.com\/actualite-103016--recyclage-quand-le-co2-fermentaire-devient-de-la-neige-carbonique.html\">\n\t\t\t\t\t\tLeer el art\u00edculo completo\t\t\t\t\t<\/a>\n\t\t\t\t\t<\/div>\n\t\t\t\t\t\t\t<\/div>\n\t\t\t\t\t\t<\/div>\n\t\t\t\t\t\t<\/div>\n\t\t\t\t<\/div>\n\t\t\t\t\t<\/div>\n\t\t<\/div>\n\t\t\t\t\t<\/div>\n\t\t<\/section>\n\t\t\t\t<section class=\"elementor-section elementor-top-section elementor-element elementor-element-0da69d2 elementor-section-boxed elementor-section-height-default elementor-section-height-default\" data-id=\"0da69d2\" data-element_type=\"section\">\n\t\t\t\t\t\t<div class=\"elementor-container elementor-column-gap-default\">\n\t\t\t\t\t<div class=\"elementor-column elementor-col-100 elementor-top-column elementor-element elementor-element-d87912f\" data-id=\"d87912f\" data-element_type=\"column\">\n\t\t\t<div class=\"elementor-widget-wrap elementor-element-populated\">\n\t\t\t\t\t\t<div class=\"elementor-element elementor-element-db62d61 elementor-widget elementor-widget-spacer\" data-id=\"db62d61\" data-element_type=\"widget\" data-widget_type=\"spacer.default\">\n\t\t\t\t<div class=\"elementor-widget-container\">\n\t\t\t\t\t\t\t<div class=\"elementor-spacer\">\n\t\t\t<div class=\"elementor-spacer-inner\"><\/div>\n\t\t<\/div>\n\t\t\t\t\t\t<\/div>\n\t\t\t\t<\/div>\n\t\t\t\t<div class=\"elementor-element elementor-element-760d62e elementor-widget elementor-widget-heading\" data-id=\"760d62e\" data-element_type=\"widget\" data-widget_type=\"heading.default\">\n\t\t\t\t<div class=\"elementor-widget-container\">\n\t\t\t\t\t<h2 class=\"elementor-heading-title elementor-size-default\">\u00daltimos art\u00edculos sobre nosotros<\/h2>\t\t\t\t<\/div>\n\t\t\t\t<\/div>\n\t\t\t\t<div class=\"elementor-element elementor-element-5a478de elementor-widget-divider--view-line elementor-widget elementor-widget-divider\" data-id=\"5a478de\" data-element_type=\"widget\" data-widget_type=\"divider.default\">\n\t\t\t\t<div class=\"elementor-widget-container\">\n\t\t\t\t\t\t\t<div class=\"elementor-divider\">\n\t\t\t<span class=\"elementor-divider-separator\">\n\t\t\t\t\t\t<\/span>\n\t\t<\/div>\n\t\t\t\t\t\t<\/div>\n\t\t\t\t<\/div>\n\t\t\t\t\t<\/div>\n\t\t<\/div>\n\t\t\t\t\t<\/div>\n\t\t<\/section>\n\t\t\t\t<section class=\"elementor-section elementor-top-section elementor-element elementor-element-6c86c77 elementor-section-boxed elementor-section-height-default elementor-section-height-default\" data-id=\"6c86c77\" data-element_type=\"section\">\n\t\t\t\t\t\t<div class=\"elementor-container elementor-column-gap-default\">\n\t\t\t\t\t<div class=\"elementor-column elementor-col-25 elementor-top-column elementor-element elementor-element-f246c6a\" data-id=\"f246c6a\" data-element_type=\"column\">\n\t\t\t<div class=\"elementor-widget-wrap elementor-element-populated\">\n\t\t\t\t\t\t<div class=\"elementor-element elementor-element-9583826 elementor-cta--layout-image-above elementor-cta--skin-classic elementor-animated-content elementor-bg-transform elementor-bg-transform-zoom-in elementor-widget elementor-widget-call-to-action\" data-id=\"9583826\" data-element_type=\"widget\" data-widget_type=\"call-to-action.default\">\n\t\t\t\t<div class=\"elementor-widget-container\">\n\t\t\t\t\t\t\t<div class=\"elementor-cta\">\n\t\t\t\t\t<div class=\"elementor-cta__bg-wrapper\">\n\t\t\t\t<div class=\"elementor-cta__bg elementor-bg\" style=\"background-image: url(https:\/\/co2winery.com\/wp-content\/uploads\/2025\/04\/CO2-Fossile-CO2-Biogenique-2-scaled-e1745999073385-1024x429.png);\" role=\"img\" aria-label=\"RVI, logotipo de prensa\"><\/div>\n\t\t\t\t<div class=\"elementor-cta__bg-overlay\"><\/div>\n\t\t\t<\/div>\n\t\t\t\t\t\t\t<div class=\"elementor-cta__content\">\n\t\t\t\t\n\t\t\t\t\t\t\t\t\t<h3 class=\"elementor-cta__title elementor-cta__content-item elementor-content-item\">\n\t\t\t\t\t\tCO2 Winery a\u00f1ade valor a las emisiones de carbono en las bodegas\t\t\t\t\t<\/h3>\n\t\t\t\t\n\t\t\t\t\t\t\t\t\t<div class=\"elementor-cta__description elementor-cta__content-item elementor-content-item\">\n\t\t\t\t\t\tEscrito por Vladimir Kauffmann, publicado por Revue Vinicole Internationale, el 28\/04\/2025\t\t\t\t\t<\/div>\n\t\t\t\t\n\t\t\t\t\t\t\t\t\t<div class=\"elementor-cta__button-wrapper elementor-cta__content-item elementor-content-item\">\n\t\t\t\t\t<a class=\"elementor-cta__button elementor-button elementor-size-\" href=\"https:\/\/co2winery.com\/es\/article-rvi-co2-winery-valorise-les-emissions-de-carbone-dans-les-chais\/\">\n\t\t\t\t\t\tDescubra\t\t\t\t\t<\/a>\n\t\t\t\t\t<\/div>\n\t\t\t\t\t\t\t<\/div>\n\t\t\t\t\t\t<\/div>\n\t\t\t\t\t\t<\/div>\n\t\t\t\t<\/div>\n\t\t\t\t\t<\/div>\n\t\t<\/div>\n\t\t\t\t<div class=\"elementor-column elementor-col-25 elementor-top-column elementor-element elementor-element-1c8d49e\" data-id=\"1c8d49e\" data-element_type=\"column\">\n\t\t\t<div class=\"elementor-widget-wrap elementor-element-populated\">\n\t\t\t\t\t\t<div class=\"elementor-element elementor-element-c60f90d elementor-cta--layout-image-above elementor-cta--skin-classic elementor-animated-content elementor-bg-transform elementor-bg-transform-zoom-in elementor-widget elementor-widget-call-to-action\" data-id=\"c60f90d\" data-element_type=\"widget\" data-widget_type=\"call-to-action.default\">\n\t\t\t\t<div class=\"elementor-widget-container\">\n\t\t\t\t\t\t\t<div class=\"elementor-cta\">\n\t\t\t\t\t<div class=\"elementor-cta__bg-wrapper\">\n\t\t\t\t<div class=\"elementor-cta__bg elementor-bg\" style=\"background-image: url(https:\/\/co2winery.com\/wp-content\/uploads\/2025\/04\/Miniature-chaine-video-youtube-vlog-annonce-demenagement-1024x576.png);\" role=\"img\" aria-label=\"Logo vitisph\u00e8re : revista de prensa\"><\/div>\n\t\t\t\t<div class=\"elementor-cta__bg-overlay\"><\/div>\n\t\t\t<\/div>\n\t\t\t\t\t\t\t<div class=\"elementor-cta__content\">\n\t\t\t\t\n\t\t\t\t\t\t\t\t\t<h3 class=\"elementor-cta__title elementor-cta__content-item elementor-content-item\">\n\t\t\t\t\t\tCO\u2082 para sustituir al SO\u2082 en la maduraci\u00f3n de los vinos\t\t\t\t\t<\/h3>\n\t\t\t\t\n\t\t\t\t\t\t\t\t\t<div class=\"elementor-cta__description elementor-cta__content-item elementor-content-item\">\n\t\t\t\t\t\tEscrito por Marion Bazireau, publicado por Vitisph\u00e8re, el 01\/05\/2025\t\t\t\t\t<\/div>\n\t\t\t\t\n\t\t\t\t\t\t\t\t\t<div class=\"elementor-cta__button-wrapper elementor-cta__content-item elementor-content-item\">\n\t\t\t\t\t<a class=\"elementor-cta__button elementor-button elementor-size-\" href=\"https:\/\/co2winery.com\/es\/article-du-co2-pour-remplacer-le-so2-lors-de-lelevage-des-vins\/\">\n\t\t\t\t\t\tDescubra\t\t\t\t\t<\/a>\n\t\t\t\t\t<\/div>\n\t\t\t\t\t\t\t<\/div>\n\t\t\t\t\t\t<\/div>\n\t\t\t\t\t\t<\/div>\n\t\t\t\t<\/div>\n\t\t\t\t\t<\/div>\n\t\t<\/div>\n\t\t\t\t<div class=\"elementor-column elementor-col-25 elementor-top-column elementor-element elementor-element-8fa31b1\" data-id=\"8fa31b1\" data-element_type=\"column\">\n\t\t\t<div class=\"elementor-widget-wrap elementor-element-populated\">\n\t\t\t\t\t\t<div class=\"elementor-element elementor-element-1eb0903 elementor-cta--layout-image-above elementor-cta--skin-classic elementor-animated-content elementor-bg-transform elementor-bg-transform-zoom-in elementor-widget elementor-widget-call-to-action\" data-id=\"1eb0903\" data-element_type=\"widget\" data-widget_type=\"call-to-action.default\">\n\t\t\t\t<div class=\"elementor-widget-container\">\n\t\t\t\t\t\t\t<div class=\"elementor-cta\">\n\t\t\t\t\t<div class=\"elementor-cta__bg-wrapper\">\n\t\t\t\t<div class=\"elementor-cta__bg elementor-bg\" style=\"background-image: url(https:\/\/co2winery.com\/wp-content\/uploads\/2025\/04\/Miniature-chaine-video-youtube-vlog-annonce-demenagement-2-1024x576.png);\" role=\"img\" aria-label=\"R\u00e9ussir PHR logo\"><\/div>\n\t\t\t\t<div class=\"elementor-cta__bg-overlay\"><\/div>\n\t\t\t<\/div>\n\t\t\t\t\t\t\t<div class=\"elementor-cta__content\">\n\t\t\t\t\n\t\t\t\t\t\t\t\t\t<h3 class=\"elementor-cta__title elementor-cta__content-item elementor-content-item\">\n\t\t\t\t\t\tRecuperaci\u00f3n y uso del CO\u2082 en la bodega\t\t\t\t\t<\/h3>\n\t\t\t\t\n\t\t\t\t\t\t\t\t\t<div class=\"elementor-cta__description elementor-cta__content-item elementor-content-item\">\n\t\t\t\t\t\tEscrito por D. Lefebvre, publicado por Journal Agri-viticole \"Le PHR\", 03\/01\/2025\t\t\t\t\t<\/div>\n\t\t\t\t\n\t\t\t\t\t\t\t\t\t<div class=\"elementor-cta__button-wrapper elementor-cta__content-item elementor-content-item\">\n\t\t\t\t\t<a class=\"elementor-cta__button elementor-button elementor-size-\" href=\"https:\/\/co2winery.com\/es\/article-reussir-phr-recuperation-et-valorisation-du-co\u2082-en-chai\/\">\n\t\t\t\t\t\tDescubra\t\t\t\t\t<\/a>\n\t\t\t\t\t<\/div>\n\t\t\t\t\t\t\t<\/div>\n\t\t\t\t\t\t<\/div>\n\t\t\t\t\t\t<\/div>\n\t\t\t\t<\/div>\n\t\t\t\t\t<\/div>\n\t\t<\/div>\n\t\t\t\t<div class=\"elementor-column elementor-col-25 elementor-top-column elementor-element elementor-element-c2beef4\" data-id=\"c2beef4\" data-element_type=\"column\">\n\t\t\t<div class=\"elementor-widget-wrap elementor-element-populated\">\n\t\t\t\t\t\t<div class=\"elementor-element elementor-element-2ffb4a0 elementor-cta--layout-image-above elementor-cta--valign-middle elementor-cta--skin-classic elementor-animated-content elementor-bg-transform elementor-bg-transform-zoom-in elementor-widget elementor-widget-call-to-action\" data-id=\"2ffb4a0\" data-element_type=\"widget\" data-widget_type=\"call-to-action.default\">\n\t\t\t\t<div class=\"elementor-widget-container\">\n\t\t\t\t\t\t\t<div class=\"elementor-cta\">\n\t\t\t\t\t<div class=\"elementor-cta__bg-wrapper\">\n\t\t\t\t<div class=\"elementor-cta__bg elementor-bg\" style=\"background-image: url(https:\/\/co2winery.com\/wp-content\/uploads\/2025\/04\/Newsletter-3-1024x1024.png);\" role=\"img\" aria-label=\"Bolet\u00edn informativo-3\"><\/div>\n\t\t\t\t<div class=\"elementor-cta__bg-overlay\"><\/div>\n\t\t\t<\/div>\n\t\t\t\t\t\t\t<div class=\"elementor-cta__content\">\n\t\t\t\t\n\t\t\t\t\t\t\t\t\t<h3 class=\"elementor-cta__title elementor-cta__content-item elementor-content-item\">\n\t\t\t\t\t\tConoce a Williams Ropero en SIMEI 2024\t\t\t\t\t<\/h3>\n\t\t\t\t\n\t\t\t\t\t\t\t\t\t<div class=\"elementor-cta__description elementor-cta__content-item elementor-content-item\">\n\t\t\t\t\t\tEscrito por Pedro Straniero, publicado por Enolife, el 27\/11\/2024\t\t\t\t\t<\/div>\n\t\t\t\t\n\t\t\t\t\t\t\t\t\t<div class=\"elementor-cta__button-wrapper elementor-cta__content-item elementor-content-item\">\n\t\t\t\t\t<a class=\"elementor-cta__button elementor-button elementor-size-\" href=\"https:\/\/co2winery.com\/es\/article-enolife\/\">\n\t\t\t\t\t\tDescubra\t\t\t\t\t<\/a>\n\t\t\t\t\t<\/div>\n\t\t\t\t\t\t\t<\/div>\n\t\t\t\t\t\t<\/div>\n\t\t\t\t\t\t<\/div>\n\t\t\t\t<\/div>\n\t\t\t\t\t<\/div>\n\t\t<\/div>\n\t\t\t\t\t<\/div>\n\t\t<\/section>\n\t\t\t\t<section class=\"elementor-section elementor-top-section elementor-element elementor-element-0ff07f1 elementor-section-boxed elementor-section-height-default elementor-section-height-default\" data-id=\"0ff07f1\" data-element_type=\"section\">\n\t\t\t\t\t\t<div class=\"elementor-container elementor-column-gap-default\">\n\t\t\t\t\t<div class=\"elementor-column elementor-col-100 elementor-top-column elementor-element elementor-element-bac8905\" data-id=\"bac8905\" data-element_type=\"column\">\n\t\t\t<div class=\"elementor-widget-wrap elementor-element-populated\">\n\t\t\t\t\t\t<div class=\"elementor-element elementor-element-e65d4aa elementor-widget elementor-widget-spacer\" data-id=\"e65d4aa\" data-element_type=\"widget\" data-widget_type=\"spacer.default\">\n\t\t\t\t<div class=\"elementor-widget-container\">\n\t\t\t\t\t\t\t<div class=\"elementor-spacer\">\n\t\t\t<div class=\"elementor-spacer-inner\"><\/div>\n\t\t<\/div>\n\t\t\t\t\t\t<\/div>\n\t\t\t\t<\/div>\n\t\t\t\t<div class=\"elementor-element elementor-element-0bc90ca elementor-widget elementor-widget-heading\" data-id=\"0bc90ca\" data-element_type=\"widget\" data-widget_type=\"heading.default\">\n\t\t\t\t<div class=\"elementor-widget-container\">\n\t\t\t\t\t<h2 class=\"elementor-heading-title elementor-size-default\">Contacto de prensa<\/h2>\t\t\t\t<\/div>\n\t\t\t\t<\/div>\n\t\t\t\t<div class=\"elementor-element elementor-element-ea7c260 elementor-widget-divider--view-line elementor-widget elementor-widget-divider\" data-id=\"ea7c260\" data-element_type=\"widget\" data-widget_type=\"divider.default\">\n\t\t\t\t<div class=\"elementor-widget-container\">\n\t\t\t\t\t\t\t<div class=\"elementor-divider\">\n\t\t\t<span class=\"elementor-divider-separator\">\n\t\t\t\t\t\t<\/span>\n\t\t<\/div>\n\t\t\t\t\t\t<\/div>\n\t\t\t\t<\/div>\n\t\t\t\t\t<\/div>\n\t\t<\/div>\n\t\t\t\t\t<\/div>\n\t\t<\/section>\n\t\t\t\t<section class=\"elementor-section elementor-top-section elementor-element elementor-element-092bdc3 elementor-section-boxed elementor-section-height-default elementor-section-height-default\" data-id=\"092bdc3\" data-element_type=\"section\">\n\t\t\t\t\t\t<div class=\"elementor-container elementor-column-gap-default\">\n\t\t\t\t\t<div class=\"elementor-column elementor-col-100 elementor-top-column elementor-element elementor-element-f6fa360\" data-id=\"f6fa360\" data-element_type=\"column\">\n\t\t\t<div class=\"elementor-widget-wrap elementor-element-populated\">\n\t\t\t\t\t\t<div class=\"elementor-element elementor-element-2bd949a elementor-widget elementor-widget-link-in-bio\" data-id=\"2bd949a\" data-element_type=\"widget\" data-widget_type=\"link-in-bio.default\">\n\t\t\t\t<div class=\"elementor-widget-container\">\n\t\t\t\t\t\t\t<div class=\"e-link-in-bio e-link-in-bio\">\n\t\t\t<div class=\"e-link-in-bio__content\">\n\n\t\t\t\t\t\t<div class=\"e-link-in-bio__identity\">\n\t\t\t\t\t\t\t\t\t<div class=\"e-link-in-bio__identity-image e-link-in-bio__identity-image-profile has-style-circle\">\n\t\t\t\t\t\t\t<img fetchpriority=\"high\" decoding=\"async\" width=\"300\" height=\"257\" src=\"https:\/\/co2winery.com\/wp-content\/uploads\/2025\/04\/Capture-decran-2025-04-09-a-10.54.05-e1744188890973-300x257.png\" class=\"e-link-in-bio__identity-image-element\" alt=\"Matthieu Plant\u00e9 : co-fondateur de CO2 Winery : syst\u00e8me de captation et de valorisation du CO2 Fermentaire dans les chais\" srcset=\"https:\/\/co2winery.com\/wp-content\/uploads\/2025\/04\/Capture-decran-2025-04-09-a-10.54.05-e1744188890973-300x257.png 300w, https:\/\/co2winery.com\/wp-content\/uploads\/2025\/04\/Capture-decran-2025-04-09-a-10.54.05-e1744188890973-768x658.png 768w, https:\/\/co2winery.com\/wp-content\/uploads\/2025\/04\/Capture-decran-2025-04-09-a-10.54.05-e1744188890973-14x12.png 14w, https:\/\/co2winery.com\/wp-content\/uploads\/2025\/04\/Capture-decran-2025-04-09-a-10.54.05-e1744188890973.png 970w\" sizes=\"(max-width: 300px) 100vw, 300px\" \/>\t\t\t\t\t\t\t\t\t\t\t\t\t<\/div>\n\t\t\t\t\t\t\t<\/div>\n\t\t\t\t\t<div class=\"e-link-in-bio__bio\">\n\t\t\t\t<h2 class=\"e-link-in-bio__heading\">Matthieu Plant\u00e9<\/h2>\t\t\t\t<h3 class=\"e-link-in-bio__title\">Cofundador y Director Comercial<\/h3>\t\t\t\t\t\t\t\t\t\t\t<\/div>\n\t\t\t\t\t<div class=\"e-link-in-bio__icons has-size-small\">\n\t\t\t\t\t\t\t<div class=\"e-link-in-bio__icon is-size-small\">\n\t\t\t\t\t<a aria-label=\"Tel\u00e9fono\" class=\"e-link-in-bio__icon-link\" href=\"tel: 33 6 85 61 83 21\">\n\t\t\t\t\t\t<span class=\"e-link-in-bio__icon-svg\">\n\t\t\t\t\t\t\t<i aria-hidden=\"true\" class=\"fas fa-phone-alt\"><\/i>\t\t\t\t\t\t<\/span>\n\t\t\t\t\t\t\t\t\t\t\t<\/a>\n\t\t\t\t<\/div>\n\t\t\t\t\t\t\t<div class=\"e-link-in-bio__icon is-size-small\">\n\t\t\t\t\t<a aria-label=\"Correo electr\u00f3nico\" class=\"e-link-in-bio__icon-link\" href=\"mailto:mplante@w-platform.fr\">\n\t\t\t\t\t\t<span class=\"e-link-in-bio__icon-svg\">\n\t\t\t\t\t\t\t<i aria-hidden=\"true\" class=\"fas fa-envelope\"><\/i>\t\t\t\t\t\t<\/span>\n\t\t\t\t\t\t\t\t\t\t\t<\/a>\n\t\t\t\t<\/div>\n\t\t\t\t\t\t\t<div class=\"e-link-in-bio__icon is-size-small\">\n\t\t\t\t\t<a href=\"http:\/\/linkedin.com\/in\/matthieuplante\" target=\"_blank\" rel=\"noopener \" aria-label=\"LinkedIn\" class=\"e-link-in-bio__icon-link\">\n\t\t\t\t\t\t<span class=\"e-link-in-bio__icon-svg\">\n\t\t\t\t\t\t\t<i aria-hidden=\"true\" class=\"fab fa-linkedin-in\"><\/i>\t\t\t\t\t\t<\/span>\n\t\t\t\t\t\t\t\t\t\t\t<\/a>\n\t\t\t\t<\/div>\n\t\t\t\t\t<\/div>\n\t\t\n\t\t<div class=\"e-link-in-bio__ctas has-type-button\">\n\t\t\t\t\t\t\t<a href=\"https:\/\/calendly.com\/mplante-w-platform\/45min?month=2025-04\" target=\"_blank\" rel=\"noopener \" class=\"e-link-in-bio__cta is-type-button has-corners-rounded\">\n\t\t\t\t\t\t\t\t\t\t<span class=\"e-link-in-bio__cta-text\">\n\t\t\t\t\t\tOrganizar una reuni\u00f3n en l\u00ednea\t\t\t\t\t<\/span>\n\t\t\t\t<\/a>\n\t\t\t\t\t<\/div>\n\t\t\n\t\t\t<\/div>\n\t\t\t<div class=\"e-link-in-bio__bg\">\n\t\t\t\t<div class=\"e-link-in-bio__bg-overlay\"><\/div>\n\t\t\t<\/div>\n\t\t<\/div>\n\t\t\t\t\t\t<\/div>\n\t\t\t\t<\/div>\n\t\t\t\t\t<\/div>\n\t\t<\/div>\n\t\t\t\t\t<\/div>\n\t\t<\/section>\n\t\t\t\t<\/div>","protected":false},"excerpt":{"rendered":"<p>Art\u00edculo de prensa Reciclaje: cuando el CO\u2082 fermentado se convierte en hielo seco Escrito por Am\u00e9lie Bimont, publicado por Vitisph\u00e8re, el 21 de octubre de 2024 \"Utilizar el CO2 de las fermentaciones para producir su propio hielo seco es posible. Los Vignerons de Tutiac, en Gironda, lo est\u00e1n demostrando. Lo que queda por hacer, sin embargo, es afinar el equilibrio financiero ... <a title=\"Art\u00edculo de Vitisph\u00e8re: Reciclaje: cuando el CO\u2082 fermentado se convierte en hielo seco.\" class=\"read-more\" href=\"https:\/\/co2winery.com\/es\/article-vitisphere-recyclage-quand-le-co%e2%82%82-fermentaire-devient-de-la-neige-carbonique\/\" aria-label=\"M\u00e1s en Article Vitisph\u00e8re : Reciclaje: cuando el CO\u2082 fermentado se convierte en hielo seco\">Leer m\u00e1s<\/a><\/p>","protected":false},"author":5,"featured_media":0,"parent":0,"menu_order":0,"comment_status":"closed","ping_status":"closed","template":"elementor_header_footer","meta":{"om_disable_all_campaigns":false,"_monsterinsights_skip_tracking":false,"_monsterinsights_sitenote_active":false,"_monsterinsights_sitenote_note":"","_monsterinsights_sitenote_category":0,"_uf_show_specific_survey":0,"_uf_disable_surveys":false,"footnotes":""},"class_list":["post-2887","page","type-page","status-publish"],"aioseo_notices":[],"_links":{"self":[{"href":"https:\/\/co2winery.com\/es\/wp-json\/wp\/v2\/pages\/2887","targetHints":{"allow":["GET"]}}],"collection":[{"href":"https:\/\/co2winery.com\/es\/wp-json\/wp\/v2\/pages"}],"about":[{"href":"https:\/\/co2winery.com\/es\/wp-json\/wp\/v2\/types\/page"}],"author":[{"embeddable":true,"href":"https:\/\/co2winery.com\/es\/wp-json\/wp\/v2\/users\/5"}],"replies":[{"embeddable":true,"href":"https:\/\/co2winery.com\/es\/wp-json\/wp\/v2\/comments?post=2887"}],"version-history":[{"count":22,"href":"https:\/\/co2winery.com\/es\/wp-json\/wp\/v2\/pages\/2887\/revisions"}],"predecessor-version":[{"id":3500,"href":"https:\/\/co2winery.com\/es\/wp-json\/wp\/v2\/pages\/2887\/revisions\/3500"}],"wp:attachment":[{"href":"https:\/\/co2winery.com\/es\/wp-json\/wp\/v2\/media?parent=2887"}],"curies":[{"name":"wp","href":"https:\/\/api.w.org\/{rel}","templated":true}]}}