{"id":2740,"date":"2025-03-28T09:24:35","date_gmt":"2025-03-28T08:24:35","guid":{"rendered":"https:\/\/co2winery.com\/?page_id=2740"},"modified":"2025-12-09T02:15:02","modified_gmt":"2025-12-09T01:15:02","slug":"blog","status":"publish","type":"page","link":"https:\/\/co2winery.com\/es\/blog\/","title":{"rendered":"Blog"},"content":{"rendered":"<div data-elementor-type=\"wp-page\" data-elementor-id=\"2740\" class=\"elementor elementor-2740\" data-elementor-post-type=\"page\">\n\t\t\t\t\t\t<section class=\"elementor-section elementor-top-section elementor-element elementor-element-1f36c97c elementor-section-height-min-height elementor-section-boxed elementor-section-height-default elementor-section-items-middle\" data-id=\"1f36c97c\" data-element_type=\"section\" data-settings=\"{&quot;background_background&quot;:&quot;gradient&quot;,&quot;shape_divider_bottom&quot;:&quot;waves&quot;}\">\n\t\t\t\t\t\t\t<div class=\"elementor-background-overlay\"><\/div>\n\t\t\t\t\t\t<div class=\"elementor-shape elementor-shape-bottom\" data-negative=\"false\">\n\t\t\t<svg xmlns=\"http:\/\/www.w3.org\/2000\/svg\" viewbox=\"0 0 1000 100\" preserveaspectratio=\"none\">\n\t<path class=\"elementor-shape-fill\" d=\"M421.9,6.5c22.6-2.5,51.5,0.4,75.5,5.3c23.6,4.9,70.9,23.5,100.5,35.7c75.8,32.2,133.7,44.5,192.6,49.7\tc23.6,2.1,48.7,3.5,103.4-2.5c54.7-6,106.2-25.6,106.2-25.6V0H0v30.3c0,0,72,32.6,158.4,30.5c39.2-0.7,92.8-6.7,134-22.4\tc21.2-8.1,52.2-18.2,79.7-24.2C399.3,7.9,411.6,7.5,421.9,6.5z\"\/>\n<\/svg>\t\t<\/div>\n\t\t\t\t\t<div class=\"elementor-container elementor-column-gap-default\">\n\t\t\t\t\t<div class=\"elementor-column elementor-col-100 elementor-top-column elementor-element elementor-element-79d72a88\" data-id=\"79d72a88\" data-element_type=\"column\">\n\t\t\t<div class=\"elementor-widget-wrap elementor-element-populated\">\n\t\t\t\t\t\t<div class=\"elementor-element elementor-element-32d788e7 elementor-widget elementor-widget-heading\" data-id=\"32d788e7\" data-element_type=\"widget\" data-widget_type=\"heading.default\">\n\t\t\t\t<div class=\"elementor-widget-container\">\n\t\t\t\t\t<h1 class=\"elementor-heading-title elementor-size-default\">Blog<\/h1>\t\t\t\t<\/div>\n\t\t\t\t<\/div>\n\t\t\t\t<div class=\"elementor-element elementor-element-80cf20a elementor-widget-divider--view-line elementor-widget elementor-widget-divider\" data-id=\"80cf20a\" data-element_type=\"widget\" data-widget_type=\"divider.default\">\n\t\t\t\t<div class=\"elementor-widget-container\">\n\t\t\t\t\t\t\t<div class=\"elementor-divider\">\n\t\t\t<span class=\"elementor-divider-separator\">\n\t\t\t\t\t\t<\/span>\n\t\t<\/div>\n\t\t\t\t\t\t<\/div>\n\t\t\t\t<\/div>\n\t\t\t\t<div class=\"elementor-element elementor-element-2a9803b9 elementor-widget elementor-widget-heading\" data-id=\"2a9803b9\" data-element_type=\"widget\" data-widget_type=\"heading.default\">\n\t\t\t\t<div class=\"elementor-widget-container\">\n\t\t\t\t\t<h3 class=\"elementor-heading-title elementor-size-default\">Navegue y descubra nuestros \u00faltimos art\u00edculos<\/h3>\t\t\t\t<\/div>\n\t\t\t\t<\/div>\n\t\t\t\t\t<\/div>\n\t\t<\/div>\n\t\t\t\t\t<\/div>\n\t\t<\/section>\n\t\t\t\t<section class=\"elementor-section elementor-top-section elementor-element elementor-element-812a032 elementor-section-boxed elementor-section-height-default elementor-section-height-default\" data-id=\"812a032\" data-element_type=\"section\">\n\t\t\t\t\t\t<div class=\"elementor-container elementor-column-gap-default\">\n\t\t\t\t\t<div class=\"elementor-column elementor-col-100 elementor-top-column elementor-element elementor-element-7b6e14e\" data-id=\"7b6e14e\" data-element_type=\"column\">\n\t\t\t<div class=\"elementor-widget-wrap elementor-element-populated\">\n\t\t\t\t\t\t<div class=\"elementor-element elementor-element-e0f87a1 elementor-grid-2 elementor-posts--align-center elementor-grid-tablet-2 elementor-grid-mobile-1 elementor-posts--thumbnail-top elementor-card-shadow-yes elementor-posts__hover-gradient elementor-widget elementor-widget-posts\" data-id=\"e0f87a1\" data-element_type=\"widget\" data-settings=\"{&quot;cards_columns&quot;:&quot;2&quot;,&quot;cards_masonry&quot;:&quot;yes&quot;,&quot;cards_columns_tablet&quot;:&quot;2&quot;,&quot;cards_columns_mobile&quot;:&quot;1&quot;,&quot;cards_row_gap&quot;:{&quot;unit&quot;:&quot;px&quot;,&quot;size&quot;:35,&quot;sizes&quot;:[]},&quot;cards_row_gap_tablet&quot;:{&quot;unit&quot;:&quot;px&quot;,&quot;size&quot;:&quot;&quot;,&quot;sizes&quot;:[]},&quot;cards_row_gap_mobile&quot;:{&quot;unit&quot;:&quot;px&quot;,&quot;size&quot;:&quot;&quot;,&quot;sizes&quot;:[]}}\" data-widget_type=\"posts.cards\">\n\t\t\t\t<div class=\"elementor-widget-container\">\n\t\t\t\t\t\t\t<div class=\"elementor-posts-container elementor-posts elementor-posts--skin-cards elementor-grid\">\n\t\t\t\t<article class=\"elementor-post elementor-grid-item post-3065 post type-post status-publish format-standard has-post-thumbnail hentry category-non-classifiee\">\n\t\t\t<div class=\"elementor-post__card\">\n\t\t\t\t<a class=\"elementor-post__thumbnail__link\" href=\"https:\/\/co2winery.com\/es\/2025\/04\/11\/une-innovation-qui-transforme-le-co2-fermentaire-en-atout-pour-la-viticulture\/\" tabindex=\"-1\" ><div class=\"elementor-post__thumbnail\"><img decoding=\"async\" width=\"300\" height=\"134\" src=\"https:\/\/co2winery.com\/wp-content\/uploads\/2025\/11\/W-PLATFORM_winery-300x134.png\" class=\"attachment-medium size-medium wp-image-3441\" alt=\"\" srcset=\"https:\/\/co2winery.com\/wp-content\/uploads\/2025\/11\/W-PLATFORM_winery-300x134.png 300w, https:\/\/co2winery.com\/wp-content\/uploads\/2025\/11\/W-PLATFORM_winery-1024x457.png 1024w, https:\/\/co2winery.com\/wp-content\/uploads\/2025\/11\/W-PLATFORM_winery-768x343.png 768w, https:\/\/co2winery.com\/wp-content\/uploads\/2025\/11\/W-PLATFORM_winery-18x8.png 18w, https:\/\/co2winery.com\/wp-content\/uploads\/2025\/11\/W-PLATFORM_winery.png 1345w\" sizes=\"(max-width: 300px) 100vw, 300px\" \/><\/div><\/a>\n\t\t\t\t<div class=\"elementor-post__text\">\n\t\t\t\t<h3 class=\"elementor-post__title\">\n\t\t\t<a href=\"https:\/\/co2winery.com\/es\/2025\/04\/11\/une-innovation-qui-transforme-le-co2-fermentaire-en-atout-pour-la-viticulture\/\" >\n\t\t\t\tUna innovaci\u00f3n que convierte el CO2 fermentativo en un activo para la viticultura\t\t\t<\/a>\n\t\t<\/h3>\n\t\t\t\t<div class=\"elementor-post__excerpt\">\n\t\t\t<p>CO2 Winery transforma el CO2 fermentativo en una baza econ\u00f3mica y ecol\u00f3gica para la viticultura. Gracias a una tecnolog\u00eda innovadora, los viticultores pueden utilizar este gas para reducir sus costes y su huella de carbono. Desde la producci\u00f3n de hielo seco hasta la optimizaci\u00f3n de los procesos de limpieza, descubra c\u00f3mo esta soluci\u00f3n est\u00e1 revolucionando la viticultura y allanando el camino hacia un futuro m\u00e1s sostenible.<\/p>\n<p>\u00bfQuiere saber c\u00f3mo? Siga leyendo para saber m\u00e1s sobre esta innovaci\u00f3n que podr\u00eda transformar su forma de cultivar vino.<\/p>\n\t\t<\/div>\n\t\t\n\t\t<a class=\"elementor-post__read-more\" href=\"https:\/\/co2winery.com\/es\/2025\/04\/11\/une-innovation-qui-transforme-le-co2-fermentaire-en-atout-pour-la-viticulture\/\" aria-label=\"M\u00e1s informaci\u00f3n sobre Una innovaci\u00f3n que convierte el CO2 fermentativo en un activo para la viticultura\" tabindex=\"-1\" >\n\t\t\tLeer el art\u00edculo \t\t<\/a>\n\n\t\t\t\t<\/div>\n\t\t\t\t<div class=\"elementor-post__meta-data\">\n\t\t\t\t\t<span class=\"elementor-post-date\">\n\t\t\t11 de abril de 2025\t\t<\/span>\n\t\t\t\t<span class=\"elementor-post-avatar\">\n\t\t\tNo hay comentarios\t\t<\/span>\n\t\t\t\t<\/div>\n\t\t\t\t\t<\/div>\n\t\t<\/article>\n\t\t\t\t<article class=\"elementor-post elementor-grid-item post-2699 post type-post status-publish format-standard has-post-thumbnail hentry category-non-classifiee\">\n\t\t\t<div class=\"elementor-post__card\">\n\t\t\t\t<a class=\"elementor-post__thumbnail__link\" href=\"https:\/\/co2winery.com\/es\/2025\/03\/25\/co2-fossile-vs-co2-biogenique\/\" tabindex=\"-1\" ><div class=\"elementor-post__thumbnail\"><img fetchpriority=\"high\" decoding=\"async\" width=\"300\" height=\"169\" src=\"https:\/\/co2winery.com\/wp-content\/uploads\/2025\/03\/Design-sans-titre-2-300x169.png\" class=\"attachment-medium size-medium wp-image-2674\" alt=\"\" srcset=\"https:\/\/co2winery.com\/wp-content\/uploads\/2025\/03\/Design-sans-titre-2-300x169.png 300w, https:\/\/co2winery.com\/wp-content\/uploads\/2025\/03\/Design-sans-titre-2-1024x576.png 1024w, https:\/\/co2winery.com\/wp-content\/uploads\/2025\/03\/Design-sans-titre-2-768x432.png 768w, https:\/\/co2winery.com\/wp-content\/uploads\/2025\/03\/Design-sans-titre-2-1536x864.png 1536w, https:\/\/co2winery.com\/wp-content\/uploads\/2025\/03\/Design-sans-titre-2-2048x1152.png 2048w, https:\/\/co2winery.com\/wp-content\/uploads\/2025\/03\/Design-sans-titre-2-18x10.png 18w\" sizes=\"(max-width: 300px) 100vw, 300px\" \/><\/div><\/a>\n\t\t\t\t<div class=\"elementor-post__text\">\n\t\t\t\t<h3 class=\"elementor-post__title\">\n\t\t\t<a href=\"https:\/\/co2winery.com\/es\/2025\/03\/25\/co2-fossile-vs-co2-biogenique\/\" >\n\t\t\t\tCO2 f\u00f3sil vs. CO2 biog\u00e9nico: ya es hora de diferenciarlos\t\t\t<\/a>\n\t\t<\/h3>\n\t\t\t\t<div class=\"elementor-post__excerpt\">\n\t\t\t<p>El CO\u2082 f\u00f3sil, procedente de fuentes de energ\u00eda no renovables, altera el equilibrio clim\u00e1tico al liberar carbono \"viejo\" a la atm\u00f3sfera. En cambio, el CO\u2082 biog\u00e9nico, procedente de la biomasa, sigue un ciclo natural en el que las emisiones se compensan con la absorci\u00f3n de carbono por las plantas. M\u00e1s respetuoso con el medio ambiente, ofrece una alternativa sostenible, gracias sobre todo a las tecnolog\u00edas de captura y recuperaci\u00f3n que permiten reutilizar este CO\u2082 en diversos sectores de actividad, como el vitivin\u00edcola, el cervecero, la metanizaci\u00f3n y la industria.<\/p>\n\t\t<\/div>\n\t\t\n\t\t<a class=\"elementor-post__read-more\" href=\"https:\/\/co2winery.com\/es\/2025\/03\/25\/co2-fossile-vs-co2-biogenique\/\" aria-label=\"M\u00e1s informaci\u00f3n sobre CO2 F\u00f3sil Vs. CO2 Biog\u00e9nico, il est grand temps de les diff\u00e9rencier\" tabindex=\"-1\" >\n\t\t\tLeer el art\u00edculo \t\t<\/a>\n\n\t\t\t\t<\/div>\n\t\t\t\t<div class=\"elementor-post__meta-data\">\n\t\t\t\t\t<span class=\"elementor-post-date\">\n\t\t\t25 marzo 2025\t\t<\/span>\n\t\t\t\t<span class=\"elementor-post-avatar\">\n\t\t\tNo hay comentarios\t\t<\/span>\n\t\t\t\t<\/div>\n\t\t\t\t\t<\/div>\n\t\t<\/article>\n\t\t\t\t<\/div>\n\t\t\n\t\t\t\t\t\t<\/div>\n\t\t\t\t<\/div>\n\t\t\t\t\t<\/div>\n\t\t<\/div>\n\t\t\t\t\t<\/div>\n\t\t<\/section>\n\t\t\t\t<section class=\"elementor-section elementor-top-section elementor-element elementor-element-6861e589 elementor-section-boxed elementor-section-height-default elementor-section-height-default\" data-id=\"6861e589\" data-element_type=\"section\">\n\t\t\t\t\t\t<div class=\"elementor-container elementor-column-gap-default\">\n\t\t\t\t\t<div class=\"elementor-column elementor-col-100 elementor-top-column elementor-element elementor-element-7d60c238\" data-id=\"7d60c238\" data-element_type=\"column\">\n\t\t\t<div class=\"elementor-widget-wrap elementor-element-populated\">\n\t\t\t\t\t\t<div class=\"elementor-element elementor-element-21204ef7 elementor-widget elementor-widget-spacer\" data-id=\"21204ef7\" data-element_type=\"widget\" data-widget_type=\"spacer.default\">\n\t\t\t\t<div class=\"elementor-widget-container\">\n\t\t\t\t\t\t\t<div class=\"elementor-spacer\">\n\t\t\t<div class=\"elementor-spacer-inner\"><\/div>\n\t\t<\/div>\n\t\t\t\t\t\t<\/div>\n\t\t\t\t<\/div>\n\t\t\t\t\t<\/div>\n\t\t<\/div>\n\t\t\t\t\t<\/div>\n\t\t<\/section>\n\t\t\t\t<section class=\"elementor-section elementor-top-section elementor-element elementor-element-6bee63f elementor-section-boxed elementor-section-height-default elementor-section-height-default\" data-id=\"6bee63f\" data-element_type=\"section\" data-settings=\"{&quot;background_background&quot;:&quot;gradient&quot;,&quot;shape_divider_top&quot;:&quot;waves&quot;}\">\n\t\t\t\t\t\t\t<div class=\"elementor-background-overlay\"><\/div>\n\t\t\t\t\t\t<div class=\"elementor-shape elementor-shape-top\" data-negative=\"false\">\n\t\t\t<svg xmlns=\"http:\/\/www.w3.org\/2000\/svg\" viewbox=\"0 0 1000 100\" preserveaspectratio=\"none\">\n\t<path class=\"elementor-shape-fill\" d=\"M421.9,6.5c22.6-2.5,51.5,0.4,75.5,5.3c23.6,4.9,70.9,23.5,100.5,35.7c75.8,32.2,133.7,44.5,192.6,49.7\tc23.6,2.1,48.7,3.5,103.4-2.5c54.7-6,106.2-25.6,106.2-25.6V0H0v30.3c0,0,72,32.6,158.4,30.5c39.2-0.7,92.8-6.7,134-22.4\tc21.2-8.1,52.2-18.2,79.7-24.2C399.3,7.9,411.6,7.5,421.9,6.5z\"\/>\n<\/svg>\t\t<\/div>\n\t\t\t\t\t<div class=\"elementor-container elementor-column-gap-default\">\n\t\t\t\t\t<div class=\"elementor-column elementor-col-50 elementor-top-column elementor-element elementor-element-7a7ecc74\" data-id=\"7a7ecc74\" data-element_type=\"column\">\n\t\t\t<div class=\"elementor-widget-wrap elementor-element-populated\">\n\t\t\t\t\t\t<div class=\"elementor-element elementor-element-756c5039 elementor-widget elementor-widget-heading\" data-id=\"756c5039\" data-element_type=\"widget\" data-widget_type=\"heading.default\">\n\t\t\t\t<div class=\"elementor-widget-container\">\n\t\t\t\t\t<h4 class=\"elementor-heading-title elementor-size-default\">\u00bfNecesita un estudio personalizado?<\/h4>\t\t\t\t<\/div>\n\t\t\t\t<\/div>\n\t\t\t\t<div class=\"elementor-element elementor-element-29fde13d elementor-widget elementor-widget-heading\" data-id=\"29fde13d\" data-element_type=\"widget\" data-widget_type=\"heading.default\">\n\t\t\t\t<div class=\"elementor-widget-container\">\n\t\t\t\t\t<h2 class=\"elementor-heading-title elementor-size-default\">Captura, purificaci\u00f3n y recuperaci\u00f3n de CO2 fermentativo en un enfoque de econom\u00eda circular<\/h2>\t\t\t\t<\/div>\n\t\t\t\t<\/div>\n\t\t\t\t<div class=\"elementor-element elementor-element-434318d0 elementor-mobile-align-center elementor-align-left elementor-widget elementor-widget-button\" data-id=\"434318d0\" data-element_type=\"widget\" data-widget_type=\"button.default\">\n\t\t\t\t<div class=\"elementor-widget-container\">\n\t\t\t\t\t\t\t\t\t<div class=\"elementor-button-wrapper\">\n\t\t\t\t\t<a class=\"elementor-button elementor-button-link elementor-size-md\" href=\"https:\/\/co2winery.com\/es\/contact-2\/\">\n\t\t\t\t\t\t<span class=\"elementor-button-content-wrapper\">\n\t\t\t\t\t\t<span class=\"elementor-button-icon\">\n\t\t\t\t<i aria-hidden=\"true\" class=\"fas fa-arrow-right\"><\/i>\t\t\t<\/span>\n\t\t\t\t\t\t\t\t\t<span class=\"elementor-button-text\">P\u00f3ngase en contacto con nosotros<\/span>\n\t\t\t\t\t<\/span>\n\t\t\t\t\t<\/a>\n\t\t\t\t<\/div>\n\t\t\t\t\t\t\t\t<\/div>\n\t\t\t\t<\/div>\n\t\t\t\t\t<\/div>\n\t\t<\/div>\n\t\t\t\t<div class=\"elementor-column elementor-col-50 elementor-top-column elementor-element elementor-element-11e01159\" data-id=\"11e01159\" data-element_type=\"column\">\n\t\t\t<div class=\"elementor-widget-wrap elementor-element-populated\">\n\t\t\t\t\t\t<div class=\"elementor-element elementor-element-33903ce6 elementor-widget elementor-widget-image\" data-id=\"33903ce6\" data-element_type=\"widget\" data-settings=\"{&quot;motion_fx_motion_fx_scrolling&quot;:&quot;yes&quot;,&quot;motion_fx_translateY_effect&quot;:&quot;yes&quot;,&quot;motion_fx_translateY_direction&quot;:&quot;negative&quot;,&quot;motion_fx_translateY_speed&quot;:{&quot;unit&quot;:&quot;px&quot;,&quot;size&quot;:&quot;1&quot;,&quot;sizes&quot;:[]},&quot;motion_fx_devices&quot;:[&quot;desktop&quot;,&quot;tablet&quot;],&quot;motion_fx_translateY_affectedRange&quot;:{&quot;unit&quot;:&quot;%&quot;,&quot;size&quot;:&quot;&quot;,&quot;sizes&quot;:{&quot;start&quot;:&quot;0&quot;,&quot;end&quot;:&quot;50&quot;}}}\" data-widget_type=\"image.default\">\n\t\t\t\t<div class=\"elementor-widget-container\">\n\t\t\t\t\t\t\t\t\t\t\t\t\t\t\t<img decoding=\"async\" width=\"2560\" height=\"1920\" src=\"https:\/\/co2winery.com\/wp-content\/uploads\/2023\/12\/img-3066_vwefabmg-scaled.jpg\" class=\"attachment-full size-full wp-image-1075\" alt=\"Chai Ch\u00e2teau La Tour : captation du CO2 fermentaire\" srcset=\"https:\/\/co2winery.com\/wp-content\/uploads\/2023\/12\/img-3066_vwefabmg-scaled.jpg 2560w, https:\/\/co2winery.com\/wp-content\/uploads\/2023\/12\/img-3066_vwefabmg-300x225.jpg 300w, https:\/\/co2winery.com\/wp-content\/uploads\/2023\/12\/img-3066_vwefabmg-1024x768.jpg 1024w, https:\/\/co2winery.com\/wp-content\/uploads\/2023\/12\/img-3066_vwefabmg-768x576.jpg 768w, https:\/\/co2winery.com\/wp-content\/uploads\/2023\/12\/img-3066_vwefabmg-1536x1152.jpg 1536w, https:\/\/co2winery.com\/wp-content\/uploads\/2023\/12\/img-3066_vwefabmg-2048x1536.jpg 2048w\" sizes=\"(max-width: 2560px) 100vw, 2560px\" \/>\t\t\t\t\t\t\t\t\t\t\t\t\t\t\t<\/div>\n\t\t\t\t<\/div>\n\t\t\t\t\t<\/div>\n\t\t<\/div>\n\t\t\t\t\t<\/div>\n\t\t<\/section>\n\t\t\t\t<\/div>","protected":false},"excerpt":{"rendered":"<p>Blog Navegue y descubra nuestros \u00faltimos art\u00edculos \u00bfNecesita un estudio personalizado? Captura, purificaci\u00f3n y recuperaci\u00f3n de CO2 fermentativo como parte de una econom\u00eda circular Cont\u00e1ctenos<\/p>","protected":false},"author":5,"featured_media":0,"parent":0,"menu_order":0,"comment_status":"closed","ping_status":"closed","template":"elementor_header_footer","meta":{"om_disable_all_campaigns":false,"_monsterinsights_skip_tracking":false,"_monsterinsights_sitenote_active":false,"_monsterinsights_sitenote_note":"","_monsterinsights_sitenote_category":0,"_uf_show_specific_survey":0,"_uf_disable_surveys":false,"footnotes":""},"class_list":["post-2740","page","type-page","status-publish","hentry"],"aioseo_notices":[],"_links":{"self":[{"href":"https:\/\/co2winery.com\/es\/wp-json\/wp\/v2\/pages\/2740","targetHints":{"allow":["GET"]}}],"collection":[{"href":"https:\/\/co2winery.com\/es\/wp-json\/wp\/v2\/pages"}],"about":[{"href":"https:\/\/co2winery.com\/es\/wp-json\/wp\/v2\/types\/page"}],"author":[{"embeddable":true,"href":"https:\/\/co2winery.com\/es\/wp-json\/wp\/v2\/users\/5"}],"replies":[{"embeddable":true,"href":"https:\/\/co2winery.com\/es\/wp-json\/wp\/v2\/comments?post=2740"}],"version-history":[{"count":16,"href":"https:\/\/co2winery.com\/es\/wp-json\/wp\/v2\/pages\/2740\/revisions"}],"predecessor-version":[{"id":3530,"href":"https:\/\/co2winery.com\/es\/wp-json\/wp\/v2\/pages\/2740\/revisions\/3530"}],"wp:attachment":[{"href":"https:\/\/co2winery.com\/es\/wp-json\/wp\/v2\/media?parent=2740"}],"curies":[{"name":"wp","href":"https:\/\/api.w.org\/{rel}","templated":true}]}}