{"id":2409,"date":"2025-03-06T08:45:54","date_gmt":"2025-03-06T07:45:54","guid":{"rendered":"https:\/\/co2winery.com\/?page_id=2409"},"modified":"2025-12-09T02:41:43","modified_gmt":"2025-12-09T01:41:43","slug":"plateforme-wp-data","status":"publish","type":"page","link":"https:\/\/co2winery.com\/es\/plateforme-wp-data\/","title":{"rendered":"W Datos de la plataforma"},"content":{"rendered":"<div data-elementor-type=\"wp-page\" data-elementor-id=\"2409\" class=\"elementor elementor-2409\" data-elementor-post-type=\"page\">\n\t\t\t\t\t\t<section class=\"elementor-section elementor-top-section elementor-element elementor-element-88acb67 elementor-section-full_width elementor-section-height-default elementor-section-height-default\" data-id=\"88acb67\" data-element_type=\"section\">\n\t\t\t\t\t\t<div class=\"elementor-container elementor-column-gap-default\">\n\t\t\t\t\t<div class=\"elementor-column elementor-col-100 elementor-top-column elementor-element elementor-element-8e0046a\" data-id=\"8e0046a\" data-element_type=\"column\">\n\t\t\t<div class=\"elementor-widget-wrap elementor-element-populated\">\n\t\t\t\t\t\t<div class=\"elementor-element elementor-element-d03ecda elementor-widget elementor-widget-heading\" data-id=\"d03ecda\" data-element_type=\"widget\" data-widget_type=\"heading.default\">\n\t\t\t\t<div class=\"elementor-widget-container\">\n\t\t\t\t\t<h1 class=\"elementor-heading-title elementor-size-default\">Plataforma de Bodegas<\/h1>\t\t\t\t<\/div>\n\t\t\t\t<\/div>\n\t\t\t\t<div class=\"elementor-element elementor-element-6388f67 elementor-widget elementor-widget-text-editor\" data-id=\"6388f67\" data-element_type=\"widget\" data-widget_type=\"text-editor.default\">\n\t\t\t\t<div class=\"elementor-widget-container\">\n\t\t\t\t\t\t\t\t\t<p>La plataforma de software para visualizar y analizar f\u00e1cilmente los datos t\u00e9cnicos del vi\u00f1edo y la bodega.<\/p>\t\t\t\t\t\t\t\t<\/div>\n\t\t\t\t<\/div>\n\t\t\t\t\t<\/div>\n\t\t<\/div>\n\t\t\t\t\t<\/div>\n\t\t<\/section>\n\t\t\t\t<section class=\"elementor-section elementor-top-section elementor-element elementor-element-2c542dc elementor-section-boxed elementor-section-height-default elementor-section-height-default\" data-id=\"2c542dc\" data-element_type=\"section\" data-settings=\"{&quot;background_background&quot;:&quot;classic&quot;}\">\n\t\t\t\t\t\t<div class=\"elementor-container elementor-column-gap-default\">\n\t\t\t\t\t<div class=\"elementor-column elementor-col-100 elementor-top-column elementor-element elementor-element-380485f\" data-id=\"380485f\" data-element_type=\"column\" data-settings=\"{&quot;background_background&quot;:&quot;classic&quot;}\">\n\t\t\t<div class=\"elementor-widget-wrap elementor-element-populated\">\n\t\t\t\t\t\t<section class=\"elementor-section elementor-inner-section elementor-element elementor-element-eae0b7f elementor-section-full_width elementor-section-height-default elementor-section-height-default\" data-id=\"eae0b7f\" data-element_type=\"section\" data-settings=\"{&quot;background_background&quot;:&quot;classic&quot;}\">\n\t\t\t\t\t\t<div class=\"elementor-container elementor-column-gap-default\">\n\t\t\t\t\t<div class=\"elementor-column elementor-col-50 elementor-inner-column elementor-element elementor-element-1245c38\" data-id=\"1245c38\" data-element_type=\"column\" data-settings=\"{&quot;background_background&quot;:&quot;classic&quot;}\">\n\t\t\t<div class=\"elementor-widget-wrap elementor-element-populated\">\n\t\t\t\t\t\t<div class=\"elementor-element elementor-element-01a0f7f elementor-widget elementor-widget-image\" data-id=\"01a0f7f\" data-element_type=\"widget\" data-widget_type=\"image.default\">\n\t\t\t\t<div class=\"elementor-widget-container\">\n\t\t\t\t\t\t\t\t\t\t\t\t\t\t\t<img fetchpriority=\"high\" decoding=\"async\" width=\"3375\" height=\"3375\" src=\"https:\/\/co2winery.com\/wp-content\/uploads\/2025\/03\/Logo-Winery-Platform.png\" class=\"attachment-full size-full wp-image-2413\" alt=\"Logo de Winery Platfrom : La plateforme logiciel pour visualiser et analyser simplement les donne\u0301es techniques de la vigne et du chai.\" srcset=\"https:\/\/co2winery.com\/wp-content\/uploads\/2025\/03\/Logo-Winery-Platform.png 3375w, https:\/\/co2winery.com\/wp-content\/uploads\/2025\/03\/Logo-Winery-Platform-300x300.png 300w, https:\/\/co2winery.com\/wp-content\/uploads\/2025\/03\/Logo-Winery-Platform-1024x1024.png 1024w, https:\/\/co2winery.com\/wp-content\/uploads\/2025\/03\/Logo-Winery-Platform-150x150.png 150w, https:\/\/co2winery.com\/wp-content\/uploads\/2025\/03\/Logo-Winery-Platform-768x768.png 768w, https:\/\/co2winery.com\/wp-content\/uploads\/2025\/03\/Logo-Winery-Platform-1536x1536.png 1536w, https:\/\/co2winery.com\/wp-content\/uploads\/2025\/03\/Logo-Winery-Platform-2048x2048.png 2048w, https:\/\/co2winery.com\/wp-content\/uploads\/2025\/03\/Logo-Winery-Platform-12x12.png 12w\" sizes=\"(max-width: 3375px) 100vw, 3375px\" \/>\t\t\t\t\t\t\t\t\t\t\t\t\t\t\t<\/div>\n\t\t\t\t<\/div>\n\t\t\t\t\t<\/div>\n\t\t<\/div>\n\t\t\t\t<div class=\"elementor-column elementor-col-50 elementor-inner-column elementor-element elementor-element-144de40\" data-id=\"144de40\" data-element_type=\"column\">\n\t\t\t<div class=\"elementor-widget-wrap elementor-element-populated\">\n\t\t\t\t\t\t<div class=\"elementor-element elementor-element-21a5806 elementor-widget elementor-widget-spacer\" data-id=\"21a5806\" data-element_type=\"widget\" data-widget_type=\"spacer.default\">\n\t\t\t\t<div class=\"elementor-widget-container\">\n\t\t\t\t\t\t\t<div class=\"elementor-spacer\">\n\t\t\t<div class=\"elementor-spacer-inner\"><\/div>\n\t\t<\/div>\n\t\t\t\t\t\t<\/div>\n\t\t\t\t<\/div>\n\t\t\t\t<div class=\"elementor-element elementor-element-7822289 elementor-widget elementor-widget-spacer\" data-id=\"7822289\" data-element_type=\"widget\" data-widget_type=\"spacer.default\">\n\t\t\t\t<div class=\"elementor-widget-container\">\n\t\t\t\t\t\t\t<div class=\"elementor-spacer\">\n\t\t\t<div class=\"elementor-spacer-inner\"><\/div>\n\t\t<\/div>\n\t\t\t\t\t\t<\/div>\n\t\t\t\t<\/div>\n\t\t\t\t<div class=\"elementor-element elementor-element-ad9245e elementor-widget elementor-widget-text-editor\" data-id=\"ad9245e\" data-element_type=\"widget\" data-widget_type=\"text-editor.default\">\n\t\t\t\t<div class=\"elementor-widget-container\">\n\t\t\t\t\t\t\t\t\t<p>Winery Platform es la <strong>cuadro de mandos t\u00e9cnico<\/strong> para su dominio.<\/p><p>Esta plataforma le permite :<\/p><ul><li><strong>Ahorrar tiempo<\/strong> en la b\u00fasqueda de informaci\u00f3n<\/li><li><strong>Copias de seguridad y protecci\u00f3n de sus datos t\u00e9cnicos<\/strong>Un verdadero patrimonio de la finca.<\/li><li><strong>Ganar en productividad<\/strong> y visualizar r\u00e1pidamente los cambios significativos y las discrepancias<\/li><li><strong>Actuar con rapidez<\/strong> y <strong>forma espec\u00edfica<\/strong>e en los eventos resaltados gr\u00e1ficamente.<\/li><li><strong>Tomar las decisiones correctas<\/strong> basado en el an\u00e1lisis de <strong>datos tangibles<\/strong>.<\/li><li><strong>Optimizar las pr\u00e1cticas<\/strong> gracias a un <strong>an\u00e1lisis preciso<\/strong> datos.<\/li><li><strong>Correcto<\/strong> las fechas y la naturaleza de su trabajo seg\u00fan <strong>predicciones fiables<\/strong> y <strong>preciso<\/strong>.<\/li><li><strong>Devoluciones seguras<\/strong> y el <strong>calidad<\/strong>.<\/li><\/ul>\t\t\t\t\t\t\t\t<\/div>\n\t\t\t\t<\/div>\n\t\t\t\t<div class=\"elementor-element elementor-element-b32238c elementor-align-center elementor-widget elementor-widget-button\" data-id=\"b32238c\" data-element_type=\"widget\" data-widget_type=\"button.default\">\n\t\t\t\t<div class=\"elementor-widget-container\">\n\t\t\t\t\t\t\t\t\t<div class=\"elementor-button-wrapper\">\n\t\t\t\t\t<a class=\"elementor-button elementor-button-link elementor-size-sm\" href=\"https:\/\/wineryplatform.com\/\" target=\"_blank\">\n\t\t\t\t\t\t<span class=\"elementor-button-content-wrapper\">\n\t\t\t\t\t\t<span class=\"elementor-button-icon\">\n\t\t\t\t<i aria-hidden=\"true\" class=\"fas fa-external-link-alt\"><\/i>\t\t\t<\/span>\n\t\t\t\t\t\t\t\t\t<span class=\"elementor-button-text\">Ir al sitio web<\/span>\n\t\t\t\t\t<\/span>\n\t\t\t\t\t<\/a>\n\t\t\t\t<\/div>\n\t\t\t\t\t\t\t\t<\/div>\n\t\t\t\t<\/div>\n\t\t\t\t<div class=\"elementor-element elementor-element-32c037a elementor-widget elementor-widget-spacer\" data-id=\"32c037a\" data-element_type=\"widget\" data-widget_type=\"spacer.default\">\n\t\t\t\t<div class=\"elementor-widget-container\">\n\t\t\t\t\t\t\t<div class=\"elementor-spacer\">\n\t\t\t<div class=\"elementor-spacer-inner\"><\/div>\n\t\t<\/div>\n\t\t\t\t\t\t<\/div>\n\t\t\t\t<\/div>\n\t\t\t\t\t<\/div>\n\t\t<\/div>\n\t\t\t\t\t<\/div>\n\t\t<\/section>\n\t\t\t\t<div class=\"elementor-element elementor-element-c0da1fb elementor-widget elementor-widget-spacer\" data-id=\"c0da1fb\" data-element_type=\"widget\" data-widget_type=\"spacer.default\">\n\t\t\t\t<div class=\"elementor-widget-container\">\n\t\t\t\t\t\t\t<div class=\"elementor-spacer\">\n\t\t\t<div class=\"elementor-spacer-inner\"><\/div>\n\t\t<\/div>\n\t\t\t\t\t\t<\/div>\n\t\t\t\t<\/div>\n\t\t\t\t\t<\/div>\n\t\t<\/div>\n\t\t\t\t\t<\/div>\n\t\t<\/section>\n\t\t\t\t<section class=\"elementor-section elementor-top-section elementor-element elementor-element-ceb5428 elementor-section-boxed elementor-section-height-default elementor-section-height-default\" data-id=\"ceb5428\" data-element_type=\"section\">\n\t\t\t\t\t\t<div class=\"elementor-container elementor-column-gap-default\">\n\t\t\t\t\t<div class=\"elementor-column elementor-col-100 elementor-top-column elementor-element elementor-element-2d7ae0b\" data-id=\"2d7ae0b\" data-element_type=\"column\">\n\t\t\t<div class=\"elementor-widget-wrap elementor-element-populated\">\n\t\t\t\t\t\t<div class=\"elementor-element elementor-element-db4ae18 elementor-widget elementor-widget-spacer\" data-id=\"db4ae18\" data-element_type=\"widget\" data-widget_type=\"spacer.default\">\n\t\t\t\t<div class=\"elementor-widget-container\">\n\t\t\t\t\t\t\t<div class=\"elementor-spacer\">\n\t\t\t<div class=\"elementor-spacer-inner\"><\/div>\n\t\t<\/div>\n\t\t\t\t\t\t<\/div>\n\t\t\t\t<\/div>\n\t\t\t\t<div class=\"elementor-element elementor-element-94b934a elementor-align-center popmake-2452 elementor-widget elementor-widget-button\" data-id=\"94b934a\" data-element_type=\"widget\" data-widget_type=\"button.default\">\n\t\t\t\t<div class=\"elementor-widget-container\">\n\t\t\t\t\t\t\t\t\t<div class=\"elementor-button-wrapper\">\n\t\t\t\t\t<a class=\"elementor-button elementor-button-link elementor-size-sm\" href=\"https:\/\/co2winery.com\/wp-content\/uploads\/2025\/03\/Brochure-Winery-Platform.pdf\">\n\t\t\t\t\t\t<span class=\"elementor-button-content-wrapper\">\n\t\t\t\t\t\t\t\t\t<span class=\"elementor-button-text\">Descargar el folleto de la Plataforma para Bodegas<\/span>\n\t\t\t\t\t<\/span>\n\t\t\t\t\t<\/a>\n\t\t\t\t<\/div>\n\t\t\t\t\t\t\t\t<\/div>\n\t\t\t\t<\/div>\n\t\t\t\t<div class=\"elementor-element elementor-element-b3b44b9 elementor-widget elementor-widget-spacer\" data-id=\"b3b44b9\" data-element_type=\"widget\" data-widget_type=\"spacer.default\">\n\t\t\t\t<div class=\"elementor-widget-container\">\n\t\t\t\t\t\t\t<div class=\"elementor-spacer\">\n\t\t\t<div class=\"elementor-spacer-inner\"><\/div>\n\t\t<\/div>\n\t\t\t\t\t\t<\/div>\n\t\t\t\t<\/div>\n\t\t\t\t\t<\/div>\n\t\t<\/div>\n\t\t\t\t\t<\/div>\n\t\t<\/section>\n\t\t\t\t<section class=\"elementor-section elementor-top-section elementor-element elementor-element-4c92129 elementor-section-boxed elementor-section-height-default elementor-section-height-default\" data-id=\"4c92129\" data-element_type=\"section\">\n\t\t\t\t\t\t<div class=\"elementor-container elementor-column-gap-default\">\n\t\t\t\t\t<div class=\"elementor-column elementor-col-25 elementor-top-column elementor-element elementor-element-3491fbd\" data-id=\"3491fbd\" data-element_type=\"column\">\n\t\t\t<div class=\"elementor-widget-wrap elementor-element-populated\">\n\t\t\t\t\t\t<div class=\"elementor-element elementor-element-dc0622e elementor-widget elementor-widget-heading\" data-id=\"dc0622e\" data-element_type=\"widget\" data-widget_type=\"heading.default\">\n\t\t\t\t<div class=\"elementor-widget-container\">\n\t\t\t\t\t<h2 class=\"elementor-heading-title elementor-size-default\">Centralizar<\/h2>\t\t\t\t<\/div>\n\t\t\t\t<\/div>\n\t\t\t\t<div class=\"elementor-element elementor-element-ec29574 elementor-widget elementor-widget-text-editor\" data-id=\"ec29574\" data-element_type=\"widget\" data-widget_type=\"text-editor.default\">\n\t\t\t\t<div class=\"elementor-widget-container\">\n\t\t\t\t\t\t\t\t\t<p>Integre autom\u00e1ticamente todos sus datos t\u00e9cnicos hist\u00f3ricos y todos los datos de los sensores (estaci\u00f3n meteorol\u00f3gica, desag\u00fce conectado, sensores de humedad, etc.) para simplificar la gesti\u00f3n.<\/p>\t\t\t\t\t\t\t\t<\/div>\n\t\t\t\t<\/div>\n\t\t\t\t\t<\/div>\n\t\t<\/div>\n\t\t\t\t<div class=\"elementor-column elementor-col-25 elementor-top-column elementor-element elementor-element-d2c0ff2\" data-id=\"d2c0ff2\" data-element_type=\"column\">\n\t\t\t<div class=\"elementor-widget-wrap elementor-element-populated\">\n\t\t\t\t\t\t<div class=\"elementor-element elementor-element-b98ca73 elementor-widget elementor-widget-heading\" data-id=\"b98ca73\" data-element_type=\"widget\" data-widget_type=\"heading.default\">\n\t\t\t\t<div class=\"elementor-widget-container\">\n\t\t\t\t\t<h2 class=\"elementor-heading-title elementor-size-default\">Ver<\/h2>\t\t\t\t<\/div>\n\t\t\t\t<\/div>\n\t\t\t\t<div class=\"elementor-element elementor-element-8a6a16c elementor-widget elementor-widget-text-editor\" data-id=\"8a6a16c\" data-element_type=\"widget\" data-widget_type=\"text-editor.default\">\n\t\t\t\t<div class=\"elementor-widget-container\">\n\t\t\t\t\t\t\t\t\t<p>Configure un gr\u00e1fico en 3 clics para visualizar todo tipo de datos a nivel de finca, parcela o cuba en la escala temporal deseada (a\u00f1os, meses, semanas, d\u00edas, horas, etc.).<\/p>\t\t\t\t\t\t\t\t<\/div>\n\t\t\t\t<\/div>\n\t\t\t\t\t<\/div>\n\t\t<\/div>\n\t\t\t\t<div class=\"elementor-column elementor-col-25 elementor-top-column elementor-element elementor-element-c9e7136\" data-id=\"c9e7136\" data-element_type=\"column\">\n\t\t\t<div class=\"elementor-widget-wrap elementor-element-populated\">\n\t\t\t\t\t\t<div class=\"elementor-element elementor-element-a6c84a6 elementor-widget elementor-widget-heading\" data-id=\"a6c84a6\" data-element_type=\"widget\" data-widget_type=\"heading.default\">\n\t\t\t\t<div class=\"elementor-widget-container\">\n\t\t\t\t\t<h2 class=\"elementor-heading-title elementor-size-default\">Analice<\/h2>\t\t\t\t<\/div>\n\t\t\t\t<\/div>\n\t\t\t\t<div class=\"elementor-element elementor-element-c108ea1 elementor-widget elementor-widget-text-editor\" data-id=\"c108ea1\" data-element_type=\"widget\" data-widget_type=\"text-editor.default\">\n\t\t\t\t<div class=\"elementor-widget-container\">\n\t\t\t\t\t\t\t\t\t<p>Compare f\u00e1cilmente diferentes parcelas o cubas de distintas a\u00f1adas y encuentre autom\u00e1ticamente la a\u00f1ada m\u00e1s cercana, por ejemplo.<\/p>\t\t\t\t\t\t\t\t<\/div>\n\t\t\t\t<\/div>\n\t\t\t\t\t<\/div>\n\t\t<\/div>\n\t\t\t\t<div class=\"elementor-column elementor-col-25 elementor-top-column elementor-element elementor-element-a3a7fc9\" data-id=\"a3a7fc9\" data-element_type=\"column\">\n\t\t\t<div class=\"elementor-widget-wrap elementor-element-populated\">\n\t\t\t\t\t\t<div class=\"elementor-element elementor-element-403ee89 elementor-widget elementor-widget-heading\" data-id=\"403ee89\" data-element_type=\"widget\" data-widget_type=\"heading.default\">\n\t\t\t\t<div class=\"elementor-widget-container\">\n\t\t\t\t\t<h2 class=\"elementor-heading-title elementor-size-default\">Predecir<\/h2>\t\t\t\t<\/div>\n\t\t\t\t<\/div>\n\t\t\t\t<div class=\"elementor-element elementor-element-1048aad elementor-widget elementor-widget-text-editor\" data-id=\"1048aad\" data-element_type=\"widget\" data-widget_type=\"text-editor.default\">\n\t\t\t\t<div class=\"elementor-widget-container\">\n\t\t\t\t\t\t\t\t\t<p>Gracias a los datos recogidos y a la inteligencia artificial desarrollada por nuestros departamentos o nuestros socios, podr\u00e1 predecir enfermedades, estr\u00e9s h\u00eddrico, estad\u00edsticas fenol\u00f3gicas, etc. en tan s\u00f3lo 1 clic.<\/p>\t\t\t\t\t\t\t\t<\/div>\n\t\t\t\t<\/div>\n\t\t\t\t\t<\/div>\n\t\t<\/div>\n\t\t\t\t\t<\/div>\n\t\t<\/section>\n\t\t\t\t<\/div>","protected":false},"excerpt":{"rendered":"<p>Winery Platform La plataforma de software para visualizar y analizar f\u00e1cilmente los datos t\u00e9cnicos del vi\u00f1edo y la bodega. Winery Platform es el cuadro de mandos t\u00e9cnico de su bodega. Esta plataforma le permite : Ahorrar tiempo en la b\u00fasqueda de informaci\u00f3n Guardar y proteger sus datos t\u00e9cnicos, el verdadero patrimonio de su finca. Ganar ... <a title=\"W Datos de la plataforma\" class=\"read-more\" href=\"https:\/\/co2winery.com\/es\/plateforme-wp-data\/\" aria-label=\"M\u00e1s en Plataforma W Plataforma Datos\">Leer m\u00e1s<\/a><\/p>","protected":false},"author":5,"featured_media":0,"parent":0,"menu_order":0,"comment_status":"closed","ping_status":"closed","template":"elementor_header_footer","meta":{"om_disable_all_campaigns":false,"_monsterinsights_skip_tracking":false,"_monsterinsights_sitenote_active":false,"_monsterinsights_sitenote_note":"","_monsterinsights_sitenote_category":0,"_uf_show_specific_survey":0,"_uf_disable_surveys":false,"footnotes":""},"class_list":["post-2409","page","type-page","status-publish"],"aioseo_notices":[],"_links":{"self":[{"href":"https:\/\/co2winery.com\/es\/wp-json\/wp\/v2\/pages\/2409","targetHints":{"allow":["GET"]}}],"collection":[{"href":"https:\/\/co2winery.com\/es\/wp-json\/wp\/v2\/pages"}],"about":[{"href":"https:\/\/co2winery.com\/es\/wp-json\/wp\/v2\/types\/page"}],"author":[{"embeddable":true,"href":"https:\/\/co2winery.com\/es\/wp-json\/wp\/v2\/users\/5"}],"replies":[{"embeddable":true,"href":"https:\/\/co2winery.com\/es\/wp-json\/wp\/v2\/comments?post=2409"}],"version-history":[{"count":33,"href":"https:\/\/co2winery.com\/es\/wp-json\/wp\/v2\/pages\/2409\/revisions"}],"predecessor-version":[{"id":3578,"href":"https:\/\/co2winery.com\/es\/wp-json\/wp\/v2\/pages\/2409\/revisions\/3578"}],"wp:attachment":[{"href":"https:\/\/co2winery.com\/es\/wp-json\/wp\/v2\/media?parent=2409"}],"curies":[{"name":"wp","href":"https:\/\/api.w.org\/{rel}","templated":true}]}}