{"id":239,"date":"2022-08-14T19:58:07","date_gmt":"2022-08-14T17:58:07","guid":{"rendered":"http:\/\/co2winery.com\/?page_id=239"},"modified":"2025-12-09T02:24:56","modified_gmt":"2025-12-09T01:24:56","slug":"co2network-2","status":"publish","type":"page","link":"https:\/\/co2winery.com\/es\/co2network-2\/","title":{"rendered":"Red CO2\/CO2 BOX"},"content":{"rendered":"<div data-elementor-type=\"wp-page\" data-elementor-id=\"239\" class=\"elementor elementor-239\" data-elementor-post-type=\"page\">\n\t\t\t\t<div class=\"elementor-element elementor-element-ec1b2f5 e-flex e-con-boxed e-con e-parent\" data-id=\"ec1b2f5\" data-element_type=\"container\">\n\t\t\t\t\t<div class=\"e-con-inner\">\n\t\t<div class=\"elementor-element elementor-element-3c8cb59 e-flex e-con-boxed e-con e-child\" data-id=\"3c8cb59\" data-element_type=\"container\" data-settings=\"{&quot;background_background&quot;:&quot;gradient&quot;,&quot;shape_divider_bottom&quot;:&quot;waves&quot;}\">\n\t\t\t\t\t<div class=\"e-con-inner\">\n\t\t\t\t<div class=\"elementor-shape elementor-shape-bottom\" data-negative=\"false\">\n\t\t\t<svg xmlns=\"http:\/\/www.w3.org\/2000\/svg\" viewbox=\"0 0 1000 100\" preserveaspectratio=\"none\">\n\t<path class=\"elementor-shape-fill\" d=\"M421.9,6.5c22.6-2.5,51.5,0.4,75.5,5.3c23.6,4.9,70.9,23.5,100.5,35.7c75.8,32.2,133.7,44.5,192.6,49.7\tc23.6,2.1,48.7,3.5,103.4-2.5c54.7-6,106.2-25.6,106.2-25.6V0H0v30.3c0,0,72,32.6,158.4,30.5c39.2-0.7,92.8-6.7,134-22.4\tc21.2-8.1,52.2-18.2,79.7-24.2C399.3,7.9,411.6,7.5,421.9,6.5z\"\/>\n<\/svg>\t\t<\/div>\n\t\t\t\t<div class=\"elementor-element elementor-element-bce2073 elementor-widget elementor-widget-heading\" data-id=\"bce2073\" data-element_type=\"widget\" data-widget_type=\"heading.default\">\n\t\t\t\t<div class=\"elementor-widget-container\">\n\t\t\t\t\t<h2 class=\"elementor-heading-title elementor-size-default\">Nuestras soluciones<\/h2>\t\t\t\t<\/div>\n\t\t\t\t<\/div>\n\t\t\t\t<div class=\"elementor-element elementor-element-8db0dc1 elementor-widget-divider--view-line elementor-widget elementor-widget-divider\" data-id=\"8db0dc1\" data-element_type=\"widget\" data-widget_type=\"divider.default\">\n\t\t\t\t<div class=\"elementor-widget-container\">\n\t\t\t\t\t\t\t<div class=\"elementor-divider\">\n\t\t\t<span class=\"elementor-divider-separator\">\n\t\t\t\t\t\t<\/span>\n\t\t<\/div>\n\t\t\t\t\t\t<\/div>\n\t\t\t\t<\/div>\n\t\t\t\t<div class=\"elementor-element elementor-element-9c718b5 elementor-widget elementor-widget-heading\" data-id=\"9c718b5\" data-element_type=\"widget\" data-widget_type=\"heading.default\">\n\t\t\t\t<div class=\"elementor-widget-container\">\n\t\t\t\t\t<h2 class=\"elementor-heading-title elementor-size-default\">Redes de captura de CO2<\/h2>\t\t\t\t<\/div>\n\t\t\t\t<\/div>\n\t\t\t\t\t<\/div>\n\t\t\t\t<\/div>\n\t\t\t\t\t<\/div>\n\t\t\t\t<\/div>\n\t\t\t\t<section class=\"elementor-section elementor-top-section elementor-element elementor-element-bd9d4b1 elementor-section-full_width elementor-section-height-default elementor-section-height-default\" data-id=\"bd9d4b1\" data-element_type=\"section\">\n\t\t\t\t\t\t<div class=\"elementor-container elementor-column-gap-default\">\n\t\t\t\t\t<div class=\"elementor-column elementor-col-100 elementor-top-column elementor-element elementor-element-d9322b3\" data-id=\"d9322b3\" data-element_type=\"column\">\n\t\t\t<div class=\"elementor-widget-wrap elementor-element-populated\">\n\t\t\t\t\t\t\t<\/div>\n\t\t<\/div>\n\t\t\t\t\t<\/div>\n\t\t<\/section>\n\t\t\t\t<section class=\"elementor-section elementor-top-section elementor-element elementor-element-ebc80bf elementor-section-boxed elementor-section-height-default elementor-section-height-default\" data-id=\"ebc80bf\" data-element_type=\"section\">\n\t\t\t\t\t\t<div class=\"elementor-container elementor-column-gap-default\">\n\t\t\t\t\t<div class=\"elementor-column elementor-col-100 elementor-top-column elementor-element elementor-element-05566ac\" data-id=\"05566ac\" data-element_type=\"column\">\n\t\t\t<div class=\"elementor-widget-wrap elementor-element-populated\">\n\t\t\t\t\t\t<div class=\"elementor-element elementor-element-621884e elementor-widget elementor-widget-gallery\" data-id=\"621884e\" data-element_type=\"widget\" data-settings=\"{&quot;columns&quot;:3,&quot;gap&quot;:{&quot;unit&quot;:&quot;px&quot;,&quot;size&quot;:30,&quot;sizes&quot;:[]},&quot;image_hover_animation&quot;:&quot;grow&quot;,&quot;gallery_layout&quot;:&quot;grid&quot;,&quot;columns_tablet&quot;:2,&quot;columns_mobile&quot;:1,&quot;gap_tablet&quot;:{&quot;unit&quot;:&quot;px&quot;,&quot;size&quot;:10,&quot;sizes&quot;:[]},&quot;gap_mobile&quot;:{&quot;unit&quot;:&quot;px&quot;,&quot;size&quot;:10,&quot;sizes&quot;:[]},&quot;aspect_ratio&quot;:&quot;3:2&quot;,&quot;content_hover_animation&quot;:&quot;fade-in&quot;}\" data-widget_type=\"gallery.default\">\n\t\t\t\t<div class=\"elementor-widget-container\">\n\t\t\t\t\t\t\t<div class=\"elementor-gallery__container\">\n\t\t\t\t\t\t\t<div class=\"e-gallery-item elementor-gallery-item elementor-animated-content\">\n\t\t\t\t\t<div class=\"e-gallery-image elementor-gallery-item__image\" data-thumbnail=\"https:\/\/co2winery.com\/wp-content\/uploads\/2023\/12\/img-3984_lbO5oaBy-1536x2048.jpg\" data-width=\"1536\" data-height=\"2048\" aria-label=\"Red de captura fermentativa de CO2 en bodegas\" role=\"img\" ><\/div>\n\t\t\t\t\t\t\t\t\t\t\t\t\t\t<\/div>\n\t\t\t\t\t\t\t<div class=\"e-gallery-item elementor-gallery-item elementor-animated-content\">\n\t\t\t\t\t<div class=\"e-gallery-image elementor-gallery-item__image\" data-thumbnail=\"https:\/\/co2winery.com\/wp-content\/uploads\/2023\/12\/img-1044_9fuO9hr8-1-2048x1536.jpg\" data-width=\"2048\" data-height=\"1536\" aria-label=\"Dep\u00f3sitos de vino en una bodega: captura fermentativa de CO2 en origen\" role=\"img\" ><\/div>\n\t\t\t\t\t\t\t\t\t\t\t\t\t\t<\/div>\n\t\t\t\t\t\t\t<div class=\"e-gallery-item elementor-gallery-item elementor-animated-content\">\n\t\t\t\t\t<div class=\"e-gallery-image elementor-gallery-item__image\" data-thumbnail=\"https:\/\/co2winery.com\/wp-content\/uploads\/2023\/12\/img-3066_vwefabmg-2048x1536.jpg\" data-width=\"2048\" data-height=\"1536\" aria-label=\"Chai Ch\u00e2teau La Tour: captura de CO2 fermentativo\" role=\"img\" ><\/div>\n\t\t\t\t\t\t\t\t\t\t\t\t\t\t<\/div>\n\t\t\t\t\t<\/div>\n\t\t\t\t\t<\/div>\n\t\t\t\t<\/div>\n\t\t\t\t\t<\/div>\n\t\t<\/div>\n\t\t\t\t\t<\/div>\n\t\t<\/section>\n\t\t<div class=\"elementor-element elementor-element-ed236b4 e-flex e-con-boxed e-con e-parent\" data-id=\"ed236b4\" data-element_type=\"container\">\n\t\t\t\t\t<div class=\"e-con-inner\">\n\t\t\t\t<div class=\"elementor-element elementor-element-02ca3c0 elementor-widget elementor-widget-spacer\" data-id=\"02ca3c0\" data-element_type=\"widget\" data-widget_type=\"spacer.default\">\n\t\t\t\t<div class=\"elementor-widget-container\">\n\t\t\t\t\t\t\t<div class=\"elementor-spacer\">\n\t\t\t<div class=\"elementor-spacer-inner\"><\/div>\n\t\t<\/div>\n\t\t\t\t\t\t<\/div>\n\t\t\t\t<\/div>\n\t\t\t\t\t<\/div>\n\t\t\t\t<\/div>\n\t\t<div class=\"elementor-element elementor-element-80ec692 e-flex e-con-boxed e-con e-parent\" data-id=\"80ec692\" data-element_type=\"container\">\n\t\t\t\t\t<div class=\"e-con-inner\">\n\t\t<div class=\"elementor-element elementor-element-a9d288b e-con-full e-flex e-con e-child\" data-id=\"a9d288b\" data-element_type=\"container\">\n\t\t<div class=\"elementor-element elementor-element-cd1afc2 e-con-full e-flex e-con e-child\" data-id=\"cd1afc2\" data-element_type=\"container\">\n\t\t\t\t<div class=\"elementor-element elementor-element-1cd469a elementor-widget elementor-widget-image\" data-id=\"1cd469a\" data-element_type=\"widget\" data-widget_type=\"image.default\">\n\t\t\t\t<div class=\"elementor-widget-container\">\n\t\t\t\t\t\t\t\t\t\t\t\t\t\t\t<img fetchpriority=\"high\" decoding=\"async\" width=\"875\" height=\"1238\" src=\"https:\/\/co2winery.com\/wp-content\/uploads\/2025\/11\/Plan-de-travail-1@300x.png\" class=\"attachment-full size-full wp-image-3452\" alt=\"\" srcset=\"https:\/\/co2winery.com\/wp-content\/uploads\/2025\/11\/Plan-de-travail-1@300x.png 875w, https:\/\/co2winery.com\/wp-content\/uploads\/2025\/11\/Plan-de-travail-1@300x-212x300.png 212w, https:\/\/co2winery.com\/wp-content\/uploads\/2025\/11\/Plan-de-travail-1@300x-724x1024.png 724w, https:\/\/co2winery.com\/wp-content\/uploads\/2025\/11\/Plan-de-travail-1@300x-768x1087.png 768w, https:\/\/co2winery.com\/wp-content\/uploads\/2025\/11\/Plan-de-travail-1@300x-8x12.png 8w\" sizes=\"(max-width: 875px) 100vw, 875px\" \/>\t\t\t\t\t\t\t\t\t\t\t\t\t\t\t<\/div>\n\t\t\t\t<\/div>\n\t\t\t\t<\/div>\n\t\t\t\t<div class=\"elementor-element elementor-element-d834292 elementor-widget elementor-widget-spacer\" data-id=\"d834292\" data-element_type=\"widget\" data-widget_type=\"spacer.default\">\n\t\t\t\t<div class=\"elementor-widget-container\">\n\t\t\t\t\t\t\t<div class=\"elementor-spacer\">\n\t\t\t<div class=\"elementor-spacer-inner\"><\/div>\n\t\t<\/div>\n\t\t\t\t\t\t<\/div>\n\t\t\t\t<\/div>\n\t\t<div class=\"elementor-element elementor-element-14f72c9 e-con-full e-flex e-con e-child\" data-id=\"14f72c9\" data-element_type=\"container\">\n\t\t\t\t<div class=\"elementor-element elementor-element-820f2bc elementor-widget elementor-widget-text-editor\" data-id=\"820f2bc\" data-element_type=\"widget\" data-widget_type=\"text-editor.default\">\n\t\t\t\t<div class=\"elementor-widget-container\">\n\t\t\t\t\t\t\t\t\tNuestro sistema de <strong>Captura de CO2<\/strong>\u00a0est\u00e1 dise\u00f1ado espec\u00edficamente para satisfacer las necesidades de <strong>caracter\u00edsticas<\/strong> de <strong>cada bodega<\/strong>. Antes de cualquier instalaci\u00f3n, realizamos un <strong>estudio en profundidad<\/strong> sobre la base de <em>planos de bodegas<\/em>para dise\u00f1ar una red optimizada para la <strong>Captura de CO2<\/strong>.\n<br><br>\nA continuaci\u00f3n, la red de recogida se instala en la parte superior de los dep\u00f3sitos mediante <strong>materiales de alta calidad<\/strong> como el PVC presurizado o el acero inoxidable (Inox), e incluye <strong>dispositivos de seguridad<\/strong> y v\u00e1lvulas de presi\u00f3n\/vac\u00edo. Esta red dirige eficazmente la <strong>CO2 recogido<\/strong> a un colector principal.\n<br><br>\nCon un<strong> tasa de recuperaci\u00f3n de m\u00e1s del 90 %<\/strong>Este sistema mejora <strong>condiciones de trabajo en la bodega<\/strong> y <strong>reduce las emisiones de CO2<\/strong>\u00a0significativamente.\t\t\t\t\t\t\t\t<\/div>\n\t\t\t\t<\/div>\n\t\t\t\t<\/div>\n\t\t\t\t<\/div>\n\t\t\t\t\t<\/div>\n\t\t\t\t<\/div>\n\t\t<div class=\"elementor-element elementor-element-2f58456 e-flex e-con-boxed e-con e-parent\" data-id=\"2f58456\" data-element_type=\"container\">\n\t\t\t\t\t<div class=\"e-con-inner\">\n\t\t\t\t<div class=\"elementor-element elementor-element-742672b elementor-widget elementor-widget-spacer\" data-id=\"742672b\" data-element_type=\"widget\" data-widget_type=\"spacer.default\">\n\t\t\t\t<div class=\"elementor-widget-container\">\n\t\t\t\t\t\t\t<div class=\"elementor-spacer\">\n\t\t\t<div class=\"elementor-spacer-inner\"><\/div>\n\t\t<\/div>\n\t\t\t\t\t\t<\/div>\n\t\t\t\t<\/div>\n\t\t\t\t\t<\/div>\n\t\t\t\t<\/div>\n\t\t<div class=\"elementor-element elementor-element-9f06698 e-flex e-con-boxed e-con e-parent\" data-id=\"9f06698\" data-element_type=\"container\">\n\t\t\t\t\t<div class=\"e-con-inner\">\n\t\t<div class=\"elementor-element elementor-element-b25efeb e-con-full e-flex e-con e-child\" data-id=\"b25efeb\" data-element_type=\"container\">\n\t\t\t\t<div class=\"elementor-element elementor-element-839f457 elementor-widget elementor-widget-heading\" data-id=\"839f457\" data-element_type=\"widget\" data-widget_type=\"heading.default\">\n\t\t\t\t<div class=\"elementor-widget-container\">\n\t\t\t\t\t<h2 class=\"elementor-heading-title elementor-size-default\">Tratamiento con CO2 con la CO2 Box<\/h2>\t\t\t\t<\/div>\n\t\t\t\t<\/div>\n\t\t\t\t<div class=\"elementor-element elementor-element-3bbaf53 elementor-widget-divider--view-line elementor-widget elementor-widget-divider\" data-id=\"3bbaf53\" data-element_type=\"widget\" data-widget_type=\"divider.default\">\n\t\t\t\t<div class=\"elementor-widget-container\">\n\t\t\t\t\t\t\t<div class=\"elementor-divider\">\n\t\t\t<span class=\"elementor-divider-separator\">\n\t\t\t\t\t\t<\/span>\n\t\t<\/div>\n\t\t\t\t\t\t<\/div>\n\t\t\t\t<\/div>\n\t\t\t\t<\/div>\n\t\t<div class=\"elementor-element elementor-element-a6a7531 e-con-full e-flex e-con e-child\" data-id=\"a6a7531\" data-element_type=\"container\">\n\t\t\t\t<div class=\"elementor-element elementor-element-de50403 elementor-widget elementor-widget-heading\" data-id=\"de50403\" data-element_type=\"widget\" data-widget_type=\"heading.default\">\n\t\t\t\t<div class=\"elementor-widget-container\">\n\t\t\t\t\t<h2 class=\"elementor-heading-title elementor-size-default\">Almacenamiento y distribuci\u00f3n de CO2<\/h2>\t\t\t\t<\/div>\n\t\t\t\t<\/div>\n\t\t\t\t<div class=\"elementor-element elementor-element-6af8c79 elementor-widget-divider--view-line elementor-widget elementor-widget-divider\" data-id=\"6af8c79\" data-element_type=\"widget\" data-widget_type=\"divider.default\">\n\t\t\t\t<div class=\"elementor-widget-container\">\n\t\t\t\t\t\t\t<div class=\"elementor-divider\">\n\t\t\t<span class=\"elementor-divider-separator\">\n\t\t\t\t\t\t<\/span>\n\t\t<\/div>\n\t\t\t\t\t\t<\/div>\n\t\t\t\t<\/div>\n\t\t\t\t<\/div>\n\t\t\t\t\t<\/div>\n\t\t\t\t<\/div>\n\t\t<div class=\"elementor-element elementor-element-094cb2f e-flex e-con-boxed e-con e-parent\" data-id=\"094cb2f\" data-element_type=\"container\">\n\t\t\t\t\t<div class=\"e-con-inner\">\n\t\t<div class=\"elementor-element elementor-element-78cc1c2 e-con-full e-flex e-con e-child\" data-id=\"78cc1c2\" data-element_type=\"container\">\n\t\t\t\t<div class=\"elementor-element elementor-element-b141a79 elementor-widget elementor-widget-image\" data-id=\"b141a79\" data-element_type=\"widget\" data-widget_type=\"image.default\">\n\t\t\t\t<div class=\"elementor-widget-container\">\n\t\t\t\t\t\t\t\t\t\t\t\t\t\t\t<img decoding=\"async\" width=\"1024\" height=\"1024\" src=\"https:\/\/co2winery.com\/wp-content\/uploads\/2024\/11\/2-1-1024x1024.png\" class=\"attachment-large size-large wp-image-1950\" alt=\"CO2 BOx : capte, analyse, purifie le com fermentaire pr\u00e9sent dans les chais\" srcset=\"https:\/\/co2winery.com\/wp-content\/uploads\/2024\/11\/2-1-1024x1024.png 1024w, https:\/\/co2winery.com\/wp-content\/uploads\/2024\/11\/2-1-300x300.png 300w, https:\/\/co2winery.com\/wp-content\/uploads\/2024\/11\/2-1-150x150.png 150w, https:\/\/co2winery.com\/wp-content\/uploads\/2024\/11\/2-1-768x768.png 768w, https:\/\/co2winery.com\/wp-content\/uploads\/2024\/11\/2-1-1536x1536.png 1536w, https:\/\/co2winery.com\/wp-content\/uploads\/2024\/11\/2-1.png 2048w\" sizes=\"(max-width: 1024px) 100vw, 1024px\" \/>\t\t\t\t\t\t\t\t\t\t\t\t\t\t\t<\/div>\n\t\t\t\t<\/div>\n\t\t\t\t<\/div>\n\t\t<div class=\"elementor-element elementor-element-ec4e6f3 e-con-full e-flex e-con e-child\" data-id=\"ec4e6f3\" data-element_type=\"container\">\n\t\t\t\t<div class=\"elementor-element elementor-element-580d668 elementor-widget elementor-widget-image\" data-id=\"580d668\" data-element_type=\"widget\" data-widget_type=\"image.default\">\n\t\t\t\t<div class=\"elementor-widget-container\">\n\t\t\t\t\t\t\t\t\t\t\t\t\t\t\t<img decoding=\"async\" width=\"1024\" height=\"1024\" src=\"https:\/\/co2winery.com\/wp-content\/uploads\/2024\/11\/1-1-1024x1024.png\" class=\"attachment-large size-large wp-image-1945\" alt=\"Stockage CO2 : apr\u00e8s captation du CO2 pour ensuite \u00eatre valoris\u00e9 ou revendu\" srcset=\"https:\/\/co2winery.com\/wp-content\/uploads\/2024\/11\/1-1-1024x1024.png 1024w, https:\/\/co2winery.com\/wp-content\/uploads\/2024\/11\/1-1-300x300.png 300w, https:\/\/co2winery.com\/wp-content\/uploads\/2024\/11\/1-1-150x150.png 150w, https:\/\/co2winery.com\/wp-content\/uploads\/2024\/11\/1-1-768x768.png 768w, https:\/\/co2winery.com\/wp-content\/uploads\/2024\/11\/1-1-1536x1536.png 1536w, https:\/\/co2winery.com\/wp-content\/uploads\/2024\/11\/1-1.png 2048w\" sizes=\"(max-width: 1024px) 100vw, 1024px\" \/>\t\t\t\t\t\t\t\t\t\t\t\t\t\t\t<\/div>\n\t\t\t\t<\/div>\n\t\t\t\t<\/div>\n\t\t\t\t\t<\/div>\n\t\t\t\t<\/div>\n\t\t<div class=\"elementor-element elementor-element-435c57c e-flex e-con-boxed e-con e-parent\" data-id=\"435c57c\" data-element_type=\"container\">\n\t\t\t\t\t<div class=\"e-con-inner\">\n\t\t<div class=\"elementor-element elementor-element-d28ed51 e-con-full e-flex e-con e-child\" data-id=\"d28ed51\" data-element_type=\"container\">\n\t\t\t\t<div class=\"elementor-element elementor-element-9d1c11c elementor-widget elementor-widget-text-editor\" data-id=\"9d1c11c\" data-element_type=\"widget\" data-widget_type=\"text-editor.default\">\n\t\t\t\t<div class=\"elementor-widget-container\">\n\t\t\t\t\t\t\t\t\tUna vez capturado, el CO2 se env\u00eda a la CO2 Box, donde se <strong>analizada, purificada (secado, filtraci\u00f3n bacteriana, etc.) y comprimida<\/strong> seg\u00fan sea necesario, entre <strong>20 y 200 bar<\/strong>en forma de <strong>gaseoso o l\u00edquido<\/strong>. La caja de CO2 tiene un <strong>sistema automatizado <\/strong>que permite ajustar la calidad de CO2 deseada. Garantiza <strong>supervisi\u00f3n remota<\/strong> e integra <strong>sensores de habitaci\u00f3n<\/strong> para medir en tiempo real el nivel de CO\u2082, temperatura y humedad presentes en la bodega, con un sistema de alarma de <strong>garantizar la seguridad<\/strong>.\n<br><br>\n<span style=\"text-decoration: underline;\"><b>Caracter\u00edsticas de la caja de CO\u2082:\u00a0<\/b><\/span>\n<ul>\n \t<li>Unidad de an\u00e1lisis <strong>calidad del CO2 capturado<\/strong><\/li>\n \t<li><strong>Depuraci\u00f3n de CO2<\/strong> (secado, filtraci\u00f3n bacteriana, etc.)<\/li>\n \t<li><strong>Compresi\u00f3n de CO2<\/strong> de 20 a 200 bares (en estado gaseoso o l\u00edquido),<\/li>\n \t<li>Sistema automatizado con supervisi\u00f3n a distancia<\/li>\n<\/ul>\t\t\t\t\t\t\t\t<\/div>\n\t\t\t\t<\/div>\n\t\t\t\t<\/div>\n\t\t\t\t<div class=\"elementor-element elementor-element-9ad6ba8 elementor-widget elementor-widget-spacer\" data-id=\"9ad6ba8\" data-element_type=\"widget\" data-widget_type=\"spacer.default\">\n\t\t\t\t<div class=\"elementor-widget-container\">\n\t\t\t\t\t\t\t<div class=\"elementor-spacer\">\n\t\t\t<div class=\"elementor-spacer-inner\"><\/div>\n\t\t<\/div>\n\t\t\t\t\t\t<\/div>\n\t\t\t\t<\/div>\n\t\t<div class=\"elementor-element elementor-element-2b5c3eb e-con-full e-flex e-con e-child\" data-id=\"2b5c3eb\" data-element_type=\"container\">\n\t\t\t\t<div class=\"elementor-element elementor-element-d71efb4 elementor-widget elementor-widget-text-editor\" data-id=\"d71efb4\" data-element_type=\"widget\" data-widget_type=\"text-editor.default\">\n\t\t\t\t<div class=\"elementor-widget-container\">\n\t\t\t\t\t\t\t\t\tTras el tratamiento y la compresi\u00f3n, el CO2 se almacena en una unidad espec\u00edfica, en forma gaseosa o l\u00edquida:\n<ul>\n \t<li class=\" translation-block\"><br \/>Unidades de almacenamiento en cilindros, bastidores o dep\u00f3sitos, con capacidades que van de 8, 20, 40 a 200 bar.<\/li>\n \t<li class=\" translation-block\"><b>Almacenamiento en botellas<\/b> de 6 unidades (200 kg) o 12 unidades (400 kg), para satisfacer necesidades espec\u00edficas.<\/li>\n \t<li class=\" translation-block\"><b>Distribuci\u00f3n opcional<\/b>: Unidad que permite inyectar el CO2 almacenado directamente en la red de la bodega para su uso controlado y pr\u00e1ctico.<\/li>\n<\/ul>\t\t\t\t\t\t\t\t<\/div>\n\t\t\t\t<\/div>\n\t\t\t\t<\/div>\n\t\t\t\t\t<\/div>\n\t\t\t\t<\/div>\n\t\t\t\t<section class=\"elementor-section elementor-top-section elementor-element elementor-element-224ff73 elementor-section-boxed elementor-section-height-default elementor-section-height-default\" data-id=\"224ff73\" data-element_type=\"section\">\n\t\t\t\t\t\t<div class=\"elementor-container elementor-column-gap-default\">\n\t\t\t\t\t<div class=\"elementor-column elementor-col-100 elementor-top-column elementor-element elementor-element-5d625eb\" data-id=\"5d625eb\" data-element_type=\"column\">\n\t\t\t<div class=\"elementor-widget-wrap elementor-element-populated\">\n\t\t\t\t\t\t<div class=\"elementor-element elementor-element-c4f97ed elementor-align-center elementor-widget elementor-widget-button\" data-id=\"c4f97ed\" data-element_type=\"widget\" data-widget_type=\"button.default\">\n\t\t\t\t<div class=\"elementor-widget-container\">\n\t\t\t\t\t\t\t\t\t<div class=\"elementor-button-wrapper\">\n\t\t\t\t\t<a class=\"elementor-button elementor-button-link elementor-size-sm\" href=\"http:\/\/co2winery.com\/index.php\/solutions\/\">\n\t\t\t\t\t\t<span class=\"elementor-button-content-wrapper\">\n\t\t\t\t\t\t\t\t\t<span class=\"elementor-button-text\">Volver a nuestras soluciones<\/span>\n\t\t\t\t\t<\/span>\n\t\t\t\t\t<\/a>\n\t\t\t\t<\/div>\n\t\t\t\t\t\t\t\t<\/div>\n\t\t\t\t<\/div>\n\t\t\t\t<div class=\"elementor-element elementor-element-537ff08 elementor-widget elementor-widget-spacer\" data-id=\"537ff08\" data-element_type=\"widget\" data-widget_type=\"spacer.default\">\n\t\t\t\t<div class=\"elementor-widget-container\">\n\t\t\t\t\t\t\t<div class=\"elementor-spacer\">\n\t\t\t<div class=\"elementor-spacer-inner\"><\/div>\n\t\t<\/div>\n\t\t\t\t\t\t<\/div>\n\t\t\t\t<\/div>\n\t\t\t\t\t<\/div>\n\t\t<\/div>\n\t\t\t\t\t<\/div>\n\t\t<\/section>\n\t\t\t\t<\/div>","protected":false},"excerpt":{"rendered":"<p>Nuestras soluciones Redes de captura de CO2 Nuestro sistema de captura de CO2 se dimensiona espec\u00edficamente en funci\u00f3n de las caracter\u00edsticas de cada bodega. Antes de cualquier instalaci\u00f3n, realizamos un estudio en profundidad basado en los planos de la sala de cubas, con el fin de dise\u00f1ar una red optimizada para la captura de CO2. A continuaci\u00f3n, la red de captura se instala en ... <a title=\"Red CO2\/CO2 BOX\" class=\"read-more\" href=\"https:\/\/co2winery.com\/es\/co2network-2\/\" aria-label=\"M\u00e1s en CO2 Network\/CO2 BOX\">Leer m\u00e1s<\/a><\/p>","protected":false},"author":1,"featured_media":0,"parent":0,"menu_order":0,"comment_status":"closed","ping_status":"closed","template":"elementor_header_footer","meta":{"om_disable_all_campaigns":false,"_monsterinsights_skip_tracking":false,"_monsterinsights_sitenote_active":false,"_monsterinsights_sitenote_note":"","_monsterinsights_sitenote_category":0,"_uf_show_specific_survey":0,"_uf_disable_surveys":false,"footnotes":""},"class_list":["post-239","page","type-page","status-publish"],"aioseo_notices":[],"_links":{"self":[{"href":"https:\/\/co2winery.com\/es\/wp-json\/wp\/v2\/pages\/239","targetHints":{"allow":["GET"]}}],"collection":[{"href":"https:\/\/co2winery.com\/es\/wp-json\/wp\/v2\/pages"}],"about":[{"href":"https:\/\/co2winery.com\/es\/wp-json\/wp\/v2\/types\/page"}],"author":[{"embeddable":true,"href":"https:\/\/co2winery.com\/es\/wp-json\/wp\/v2\/users\/1"}],"replies":[{"embeddable":true,"href":"https:\/\/co2winery.com\/es\/wp-json\/wp\/v2\/comments?post=239"}],"version-history":[{"count":93,"href":"https:\/\/co2winery.com\/es\/wp-json\/wp\/v2\/pages\/239\/revisions"}],"predecessor-version":[{"id":3544,"href":"https:\/\/co2winery.com\/es\/wp-json\/wp\/v2\/pages\/239\/revisions\/3544"}],"wp:attachment":[{"href":"https:\/\/co2winery.com\/es\/wp-json\/wp\/v2\/media?parent=239"}],"curies":[{"name":"wp","href":"https:\/\/api.w.org\/{rel}","templated":true}]}}