{"id":1401,"date":"2024-11-08T09:37:00","date_gmt":"2024-11-08T08:37:00","guid":{"rendered":"https:\/\/co2winery.com\/?page_id=1401"},"modified":"2025-12-09T02:19:48","modified_gmt":"2025-12-09T01:19:48","slug":"co2-aroma","status":"publish","type":"page","link":"https:\/\/co2winery.com\/es\/co2-aroma\/","title":{"rendered":"Aroma CO2"},"content":{"rendered":"<div data-elementor-type=\"wp-page\" data-elementor-id=\"1401\" class=\"elementor elementor-1401\" data-elementor-post-type=\"page\">\n\t\t\t\t<div class=\"elementor-element elementor-element-297d0dc e-flex e-con-boxed e-con e-parent\" data-id=\"297d0dc\" data-element_type=\"container\" data-settings=\"{&quot;background_background&quot;:&quot;gradient&quot;,&quot;shape_divider_bottom&quot;:&quot;waves&quot;}\">\n\t\t\t\t\t<div class=\"e-con-inner\">\n\t\t\t\t<div class=\"elementor-shape elementor-shape-bottom\" data-negative=\"false\">\n\t\t\t<svg xmlns=\"http:\/\/www.w3.org\/2000\/svg\" viewbox=\"0 0 1000 100\" preserveaspectratio=\"none\">\n\t<path class=\"elementor-shape-fill\" d=\"M421.9,6.5c22.6-2.5,51.5,0.4,75.5,5.3c23.6,4.9,70.9,23.5,100.5,35.7c75.8,32.2,133.7,44.5,192.6,49.7\tc23.6,2.1,48.7,3.5,103.4-2.5c54.7-6,106.2-25.6,106.2-25.6V0H0v30.3c0,0,72,32.6,158.4,30.5c39.2-0.7,92.8-6.7,134-22.4\tc21.2-8.1,52.2-18.2,79.7-24.2C399.3,7.9,411.6,7.5,421.9,6.5z\"\/>\n<\/svg>\t\t<\/div>\n\t\t\t\t<div class=\"elementor-element elementor-element-9a0959f elementor-widget elementor-widget-heading\" data-id=\"9a0959f\" data-element_type=\"widget\" data-widget_type=\"heading.default\">\n\t\t\t\t<div class=\"elementor-widget-container\">\n\t\t\t\t\t<h2 class=\"elementor-heading-title elementor-size-default\">Nuestras soluciones<\/h2>\t\t\t\t<\/div>\n\t\t\t\t<\/div>\n\t\t\t\t<div class=\"elementor-element elementor-element-6423bda elementor-widget-divider--view-line elementor-widget elementor-widget-divider\" data-id=\"6423bda\" data-element_type=\"widget\" data-widget_type=\"divider.default\">\n\t\t\t\t<div class=\"elementor-widget-container\">\n\t\t\t\t\t\t\t<div class=\"elementor-divider\">\n\t\t\t<span class=\"elementor-divider-separator\">\n\t\t\t\t\t\t<\/span>\n\t\t<\/div>\n\t\t\t\t\t\t<\/div>\n\t\t\t\t<\/div>\n\t\t\t\t<div class=\"elementor-element elementor-element-569fa5d elementor-widget elementor-widget-heading\" data-id=\"569fa5d\" data-element_type=\"widget\" data-widget_type=\"heading.default\">\n\t\t\t\t<div class=\"elementor-widget-container\">\n\t\t\t\t\t<h2 class=\"elementor-heading-title elementor-size-default\">Aroma CO2<\/h2>\t\t\t\t<\/div>\n\t\t\t\t<\/div>\n\t\t\t\t\t<\/div>\n\t\t\t\t<\/div>\n\t\t\t\t<section class=\"elementor-section elementor-top-section elementor-element elementor-element-9480289 elementor-section-full_width elementor-section-height-default elementor-section-height-default\" data-id=\"9480289\" data-element_type=\"section\">\n\t\t\t\t\t\t<div class=\"elementor-container elementor-column-gap-default\">\n\t\t\t\t\t<div class=\"elementor-column elementor-col-100 elementor-top-column elementor-element elementor-element-8d997e3\" data-id=\"8d997e3\" data-element_type=\"column\">\n\t\t\t<div class=\"elementor-widget-wrap elementor-element-populated\">\n\t\t\t\t\t\t<div class=\"elementor-element elementor-element-968e3f5 elementor-widget elementor-widget-spacer\" data-id=\"968e3f5\" data-element_type=\"widget\" data-widget_type=\"spacer.default\">\n\t\t\t\t<div class=\"elementor-widget-container\">\n\t\t\t\t\t\t\t<div class=\"elementor-spacer\">\n\t\t\t<div class=\"elementor-spacer-inner\"><\/div>\n\t\t<\/div>\n\t\t\t\t\t\t<\/div>\n\t\t\t\t<\/div>\n\t\t\t\t\t<\/div>\n\t\t<\/div>\n\t\t\t\t\t<\/div>\n\t\t<\/section>\n\t\t<div class=\"elementor-element elementor-element-15cd374 e-flex e-con-boxed e-con e-parent\" data-id=\"15cd374\" data-element_type=\"container\">\n\t\t\t\t\t<div class=\"e-con-inner\">\n\t\t<div class=\"elementor-element elementor-element-f5532c8 e-con-full e-flex e-con e-child\" data-id=\"f5532c8\" data-element_type=\"container\">\n\t\t<div class=\"elementor-element elementor-element-44a8776 e-con-full e-flex e-con e-child\" data-id=\"44a8776\" data-element_type=\"container\">\n\t\t\t\t<div class=\"elementor-element elementor-element-03a33b6 elementor-widget elementor-widget-image\" data-id=\"03a33b6\" data-element_type=\"widget\" data-widget_type=\"image.default\">\n\t\t\t\t<div class=\"elementor-widget-container\">\n\t\t\t\t\t\t\t\t\t\t\t\t\t\t\t<img fetchpriority=\"high\" decoding=\"async\" width=\"875\" height=\"1238\" src=\"https:\/\/co2winery.com\/wp-content\/uploads\/2025\/11\/Plan-de-travail-1@300x.png\" class=\"attachment-full size-full wp-image-3452\" alt=\"\" srcset=\"https:\/\/co2winery.com\/wp-content\/uploads\/2025\/11\/Plan-de-travail-1@300x.png 875w, https:\/\/co2winery.com\/wp-content\/uploads\/2025\/11\/Plan-de-travail-1@300x-212x300.png 212w, https:\/\/co2winery.com\/wp-content\/uploads\/2025\/11\/Plan-de-travail-1@300x-724x1024.png 724w, https:\/\/co2winery.com\/wp-content\/uploads\/2025\/11\/Plan-de-travail-1@300x-768x1087.png 768w, https:\/\/co2winery.com\/wp-content\/uploads\/2025\/11\/Plan-de-travail-1@300x-8x12.png 8w\" sizes=\"(max-width: 875px) 100vw, 875px\" \/>\t\t\t\t\t\t\t\t\t\t\t\t\t\t\t<\/div>\n\t\t\t\t<\/div>\n\t\t\t\t<\/div>\n\t\t\t\t<div class=\"elementor-element elementor-element-ae3fbdd elementor-widget elementor-widget-spacer\" data-id=\"ae3fbdd\" data-element_type=\"widget\" data-widget_type=\"spacer.default\">\n\t\t\t\t<div class=\"elementor-widget-container\">\n\t\t\t\t\t\t\t<div class=\"elementor-spacer\">\n\t\t\t<div class=\"elementor-spacer-inner\"><\/div>\n\t\t<\/div>\n\t\t\t\t\t\t<\/div>\n\t\t\t\t<\/div>\n\t\t<div class=\"elementor-element elementor-element-21ad991 e-con-full e-flex e-con e-child\" data-id=\"21ad991\" data-element_type=\"container\">\n\t\t\t\t<div class=\"elementor-element elementor-element-7f8689e elementor-widget elementor-widget-text-editor\" data-id=\"7f8689e\" data-element_type=\"widget\" data-widget_type=\"text-editor.default\">\n\t\t\t\t<div class=\"elementor-widget-container\">\n\t\t\t\t\t\t\t\t\tLa Bodega CO2 se transforma<strong> CO2 fermentado en cubas<\/strong> en uno <strong>un valioso recurso para los viticultores<\/strong>.\n<br><br>\nGracias a nuestro <b>Caja de CO2<\/b>nosotros <strong>analizar, depurar y comprimir<\/strong>\u00a0este gas, que luego se <strong>almacenado<\/strong> de forma segura en bastidores de almacenamiento, listos para su reutilizaci\u00f3n. <br><br>Este planteamiento forma parte de un <strong>enfoque de econom\u00eda circular<\/strong>reduciendo las p\u00e9rdidas de CO2 y <strong>transformar estos residuos<\/strong> en uno <strong>un activo para la bodega<\/strong>.\n<br><br>\n<em>Obtenga m\u00e1s informaci\u00f3n sobre uno de los procesos de recuperaci\u00f3n de CO2 que ofrecemos a continuaci\u00f3n.\u00a0<\/em><em>Aroma CO2<\/em><em>.<\/em>\t\t\t\t\t\t\t\t<\/div>\n\t\t\t\t<\/div>\n\t\t\t\t<\/div>\n\t\t\t\t<\/div>\n\t\t\t\t\t<\/div>\n\t\t\t\t<\/div>\n\t\t<div class=\"elementor-element elementor-element-9ea3cf0 e-flex e-con-boxed e-con e-parent\" data-id=\"9ea3cf0\" data-element_type=\"container\">\n\t\t\t\t\t<div class=\"e-con-inner\">\n\t\t<div class=\"elementor-element elementor-element-11f8b9a e-con-full e-flex e-con e-child\" data-id=\"11f8b9a\" data-element_type=\"container\">\n\t\t\t\t<div class=\"elementor-element elementor-element-7039cf9 elementor-widget elementor-widget-text-editor\" data-id=\"7039cf9\" data-element_type=\"widget\" data-widget_type=\"text-editor.default\">\n\t\t\t\t<div class=\"elementor-widget-container\">\n\t\t\t\t\t\t\t\t\tLe <b>Aroma CO2<\/b> es un equipo en <strong>acero inoxidable<\/strong> especialmente dise\u00f1ado para <strong>recuperar aromas<\/strong> en el <strong>CO2 fermentativo<\/strong>. Adaptado <strong>a medida<\/strong> en funci\u00f3n del <strong>capacidad de cada dep\u00f3sito<\/strong>Este dispositivo permite <strong>viticultores<\/strong> de <strong>captar preciosos aromas<\/strong>El proceso de fermentaci\u00f3n adquiere as\u00ed un nuevo impulso.\n<br><br>\n<span style=\"text-decoration: underline;\"><em>\u00bfCu\u00e1les son las caracter\u00edsticas y la instalaci\u00f3n de CO2 Aroma?<\/em><\/span>\n<ul><br><br>\n \t<li class=\" translation-block\">Cada unidad est\u00e1 <strong>hecha a medida<\/strong>, asegurando una perfecta compatibilidad con las <strong>capacidades<\/strong> de cada dep\u00f3sito.<\/li>\n \t<li class=\" translation-block\"><strong>El CO2 Aroma<\/strong> se puede <strong>utilizar conjuntamente<\/strong> con nuestro equipo <strong>CO2 Collect<\/strong> para una <strong>gesti\u00f3n del CO2<\/strong> fermentativo integrada y \u00f3ptima.<\/li>\n \t<li>El equipo puede instalarse en la parte superior o inferior del dep\u00f3sito, dependiendo de la configuraci\u00f3n, sobre todo si hay un tubo de enrollado.<\/li>\n<\/ul>\t\t\t\t\t\t\t\t<\/div>\n\t\t\t\t<\/div>\n\t\t\t\t<\/div>\n\t\t<div class=\"elementor-element elementor-element-da8248a e-con-full e-flex e-con e-child\" data-id=\"da8248a\" data-element_type=\"container\">\n\t\t\t\t<div class=\"elementor-element elementor-element-5c8c3ad elementor-widget elementor-widget-image\" data-id=\"5c8c3ad\" data-element_type=\"widget\" data-widget_type=\"image.default\">\n\t\t\t\t<div class=\"elementor-widget-container\">\n\t\t\t\t\t\t\t\t\t\t\t\t\t\t\t<img decoding=\"async\" width=\"2048\" height=\"2048\" src=\"https:\/\/co2winery.com\/wp-content\/uploads\/2024\/11\/Design-sans-titre-5.png\" class=\"attachment-full size-full wp-image-2100\" alt=\"CO2 Aroma : valorisation du CO2 fermentaire dans le chai\" srcset=\"https:\/\/co2winery.com\/wp-content\/uploads\/2024\/11\/Design-sans-titre-5.png 2048w, https:\/\/co2winery.com\/wp-content\/uploads\/2024\/11\/Design-sans-titre-5-300x300.png 300w, https:\/\/co2winery.com\/wp-content\/uploads\/2024\/11\/Design-sans-titre-5-1024x1024.png 1024w, https:\/\/co2winery.com\/wp-content\/uploads\/2024\/11\/Design-sans-titre-5-150x150.png 150w, https:\/\/co2winery.com\/wp-content\/uploads\/2024\/11\/Design-sans-titre-5-768x768.png 768w, https:\/\/co2winery.com\/wp-content\/uploads\/2024\/11\/Design-sans-titre-5-1536x1536.png 1536w, https:\/\/co2winery.com\/wp-content\/uploads\/2024\/11\/Design-sans-titre-5-12x12.png 12w\" sizes=\"(max-width: 2048px) 100vw, 2048px\" \/>\t\t\t\t\t\t\t\t\t\t\t\t\t\t\t<\/div>\n\t\t\t\t<\/div>\n\t\t\t\t<\/div>\n\t\t\t\t\t<\/div>\n\t\t\t\t<\/div>\n\t\t\t\t<section class=\"elementor-section elementor-top-section elementor-element elementor-element-94703cc elementor-section-boxed elementor-section-height-default elementor-section-height-default\" data-id=\"94703cc\" data-element_type=\"section\">\n\t\t\t\t\t\t<div class=\"elementor-container elementor-column-gap-default\">\n\t\t\t\t\t<div class=\"elementor-column elementor-col-100 elementor-top-column elementor-element elementor-element-05a0de5\" data-id=\"05a0de5\" data-element_type=\"column\">\n\t\t\t<div class=\"elementor-widget-wrap elementor-element-populated\">\n\t\t\t\t\t\t<div class=\"elementor-element elementor-element-b098c89 elementor-widget elementor-widget-text-editor\" data-id=\"b098c89\" data-element_type=\"widget\" data-widget_type=\"text-editor.default\">\n\t\t\t\t<div class=\"elementor-widget-container\">\n\t\t\t\t\t\t\t\t\t<p>CO2 Aroma representa un <strong>soluci\u00f3n innovadora<\/strong> para <strong>aromas potenciadores<\/strong> de <strong>fermentaci\u00f3n<\/strong>que ofrece <strong>viticultores<\/strong> a <strong>tecnolog\u00eda avanzada<\/strong> para <strong>conservar<\/strong> y <strong>enriquecer<\/strong> el <strong>calidad<\/strong> su <strong>vinos<\/strong>.<\/p>\t\t\t\t\t\t\t\t<\/div>\n\t\t\t\t<\/div>\n\t\t\t\t\t<\/div>\n\t\t<\/div>\n\t\t\t\t\t<\/div>\n\t\t<\/section>\n\t\t\t\t<section class=\"elementor-section elementor-top-section elementor-element elementor-element-9ff8534 elementor-section-boxed elementor-section-height-default elementor-section-height-default\" data-id=\"9ff8534\" data-element_type=\"section\">\n\t\t\t\t\t\t<div class=\"elementor-container elementor-column-gap-default\">\n\t\t\t\t\t<div class=\"elementor-column elementor-col-100 elementor-top-column elementor-element elementor-element-35e3a44\" data-id=\"35e3a44\" data-element_type=\"column\">\n\t\t\t<div class=\"elementor-widget-wrap elementor-element-populated\">\n\t\t\t\t\t\t<div class=\"elementor-element elementor-element-6196aef elementor-align-center elementor-widget elementor-widget-button\" data-id=\"6196aef\" data-element_type=\"widget\" data-widget_type=\"button.default\">\n\t\t\t\t<div class=\"elementor-widget-container\">\n\t\t\t\t\t\t\t\t\t<div class=\"elementor-button-wrapper\">\n\t\t\t\t\t<a class=\"elementor-button elementor-button-link elementor-size-sm\" href=\"http:\/\/co2winery.com\/index.php\/solutions\/\">\n\t\t\t\t\t\t<span class=\"elementor-button-content-wrapper\">\n\t\t\t\t\t\t\t\t\t<span class=\"elementor-button-text\">Volver a nuestras soluciones<\/span>\n\t\t\t\t\t<\/span>\n\t\t\t\t\t<\/a>\n\t\t\t\t<\/div>\n\t\t\t\t\t\t\t\t<\/div>\n\t\t\t\t<\/div>\n\t\t\t\t<div class=\"elementor-element elementor-element-a87ee1b elementor-widget elementor-widget-spacer\" data-id=\"a87ee1b\" data-element_type=\"widget\" data-widget_type=\"spacer.default\">\n\t\t\t\t<div class=\"elementor-widget-container\">\n\t\t\t\t\t\t\t<div class=\"elementor-spacer\">\n\t\t\t<div class=\"elementor-spacer-inner\"><\/div>\n\t\t<\/div>\n\t\t\t\t\t\t<\/div>\n\t\t\t\t<\/div>\n\t\t\t\t\t<\/div>\n\t\t<\/div>\n\t\t\t\t\t<\/div>\n\t\t<\/section>\n\t\t\t\t<\/div>","protected":false},"excerpt":{"rendered":"<p>Nuestras soluciones de CO2 Aroma CO2 Winery transforma el CO2 fermentativo de las cubas en un valioso recurso para los viticultores. Gracias a nuestra CO2 Box, analizamos, purificamos y comprimimos este gas, que luego se almacena de forma segura en bastidores de almacenamiento, listo para su reutilizaci\u00f3n. Este enfoque forma parte de una econom\u00eda circular, lo que nos permite ... <a title=\"Aroma CO2\" class=\"read-more\" href=\"https:\/\/co2winery.com\/es\/co2-aroma\/\" aria-label=\"M\u00e1s en CO2 Aroma\">Leer m\u00e1s<\/a><\/p>","protected":false},"author":5,"featured_media":0,"parent":0,"menu_order":0,"comment_status":"closed","ping_status":"closed","template":"elementor_header_footer","meta":{"om_disable_all_campaigns":false,"_monsterinsights_skip_tracking":false,"_monsterinsights_sitenote_active":false,"_monsterinsights_sitenote_note":"","_monsterinsights_sitenote_category":0,"_uf_show_specific_survey":0,"_uf_disable_surveys":false,"footnotes":""},"class_list":["post-1401","page","type-page","status-publish"],"aioseo_notices":[],"_links":{"self":[{"href":"https:\/\/co2winery.com\/es\/wp-json\/wp\/v2\/pages\/1401","targetHints":{"allow":["GET"]}}],"collection":[{"href":"https:\/\/co2winery.com\/es\/wp-json\/wp\/v2\/pages"}],"about":[{"href":"https:\/\/co2winery.com\/es\/wp-json\/wp\/v2\/types\/page"}],"author":[{"embeddable":true,"href":"https:\/\/co2winery.com\/es\/wp-json\/wp\/v2\/users\/5"}],"replies":[{"embeddable":true,"href":"https:\/\/co2winery.com\/es\/wp-json\/wp\/v2\/comments?post=1401"}],"version-history":[{"count":28,"href":"https:\/\/co2winery.com\/es\/wp-json\/wp\/v2\/pages\/1401\/revisions"}],"predecessor-version":[{"id":3554,"href":"https:\/\/co2winery.com\/es\/wp-json\/wp\/v2\/pages\/1401\/revisions\/3554"}],"wp:attachment":[{"href":"https:\/\/co2winery.com\/es\/wp-json\/wp\/v2\/media?parent=1401"}],"curies":[{"name":"wp","href":"https:\/\/api.w.org\/{rel}","templated":true}]}}